{"id":7432,"date":"2019-11-21T08:43:00","date_gmt":"2019-11-21T08:43:00","guid":{"rendered":"https:\/\/www.langir.com\/?page_id=7432"},"modified":"2026-03-30T08:27:42","modified_gmt":"2026-03-30T08:27:42","slug":"electronic-design-solutions","status":"publish","type":"page","link":"https:\/\/www.langir.com\/pt\/electronic-design-solutions\/","title":{"rendered":"Solu\u00e7\u00f5es de design eletr\u00f4nico"},"content":{"rendered":"<div class=\"wpb-content-wrapper\"><div class=\"vc_row wpb_row vc_row-fluid\"><div class=\"wpb_column vc_column_container vc_col-sm-12\"><div class=\"vc_column-inner\"><div class=\"wpb_wrapper\">\n\t<div class=\"wpb_text_column wpb_content_element vc_custom_1555666188726\" >\n\t\t<div class=\"wpb_wrapper\">\n\t\t\t<div class=\"requisition\">\n<ul>\n<li><a title=\"Personaliza\u00e7\u00e3o para cota\u00e7\u00e3o\" href=\"https:\/\/www.langir.com\/pt\/customization-for-quotation\/\">Produtos personalizados<\/a><\/li>\n<li><a title=\"Solicita\u00e7\u00e3o de cota\u00e7\u00e3o\" href=\"https:\/\/www.langir.com\/pt\/request-quotation\/\">Solicitar cota\u00e7\u00e3o<\/a><\/li>\n<\/ul>\n<\/div>\n<div id=\"detail\" class=\"serie\">\n<ul class=\"files\">\n<li class=\"brochure\"><a href=\"#\">brochura<\/a><\/li>\n<\/ul>\n<ul class=\"certifications\">\n<li class=\"is_rohs\" title=\"RoHS\">rohs<\/li>\n<li class=\"is_ce\" title=\"CE\">ce<\/li>\n<\/ul>\n<\/div>\n\n\t\t<\/div>\n\t<\/div>\n<\/div><\/div><\/div><\/div><div class=\"vc_row wpb_row vc_row-fluid\"><div class=\"wpb_column vc_column_container vc_col-sm-6\"><div class=\"vc_column-inner\"><div class=\"wpb_wrapper\">\n\t<div class=\"wpb_text_column wpb_content_element vc_custom_1615533103621\" >\n\t\t<div class=\"wpb_wrapper\">\n\t\t\t<p><strong>Servi\u00e7os de projeto de PCB<\/strong><\/p>\n\n\t\t<\/div>\n\t<\/div>\n\n\t<div class=\"wpb_text_column wpb_content_element vc_custom_1555667332300\" >\n\t\t<div class=\"wpb_wrapper\">\n\t\t\t<p><img fetchpriority=\"high\" decoding=\"async\" class=\"size-full wp-image-6051 aligncenter\" title=\"Projeto de PCB\" src=\"https:\/\/www.langir.com\/wp-content\/uploads\/2019\/04\/pcb-design.jpg\" alt=\"Projeto de PCB\" width=\"800\" height=\"400\" \/><\/p>\n\n\t\t<\/div>\n\t<\/div>\n\n\t<div class=\"wpb_text_column wpb_content_element vc_custom_1615531757741\" >\n\t\t<div class=\"wpb_wrapper\">\n\t\t\t<ul style=\"color: #cccccc;\">\n<li>LAYOUT DA PLACA DE CIRCUITO IMPRESSO<\/li>\n<li>CRIA\u00c7\u00c3O DE S\u00cdMBOLOS<\/li>\n<li>CAPTURA ESQUEM\u00c1TICA<\/li>\n<li>ROTEIRO DE FERRAMENTAS<\/li>\n<li>DESIGNERS CERTIFICADOS PELO IPC<\/li>\n<\/ul>\n\n\t\t<\/div>\n\t<\/div>\n<\/div><\/div><\/div><div class=\"wpb_column vc_column_container vc_col-sm-6\"><div class=\"vc_column-inner\"><div class=\"wpb_wrapper\">\n\t<div class=\"wpb_text_column wpb_content_element vc_custom_1555900612979\" >\n\t\t<div class=\"wpb_wrapper\">\n\t\t\t<p><strong>Servi\u00e7os de fabrica\u00e7\u00e3o e laborat\u00f3rio<\/strong><\/p>\n\n\t\t<\/div>\n\t<\/div>\n\n\t<div class=\"wpb_text_column wpb_content_element vc_custom_1555667325004\" >\n\t\t<div class=\"wpb_wrapper\">\n\t\t\t<p><img decoding=\"async\" class=\"size-full wp-image-6052 aligncenter\" title=\"Servi\u00e7os de fabrica\u00e7\u00e3o e laborat\u00f3rio\" src=\"https:\/\/www.langir.com\/wp-content\/uploads\/2019\/04\/manufacturing-lab-services.jpg\" alt=\"Servi\u00e7os de fabrica\u00e7\u00e3o e laborat\u00f3rio\" \/><\/p>\n\n\t\t<\/div>\n\t<\/div>\n\n\t<div class=\"wpb_text_column wpb_content_element vc_custom_1555666298347\" >\n\t\t<div class=\"wpb_wrapper\">\n\t\t\t<ul style=\"color: #cccccc;\">\n<li>PROT\u00d3TIPOS DE GIRO R\u00c1PIDO<\/li>\n<li>GERENCIAMENTO DE INVENT\u00c1RIO<\/li>\n<li>RETRABALHO DE MONTAGEM INTERNA<\/li>\n<li>CONSTRU\u00c7\u00d5ES DE CAIXAS<\/li>\n<li>EMBALAGENS PERSONALIZADAS<\/li>\n<li>PROGRAMA\u00c7\u00c3O DE HARDWARE<\/li>\n<li>TESTES FUNCIONAIS<\/li>\n<\/ul>\n\n\t\t<\/div>\n\t<\/div>\n<\/div><\/div><\/div><\/div><div class=\"vc_row wpb_row vc_row-fluid\"><div class=\"wpb_column vc_column_container vc_col-sm-12\"><div class=\"vc_column-inner\"><div class=\"wpb_wrapper\">\n\t<div class=\"wpb_text_column wpb_content_element vc_custom_1561776662888\" >\n\t\t<div class=\"wpb_wrapper\">\n\t\t\t<p style=\"text-align: center;\"><strong>A Langir oferece a solu\u00e7\u00e3o completa para sua empresa<\/strong><\/p>\n\n\t\t<\/div>\n\t<\/div>\n\n\t<div class=\"wpb_text_column wpb_content_element vc_custom_1561776480521\" >\n\t\t<div class=\"wpb_wrapper\">\n\t\t\t<p><img decoding=\"async\" class=\"size-full wp-image-6936\" title=\"Solu\u00e7\u00e3o completa\" src=\"https:\/\/www.langir.com\/wp-content\/uploads\/2019\/06\/solution-complete-langir.png\" alt=\"Solu\u00e7\u00e3o completa\" width=\"1900\" height=\"760\" \/><\/p>\n\n\t\t<\/div>\n\t<\/div>\n<\/div><\/div><\/div><div class=\"wpb_column vc_column_container vc_col-sm-12\"><div class=\"vc_column-inner\"><div class=\"wpb_wrapper\">\n<div class=\"vc-zigzag-wrapper vc-zigzag-align-center\"><div class=\"vc-zigzag-inner\" style=\"width: 100%;min-height: 14px;background: 0 repeat-x url(&#039;data:image\/svg+xml;utf-8,%3C%3Fxml%20version%3D%221.0%22%20encoding%3D%22utf-8%22%3F%3E%3C%21DOCTYPE%20svg%20PUBLIC%20%22-%2F%2FW3C%2F%2FDTD%20SVG%201.1%2F%2FEN%22%20%22http%3A%2F%2Fwww.w3.org%2FGraphics%2FSVG%2F1.1%2FDTD%2Fsvg11.dtd%22%3E%3Csvg%20width%3D%2214px%22%20height%3D%2212px%22%20viewBox%3D%220%200%2018%2015%22%20version%3D%221.1%22%20xmlns%3D%22http%3A%2F%2Fwww.w3.org%2F2000%2Fsvg%22%20xmlns%3Axlink%3D%22http%3A%2F%2Fwww.w3.org%2F1999%2Fxlink%22%3E%3Cpolygon%20id%3D%22Combined-Shape%22%20fill%3D%22%23ebebeb%22%20points%3D%228.98762301%200%200%209.12771969%200%2014.519983%209%205.40479869%2018%2014.519983%2018%209.12771969%22%3E%3C%2Fpolygon%3E%3C%2Fsvg%3E&#039;);\"><\/div><\/div><\/div><\/div><\/div><\/div><div class=\"vc_row wpb_row vc_row-fluid\"><div class=\"wpb_column vc_column_container vc_col-sm-12\"><div class=\"vc_column-inner\"><div class=\"wpb_wrapper\">\n\t<div class=\"wpb_text_column wpb_content_element vc_custom_1555666391582\" >\n\t\t<div class=\"wpb_wrapper\">\n\t\t\t<p><strong>SERVI\u00c7OS DE DESIGN DE PLACAS DE CIRCUITO IMPRESSO<\/strong><\/p>\n\n\t\t<\/div>\n\t<\/div>\n\n\t<div class=\"wpb_text_column wpb_content_element vc_custom_1555666409277\" >\n\t\t<div class=\"wpb_wrapper\">\n\t\t\t<p>A Langir tem os recursos para dar suporte ao layout de v\u00e1rios projetos em paralelo para agilizar as placas cr\u00edticas.<br \/>\nPodemos funcionar como o departamento virtual de design de PCB da sua empresa ou como um complemento \u00e0 sua equipe existente durante os per\u00edodos de pico.<\/p>\n<p>Todos os projetistas da Langir t\u00eam uma ampla gama de conhecimentos, desde interconex\u00f5es simples at\u00e9 placas altamente complexas.<\/p>\n<p>Como uma das primeiras etapas do ciclo de desenvolvimento de produtos, oferecemos v\u00e1rios servi\u00e7os para levar seu projeto desde o in\u00edcio at\u00e9 os arquivos finais de fabrica\u00e7\u00e3o. Os servi\u00e7os incluem a captura de esquemas, a cria\u00e7\u00e3o de pegadas e o layout.<\/p>\n<p>Antes de levar os arquivos para a fabrica\u00e7\u00e3o, podemos fornecer uma revis\u00e3o b\u00e1sica do DFM para detectar problemas de compatibilidade antecipadamente e reduzir o risco de atraso no cronograma.<\/p>\n\n\t\t<\/div>\n\t<\/div>\n<\/div><\/div><\/div><div class=\"wpb_column vc_column_container vc_col-sm-6\"><div class=\"vc_column-inner\"><div class=\"wpb_wrapper\">\n\t<div class=\"wpb_text_column wpb_content_element vc_custom_1555666442525\" >\n\t\t<div class=\"wpb_wrapper\">\n\t\t\t<p><strong>Softwara<\/strong><\/p>\n\n\t\t<\/div>\n\t<\/div>\n\n\t<div class=\"wpb_text_column wpb_content_element vc_custom_1555666456356\" >\n\t\t<div class=\"wpb_wrapper\">\n\t\t\t<ul style=\"color: #cccccc;\">\n<li>DESIGNER ALTIUM<\/li>\n<li>CAD\u00caNCIA ALLEGRO<\/li>\n<li>AUTODESK EAGLE<\/li>\n<li>EXPEDI\u00c7\u00c3O DE MENTORES<\/li>\n<li>PADS DE MENTOR<\/li>\n<\/ul>\n\n\t\t<\/div>\n\t<\/div>\n<\/div><\/div><\/div><div class=\"wpb_column vc_column_container vc_col-sm-6\"><div class=\"vc_column-inner\"><div class=\"wpb_wrapper\">\n\t<div class=\"wpb_text_column wpb_content_element vc_custom_1555666482916\" >\n\t\t<div class=\"wpb_wrapper\">\n\t\t\t\n\t\t<\/div>\n\t<\/div>\n\n\t<div class=\"wpb_text_column wpb_content_element vc_custom_1555666471340\" >\n\t\t<div class=\"wpb_wrapper\">\n\t\t\t<ul style=\"color: #cccccc;\">\n<li>RF<\/li>\n<li>ANAL\u00d3GICO<\/li>\n<li>DIGITAL DE ALTA VELOCIDADE<\/li>\n<li>V\u00cdDEO<\/li>\n<li>\u00c1UDIO<\/li>\n<li>FONTES DE ALIMENTA\u00c7\u00c3O<\/li>\n<li>ROTEIRO DE FERRAMENTAS<\/li>\n<li>REVIS\u00c3O DFM<\/li>\n<\/ul>\n\n\t\t<\/div>\n\t<\/div>\n<\/div><\/div><\/div><div class=\"wpb_column vc_column_container vc_col-sm-12\"><div class=\"vc_column-inner\"><div class=\"wpb_wrapper\">\n\t<div class=\"wpb_text_column wpb_content_element vc_custom_1555666520230\" >\n\t\t<div class=\"wpb_wrapper\">\n\t\t\t<p><strong>SERVI\u00c7OS DE FABRICA\u00c7\u00c3O E LABORAT\u00d3RIO<\/strong><\/p>\n\n\t\t<\/div>\n\t<\/div>\n\n\t<div class=\"wpb_text_column wpb_content_element vc_custom_1555666536892\" >\n\t\t<div class=\"wpb_wrapper\">\n\t\t\t<p>A Langir fornece placas r\u00edgidas, flex\u00edveis r\u00edgidas e flex\u00edveis de giro r\u00e1pido usando dados de fabrica\u00e7\u00e3o criados por nossa equipe de projeto interna ou diretamente do cliente.<\/p>\n<p>Desenvolvemos relacionamentos duradouros com fabricantes e montadores e continuamos a construir parcerias com novos fornecedores. Isso nos permite oferecer constru\u00e7\u00f5es de qualidade a pre\u00e7os competitivos.<\/p>\n<p>Nossa equipe de projetistas e gerentes de programa trabalha em colabora\u00e7\u00e3o para garantir que os projetos possam ser constru\u00eddos antes da conclus\u00e3o do layout.<\/p>\n<p>As cota\u00e7\u00f5es preliminares e a aquisi\u00e7\u00e3o avan\u00e7ada de componentes de longa dura\u00e7\u00e3o mant\u00eam os cronogramas dos clientes em movimento cont\u00ednuo do projeto \u00e0 fabrica\u00e7\u00e3o.<\/p>\n\n\t\t<\/div>\n\t<\/div>\n<\/div><\/div><\/div><div class=\"wpb_column vc_column_container vc_col-sm-6\"><div class=\"vc_column-inner\"><div class=\"wpb_wrapper\">\n\t<div class=\"wpb_text_column wpb_content_element vc_custom_1555666577732\" >\n\t\t<div class=\"wpb_wrapper\">\n\t\t\t<ul style=\"color: #cccccc;\">\n<li>PRODUTOS BOX BUILDS\/BETA<\/li>\n<li>MODIFICA\u00c7\u00c3O DO GABINETE E DO CHASSI<\/li>\n<li>EMBALAGENS PERSONALIZADAS<\/li>\n<li>NACIONAL\/INTERNACIONAL<\/li>\n<li>TRANSPORTE<\/li>\n<li>EQUIPAMENTOS DE LABORAT\u00d3RIO PERSONALIZADOS<\/li>\n<\/ul>\n\n\t\t<\/div>\n\t<\/div>\n<\/div><\/div><\/div><div class=\"wpb_column vc_column_container vc_col-sm-6\"><div class=\"vc_column-inner\"><div class=\"wpb_wrapper\">\n\t<div class=\"wpb_text_column wpb_content_element vc_custom_1555666588963\" >\n\t\t<div class=\"wpb_wrapper\">\n\t\t\t<ul style=\"color: #cccccc;\">\n<li>SUPORTE A PROT\u00d3TIPOS<\/li>\n<li>FABRICA\u00c7\u00c3O DE FPC E PCB<\/li>\n<li>AQUISI\u00c7\u00c3O DE COMPONENTES<\/li>\n<li>FABRICA\u00c7\u00c3O MEC\u00c2NICA<\/li>\n<li>CURVAS R\u00c1PIDAS<\/li>\n<li>COTA\u00c7\u00d5ES PRELIMINARES<\/li>\n<li>SOLICITA\u00c7\u00d5ES DE EMPILHAMENTO<\/li>\n<\/ul>\n\n\t\t<\/div>\n\t<\/div>\n<\/div><\/div><\/div><div class=\"wpb_column vc_column_container vc_col-sm-12\"><div class=\"vc_column-inner\"><div class=\"wpb_wrapper\">\n<div class=\"vc-zigzag-wrapper vc-zigzag-align-center\"><div class=\"vc-zigzag-inner\" style=\"width: 100%;min-height: 14px;background: 0 repeat-x url(&#039;data:image\/svg+xml;utf-8,%3C%3Fxml%20version%3D%221.0%22%20encoding%3D%22utf-8%22%3F%3E%3C%21DOCTYPE%20svg%20PUBLIC%20%22-%2F%2FW3C%2F%2FDTD%20SVG%201.1%2F%2FEN%22%20%22http%3A%2F%2Fwww.w3.org%2FGraphics%2FSVG%2F1.1%2FDTD%2Fsvg11.dtd%22%3E%3Csvg%20width%3D%2214px%22%20height%3D%2212px%22%20viewBox%3D%220%200%2018%2015%22%20version%3D%221.1%22%20xmlns%3D%22http%3A%2F%2Fwww.w3.org%2F2000%2Fsvg%22%20xmlns%3Axlink%3D%22http%3A%2F%2Fwww.w3.org%2F1999%2Fxlink%22%3E%3Cpolygon%20id%3D%22Combined-Shape%22%20fill%3D%22%23ebebeb%22%20points%3D%228.98762301%200%200%209.12771969%200%2014.519983%209%205.40479869%2018%2014.519983%2018%209.12771969%22%3E%3C%2Fpolygon%3E%3C%2Fsvg%3E&#039;);\"><\/div><\/div><\/div><\/div><\/div><div class=\"wpb_column vc_column_container vc_col-sm-6\"><div class=\"vc_column-inner\"><div class=\"wpb_wrapper\">\n\t<div class=\"wpb_text_column wpb_content_element vc_custom_1555666726908\" >\n\t\t<div class=\"wpb_wrapper\">\n\t\t\t<p><img decoding=\"async\" class=\"size-full wp-image-6067\" src=\"https:\/\/www.langir.com\/wp-content\/uploads\/2019\/03\/electronic-design-solutions-5.jpg\" alt=\"Solu\u00e7\u00f5es de design eletr\u00f4nico\" width=\"800\" height=\"400\" \/><\/p>\n\n\t\t<\/div>\n\t<\/div>\n<\/div><\/div><\/div><div class=\"wpb_column vc_column_container vc_col-sm-6\"><div class=\"vc_column-inner\"><div class=\"wpb_wrapper\">\n\t<div class=\"wpb_text_column wpb_content_element vc_custom_1555666744247\" >\n\t\t<div class=\"wpb_wrapper\">\n\t\t\t<p><img loading=\"lazy\" decoding=\"async\" class=\"size-full wp-image-6070\" src=\"https:\/\/www.langir.com\/wp-content\/uploads\/2019\/03\/electronic-design-solutions-2.jpg\" alt=\"Solu\u00e7\u00f5es de design eletr\u00f4nico\" width=\"800\" height=\"400\" \/><\/p>\n\n\t\t<\/div>\n\t<\/div>\n<\/div><\/div><\/div><div class=\"wpb_column vc_column_container vc_col-sm-6\"><div class=\"vc_column-inner\"><div class=\"wpb_wrapper\">\n\t<div class=\"wpb_text_column wpb_content_element vc_custom_1555666758605\" >\n\t\t<div class=\"wpb_wrapper\">\n\t\t\t<p><img loading=\"lazy\" decoding=\"async\" class=\"size-full wp-image-6071\" src=\"https:\/\/www.langir.com\/wp-content\/uploads\/2019\/03\/electronic-design-solutions-3.jpg\" alt=\"Solu\u00e7\u00f5es de design eletr\u00f4nico\" width=\"800\" height=\"400\" \/><\/p>\n\n\t\t<\/div>\n\t<\/div>\n<\/div><\/div><\/div><div class=\"wpb_column vc_column_container vc_col-sm-6\"><div class=\"vc_column-inner\"><div class=\"wpb_wrapper\">\n\t<div class=\"wpb_text_column wpb_content_element vc_custom_1555666773142\" >\n\t\t<div class=\"wpb_wrapper\">\n\t\t\t<p><img loading=\"lazy\" decoding=\"async\" class=\"size-full wp-image-6141\" title=\"Solu\u00e7\u00f5es de design eletr\u00f4nico\" src=\"https:\/\/www.langir.com\/wp-content\/uploads\/2019\/04\/electronic-design-solutions-6.jpg\" alt=\"Solu\u00e7\u00f5es de design eletr\u00f4nico\" width=\"800\" height=\"400\" \/><\/p>\n\n\t\t<\/div>\n\t<\/div>\n<\/div><\/div><\/div><div class=\"wpb_column vc_column_container vc_col-sm-6\"><div class=\"vc_column-inner\"><div class=\"wpb_wrapper\">\n\t<div class=\"wpb_text_column wpb_content_element vc_custom_1555666791076\" >\n\t\t<div class=\"wpb_wrapper\">\n\t\t\t<p><img loading=\"lazy\" decoding=\"async\" class=\"size-full wp-image-6069\" src=\"https:\/\/www.langir.com\/wp-content\/uploads\/2019\/03\/electronic-design-solutions-1.jpg\" alt=\"Solu\u00e7\u00f5es de design eletr\u00f4nico\" width=\"800\" height=\"400\" \/><\/p>\n\n\t\t<\/div>\n\t<\/div>\n<\/div><\/div><\/div><div class=\"wpb_column vc_column_container vc_col-sm-6\"><div class=\"vc_column-inner\"><div class=\"wpb_wrapper\">\n\t<div class=\"wpb_text_column wpb_content_element vc_custom_1555666807725\" >\n\t\t<div class=\"wpb_wrapper\">\n\t\t\t<p><img loading=\"lazy\" decoding=\"async\" class=\"size-full wp-image-6142\" title=\"Solu\u00e7\u00f5es de design eletr\u00f4nico\" src=\"https:\/\/www.langir.com\/wp-content\/uploads\/2019\/04\/electronic-design-solutions-4.jpg\" alt=\"Solu\u00e7\u00f5es de design eletr\u00f4nico\" width=\"800\" height=\"400\" \/><\/p>\n\n\t\t<\/div>\n\t<\/div>\n<\/div><\/div><\/div><div class=\"wpb_column vc_column_container vc_col-sm-12\"><div class=\"vc_column-inner\"><div class=\"wpb_wrapper\">\n<div class=\"vc-zigzag-wrapper vc-zigzag-align-center\"><div class=\"vc-zigzag-inner\" style=\"width: 100%;min-height: 14px;background: 0 repeat-x url(&#039;data:image\/svg+xml;utf-8,%3C%3Fxml%20version%3D%221.0%22%20encoding%3D%22utf-8%22%3F%3E%3C%21DOCTYPE%20svg%20PUBLIC%20%22-%2F%2FW3C%2F%2FDTD%20SVG%201.1%2F%2FEN%22%20%22http%3A%2F%2Fwww.w3.org%2FGraphics%2FSVG%2F1.1%2FDTD%2Fsvg11.dtd%22%3E%3Csvg%20width%3D%2214px%22%20height%3D%2212px%22%20viewBox%3D%220%200%2018%2015%22%20version%3D%221.1%22%20xmlns%3D%22http%3A%2F%2Fwww.w3.org%2F2000%2Fsvg%22%20xmlns%3Axlink%3D%22http%3A%2F%2Fwww.w3.org%2F1999%2Fxlink%22%3E%3Cpolygon%20id%3D%22Combined-Shape%22%20fill%3D%22%23ebebeb%22%20points%3D%228.98762301%200%200%209.12771969%200%2014.519983%209%205.40479869%2018%2014.519983%2018%209.12771969%22%3E%3C%2Fpolygon%3E%3C%2Fsvg%3E&#039;);\"><\/div><\/div>\n\t<div class=\"wpb_text_column wpb_content_element\" >\n\t\t<div class=\"wpb_wrapper\">\n\t\t\t<p><iframe style=\"width: 100%; border: none;\" title=\"Formul\u00e1rio Wufoo incorporado\" src=\"https:\/\/langir.wufoo.com\/embed\/zcdgace1ql3iv4\/\" height=\"766\" frameborder=\"0\" scrolling=\"no\" sandbox=\"allow-popups-to-escape-sandbox allow-top-navigation allow-scripts allow-popups allow-forms allow-same-origin\"> <a href=\"https:\/\/langir.wufoo.com\/forms\/zcdgace1ql3iv4\/\" target=\"_blank\" rel=\"noopener\">Preencha meu formul\u00e1rio Wufoo!<\/a> <\/iframe><\/p>\n\n\t\t<\/div>\n\t<\/div>\n<\/div><\/div><\/div><\/div>\n<\/div>","protected":false},"excerpt":{"rendered":"Customized Products Request Quotation brochure rohs ce PCB Design Services PCB LAYOUT SYMBOL CREATION SCHEMATIC CAPTURE TOOL SCRIPTING IPC CERTIFIED DESIGNERS Manufacturing &amp; Lab Services QUICK TURN PROTOTYPES INVENTORY MANAGEMENT IN HOUSE ASSEMBLY REWORK BOX BUILDS CUSTOM PACKAGING HARDWARE PROGRAMMING FUNCTIONAL TESTING Langir offers the complete solution for your company PCB DESIGN SERVICES Langir has [...]","protected":false},"author":1,"featured_media":7430,"parent":0,"menu_order":36,"comment_status":"closed","ping_status":"closed","template":"page-default.php","meta":{"_acf_changed":false,"_metasync_otto_title":"","_metasync_otto_description":"","_metasync_otto_keywords":"","_metasync_otto_og_title":"","_metasync_otto_og_description":"","_metasync_otto_twitter_title":"","_metasync_otto_twitter_description":"","rank_math_title":"","rank_math_description":"All Langir designers have a broad range of expertise, from simple interconnect to highly complex boards.","_yoast_wpseo_title":"","_yoast_wpseo_metadesc":"","_aioseo_title":"","_aioseo_description":"","_metasync_seo_title":"","_metasync_seo_desc":"","_metasync_breadcrumb_title":"","_metasync_primary_category":0,"_metasync_primary_product_cat":0,"_metasync_otto_disabled":"","_metasync_hreflang":"","footnotes":""},"class_list":["post-7432","page","type-page","status-publish","has-post-thumbnail","hentry","entry"],"acf":[],"post_mailing_queue_ids":[],"_links":{"self":[{"href":"https:\/\/www.langir.com\/pt\/wp-json\/wp\/v2\/pages\/7432","targetHints":{"allow":["GET"]}}],"collection":[{"href":"https:\/\/www.langir.com\/pt\/wp-json\/wp\/v2\/pages"}],"about":[{"href":"https:\/\/www.langir.com\/pt\/wp-json\/wp\/v2\/types\/page"}],"author":[{"embeddable":true,"href":"https:\/\/www.langir.com\/pt\/wp-json\/wp\/v2\/users\/1"}],"replies":[{"embeddable":true,"href":"https:\/\/www.langir.com\/pt\/wp-json\/wp\/v2\/comments?post=7432"}],"version-history":[{"count":1,"href":"https:\/\/www.langir.com\/pt\/wp-json\/wp\/v2\/pages\/7432\/revisions"}],"predecessor-version":[{"id":16174,"href":"https:\/\/www.langir.com\/pt\/wp-json\/wp\/v2\/pages\/7432\/revisions\/16174"}],"wp:featuredmedia":[{"embeddable":true,"href":"https:\/\/www.langir.com\/pt\/wp-json\/wp\/v2\/media\/7430"}],"wp:attachment":[{"href":"https:\/\/www.langir.com\/pt\/wp-json\/wp\/v2\/media?parent=7432"}],"curies":[{"name":"wp","href":"https:\/\/api.w.org\/{rel}","templated":true}]}}