{"id":7441,"date":"2019-11-21T08:48:21","date_gmt":"2019-11-21T08:48:21","guid":{"rendered":"https:\/\/www.langir.com\/?page_id=7441"},"modified":"2026-03-30T08:27:20","modified_gmt":"2026-03-30T08:27:20","slug":"frequently-asked-questions","status":"publish","type":"page","link":"https:\/\/www.langir.com\/pt\/frequently-asked-questions\/","title":{"rendered":"Perguntas frequentes"},"content":{"rendered":"<div class=\"wpb-content-wrapper\"><div class=\"vc_row wpb_row vc_row-fluid\"><div class=\"wpb_column vc_column_container vc_col-sm-12\"><div class=\"vc_column-inner\"><div class=\"wpb_wrapper\">\n\t<div class=\"wpb_text_column wpb_content_element\" >\n\t\t<div class=\"wpb_wrapper\">\n\t\t\t<p>Abaixo est\u00e3o algumas de nossas perguntas mais frequentes. Se voc\u00ea tiver uma pergunta que n\u00e3o esteja aqui, <a href=\"https:\/\/www.langir.com\/pt\/contact\/\">entre em contato conosco.<\/a><\/p>\n\n\t\t<\/div>\n\t<\/div>\n\n<div class=\"vc-zigzag-wrapper vc-zigzag-align-center\"><div class=\"vc-zigzag-inner\" style=\"width: 100%;min-height: 14px;background: 0 repeat-x url(&#039;data:image\/svg+xml;utf-8,%3C%3Fxml%20version%3D%221.0%22%20encoding%3D%22utf-8%22%3F%3E%3C%21DOCTYPE%20svg%20PUBLIC%20%22-%2F%2FW3C%2F%2FDTD%20SVG%201.1%2F%2FEN%22%20%22http%3A%2F%2Fwww.w3.org%2FGraphics%2FSVG%2F1.1%2FDTD%2Fsvg11.dtd%22%3E%3Csvg%20width%3D%2214px%22%20height%3D%2212px%22%20viewBox%3D%220%200%2018%2015%22%20version%3D%221.1%22%20xmlns%3D%22http%3A%2F%2Fwww.w3.org%2F2000%2Fsvg%22%20xmlns%3Axlink%3D%22http%3A%2F%2Fwww.w3.org%2F1999%2Fxlink%22%3E%3Cpolygon%20id%3D%22Combined-Shape%22%20fill%3D%22%23ebebeb%22%20points%3D%228.98762301%200%200%209.12771969%200%2014.519983%209%205.40479869%2018%2014.519983%2018%209.12771969%22%3E%3C%2Fpolygon%3E%3C%2Fsvg%3E&#039;);\"><\/div><\/div>\n\t<div class=\"wpb_text_column wpb_content_element\" >\n\t\t<div class=\"wpb_wrapper\">\n\t\t\t<p><strong style=\"color: #000;\">Como posso fazer uma pesquisa avan\u00e7ada neste site?<\/strong><\/p>\n\n\t\t<\/div>\n\t<\/div>\n\n\t<div class=\"wpb_text_column wpb_content_element\" >\n\t\t<div class=\"wpb_wrapper\">\n\t\t\t<p>Preencha o tamanho desejado na caixa de pesquisa.<\/p>\n\n\t\t<\/div>\n\t<\/div>\n\n\t<div class=\"wpb_text_column wpb_content_element\" >\n\t\t<div class=\"wpb_wrapper\">\n\t\t\t<p><strong style=\"color: #000;\">Como posso saber se um interruptor \u00e9 lav\u00e1vel ou selado?<\/strong><\/p>\n\n\t\t<\/div>\n\t<\/div>\n\n\t<div class=\"wpb_text_column wpb_content_element\" >\n\t\t<div class=\"wpb_wrapper\">\n\t\t\t<p>Na p\u00e1gina de detalhes do produto de cada s\u00e9rie, voc\u00ea encontrar\u00e1 informa\u00e7\u00f5es sobre o switch. Se ele for lav\u00e1vel ou vedado para uma determinada classifica\u00e7\u00e3o de IP, isso ser\u00e1 listado na p\u00e1gina de detalhes do produto. Para acessar a p\u00e1gina de detalhes do produto, v\u00e1 para <a href=\"https:\/\/www.langir.com\/pt\/catalogues\/\" rel=\"noopener\">Cat\u00e1logo de produtos<\/a> e pesquisar por tipo ou por recurso.<br \/>\n\u00c9 uma suposi\u00e7\u00e3o segura observar que todos os switches Langir est\u00e3o em conformidade com <a href=\"https:\/\/www.langir.com\/pt\/protection-ratings\/\">EN 60529<\/a>.<\/p>\n\n\t\t<\/div>\n\t<\/div>\n\n\t<div class=\"wpb_text_column wpb_content_element\" >\n\t\t<div class=\"wpb_wrapper\">\n\t\t\t<p><strong style=\"color: #000;\">Como posso saber se um n\u00famero de pe\u00e7a tem certifica\u00e7\u00e3o RoHS?<\/strong><\/p>\n\n\t\t<\/div>\n\t<\/div>\n\n\t<div class=\"wpb_text_column wpb_content_element\" >\n\t\t<div class=\"wpb_wrapper\">\n\t\t\t<p>\u00c9 uma suposi\u00e7\u00e3o segura observar que todos os nossos switches est\u00e3o em conformidade com os padr\u00f5es RoHS. Voc\u00ea pode encontrar nossa biblioteca completa de certifica\u00e7\u00f5es RoHS por n\u00famero de pe\u00e7a, <a href=\"https:\/\/www.langir.com\/pt\/certifications\/\" rel=\"noopener\">Certifica\u00e7\u00f5es<\/a>.<\/p>\n\n\t\t<\/div>\n\t<\/div>\n\n\t<div class=\"wpb_text_column wpb_content_element\" >\n\t\t<div class=\"wpb_wrapper\">\n\t\t\t<p><strong style=\"color: #000;\">Qual \u00e9 o perfil de solda recomendado?<\/strong><\/p>\n\n\t\t<\/div>\n\t<\/div>\n\n\t<div class=\"wpb_text_column wpb_content_element\" >\n\t\t<div class=\"wpb_wrapper\">\n\t\t\t<p>Temos recomenda\u00e7\u00f5es de perfis de solda para processos de solda manual, refluxo SMT e solda por onda. Voc\u00ea pode encontrar nossas recomenda\u00e7\u00f5es <a href=\"https:\/\/www.langir.com\/pt\/soldering-profiles\/\">Perfis de solda<\/a>.<\/p>\n\n\t\t<\/div>\n\t<\/div>\n\n\t<div class=\"wpb_text_column wpb_content_element\" >\n\t\t<div class=\"wpb_wrapper\">\n\t\t\t<p><strong style=\"color: #000;\">Qual \u00e9 o tamanho de Langir?<\/strong><\/p>\n\n\t\t<\/div>\n\t<\/div>\n\n\t<div class=\"wpb_text_column wpb_content_element\" >\n\t\t<div class=\"wpb_wrapper\">\n\t\t\t<p>Os produtos 80% s\u00e3o vendidos para mais de 50 pa\u00edses e regi\u00f5es, como Estados Unidos, Jap\u00e3o, Coreia do Sul, Canad\u00e1, Europa, Am\u00e9rica do Sul, Austr\u00e1lia, Sudeste Asi\u00e1tico, \u00c1frica e assim por diante, e s\u00e3o muito populares em v\u00e1rios pa\u00edses e regi\u00f5es.<\/p>\n\n\t\t<\/div>\n\t<\/div>\n\n\t<div class=\"wpb_text_column wpb_content_element\" >\n\t\t<div class=\"wpb_wrapper\">\n\t\t\t<p><strong style=\"color: #000;\">Qual \u00e9 o principal valor de Langir?<\/strong><\/p>\n\n\t\t<\/div>\n\t<\/div>\n\n\t<div class=\"wpb_text_column wpb_content_element\" >\n\t\t<div class=\"wpb_wrapper\">\n\t\t\t<p>O valor central da marca \u00e9 a cultura de Langir, principalmente <a title=\"Interruptor antivandalismo, interruptor piezoel\u00e9trico, interruptor capacitivo e interruptor com sensor de dist\u00e2ncia\" href=\"\/pt\/category\/panel-switches\/\">Interruptor do painel<\/a>, <a title=\"Teclados piezoel\u00e9tricos e teclados de toque\" href=\"\/pt\/category\/control-panels\/\">Pain\u00e9is de controle<\/a>\u00a0e <a title=\"Prote\u00e7\u00e3o do circuito\" href=\"\/pt\/category\/circuit-protection\/\">Prote\u00e7\u00e3o do circuito<\/a> etc., e constantemente divulgam a qualidade dos produtos para cada pessoa, para cada cora\u00e7\u00e3o de cliente. \"Create Intelligent Time\" constitui uma marca Langir completa.<\/p>\n\n\t\t<\/div>\n\t<\/div>\n\n\t<div class=\"wpb_text_column wpb_content_element\" >\n\t\t<div class=\"wpb_wrapper\">\n\t\t\t<p class=\"accordion-head title-color gdl-title\"><strong style=\"color: #000;\">Quais s\u00e3o os principais produtos da Langir?<\/strong><\/p>\n\n\t\t<\/div>\n\t<\/div>\n\n\t<div class=\"wpb_text_column wpb_content_element\" >\n\t\t<div class=\"wpb_wrapper\">\n\t\t\t<p>A Langir \u00e9 especializada em fabrica\u00e7\u00e3o, marketing e P&amp;D de <a title=\"Interruptor antivandalismo, interruptor piezoel\u00e9trico, interruptor capacitivo e interruptor com sensor de dist\u00e2ncia\" href=\"\/pt\/category\/panel-switches\/\">Interruptor do painel<\/a>, <a title=\"Teclados piezoel\u00e9tricos e teclados de toque\" href=\"\/pt\/category\/control-panels\/\">Pain\u00e9is de controle<\/a>\u00a0e <a title=\"Prote\u00e7\u00e3o do circuito\" href=\"\/pt\/category\/circuit-protection\/\">Prote\u00e7\u00e3o do circuito<\/a> e assim por diante.<\/p>\n\n\t\t<\/div>\n\t<\/div>\n\n\t<div class=\"wpb_text_column wpb_content_element\" >\n\t\t<div class=\"wpb_wrapper\">\n\t\t\t<p><strong style=\"color: #000;\">Como seus produtos podem ser usados ou aplicados?<\/strong><\/p>\n\n\t\t<\/div>\n\t<\/div>\n\n\t<div class=\"wpb_text_column wpb_content_element\" >\n\t\t<div class=\"wpb_wrapper\">\n\t\t\t<p>O produto \u00e9 amplamente utilizado em eletr\u00f4nica e el\u00e9trica, comunica\u00e7\u00e3o de informa\u00e7\u00f5es, eletr\u00f4nica automotiva, produ\u00e7\u00e3o de seguran\u00e7a, espa\u00e7o e avia\u00e7\u00e3o, ind\u00fastria petroqu\u00edmica e ind\u00fastria de constru\u00e7\u00e3o. etc.<\/p>\n\n\t\t<\/div>\n\t<\/div>\n\n\t<div class=\"wpb_text_column wpb_content_element\" >\n\t\t<div class=\"wpb_wrapper\">\n\t\t\t<p class=\"accordion-head title-color gdl-title\"><strong style=\"color: #000;\">Quais s\u00e3o os prazos de entrega?<\/strong><\/p>\n\n\t\t<\/div>\n\t<\/div>\n\n\t<div class=\"wpb_text_column wpb_content_element\" >\n\t\t<div class=\"wpb_wrapper\">\n\t\t\t<p>Isso depende dos produtos. Normalmente, os produtos padr\u00e3o s\u00e3o entregues em um prazo de 5 a 25 dias. O prazo de entrega dos produtos especiais \u00e9 de acordo com o tempo de conclus\u00e3o dos produtos.<\/p>\n\n\t\t<\/div>\n\t<\/div>\n\n\t<div class=\"wpb_text_column wpb_content_element\" >\n\t\t<div class=\"wpb_wrapper\">\n\t\t\t<p><strong style=\"color: #000;\">Langir tem alguma vantagem em exportar produtos?<\/strong><\/p>\n\n\t\t<\/div>\n\t<\/div>\n\n\t<div class=\"wpb_text_column wpb_content_element\" >\n\t\t<div class=\"wpb_wrapper\">\n\t\t\t<p>A Langir estabeleceu um conjunto completo de sistemas de gerenciamento e foi aprovada no Sistema Internacional de Gerenciamento de Qualidade ISO9001:2008, al\u00e9m de ter recebido o relat\u00f3rio de inspe\u00e7\u00e3o de f\u00e1brica da SGS de muitas das 500 maiores empresas.<\/p>\n\n\t\t<\/div>\n\t<\/div>\n\n\t<div class=\"wpb_text_column wpb_content_element\" >\n\t\t<div class=\"wpb_wrapper\">\n\t\t\t<p><strong style=\"color: #000;\">Quais s\u00e3o seus m\u00e9todos normais de pagamento?<\/strong><\/p>\n\n\t\t<\/div>\n\t<\/div>\n\n\t<div class=\"wpb_text_column wpb_content_element\" >\n\t\t<div class=\"wpb_wrapper\">\n\t\t\t<p>T\/T, L\/C, PayPal, Western Union, MoneyGram, Escrow e Alipay<\/p>\n\n\t\t<\/div>\n\t<\/div>\n\n\t<div class=\"wpb_text_column wpb_content_element\" >\n\t\t<div class=\"wpb_wrapper\">\n\t\t\t<p><strong style=\"color: #000;\">Os produtos s\u00e3o cobertos por uma garantia?<\/strong><\/p>\n\n\t\t<\/div>\n\t<\/div>\n\n\t<div class=\"wpb_text_column wpb_content_element\" >\n\t\t<div class=\"wpb_wrapper\">\n\t\t\t<p>Todos os nossos produtos t\u00eam garantia total de 1 ano para pe\u00e7as principais, sem pe\u00e7as de desgaste r\u00e1pido.<\/p>\n\n\t\t<\/div>\n\t<\/div>\n\n\t<div class=\"wpb_text_column wpb_content_element\" >\n\t\t<div class=\"wpb_wrapper\">\n\t\t\t<p><strong style=\"color: #000;\">No caso de um problema, como consertar os produtos para n\u00f3s?<\/strong><\/p>\n\n\t\t<\/div>\n\t<\/div>\n\n\t<div class=\"wpb_text_column wpb_content_element\" >\n\t\t<div class=\"wpb_wrapper\">\n\t\t\t<p>A ajuda pode ser fornecida por telefone, enviando as pe\u00e7as de reparo para voc\u00ea, ou solicitaremos que voc\u00ea envie os produtos de volta para n\u00f3s para reparo.<\/p>\n\n\t\t<\/div>\n\t<\/div>\n\n<div class=\"vc-zigzag-wrapper vc-zigzag-align-center\"><div class=\"vc-zigzag-inner\" style=\"width: 100%;min-height: 14px;background: 0 repeat-x url(&#039;data:image\/svg+xml;utf-8,%3C%3Fxml%20version%3D%221.0%22%20encoding%3D%22utf-8%22%3F%3E%3C%21DOCTYPE%20svg%20PUBLIC%20%22-%2F%2FW3C%2F%2FDTD%20SVG%201.1%2F%2FEN%22%20%22http%3A%2F%2Fwww.w3.org%2FGraphics%2FSVG%2F1.1%2FDTD%2Fsvg11.dtd%22%3E%3Csvg%20width%3D%2214px%22%20height%3D%2212px%22%20viewBox%3D%220%200%2018%2015%22%20version%3D%221.1%22%20xmlns%3D%22http%3A%2F%2Fwww.w3.org%2F2000%2Fsvg%22%20xmlns%3Axlink%3D%22http%3A%2F%2Fwww.w3.org%2F1999%2Fxlink%22%3E%3Cpolygon%20id%3D%22Combined-Shape%22%20fill%3D%22%23ebebeb%22%20points%3D%228.98762301%200%200%209.12771969%200%2014.519983%209%205.40479869%2018%2014.519983%2018%209.12771969%22%3E%3C%2Fpolygon%3E%3C%2Fsvg%3E&#039;);\"><\/div><\/div>\n\t<div class=\"wpb_text_column wpb_content_element vc_custom_1774859208569\" >\n\t\t<div class=\"wpb_wrapper\">\n\t\t\t<p><iframe style=\"width: 100%; border: none;\" title=\"Formul\u00e1rio Wufoo incorporado\" src=\"https:\/\/langir.wufoo.com\/embed\/zcdgace1ql3iv4\/\" height=\"766\" frameborder=\"0\" scrolling=\"no\" sandbox=\"allow-popups-to-escape-sandbox allow-top-navigation allow-scripts allow-popups allow-forms allow-same-origin\"> <a href=\"https:\/\/langir.wufoo.com\/forms\/zcdgace1ql3iv4\/\" target=\"_blank\" rel=\"noopener\">Preencha meu formul\u00e1rio Wufoo!<\/a> <\/iframe><\/p>\n\n\t\t<\/div>\n\t<\/div>\n<\/div><\/div><\/div><\/div>\n<\/div>","protected":false},"excerpt":{"rendered":"Below are some of our most frequently asked questions. If you have a question that is not on here, please contact us. How can I perform an advanced search on this site? Fill in you want the szie in search box. How do I know if a switch is washable or sealed? On the product [...]","protected":false},"author":1,"featured_media":7442,"parent":0,"menu_order":34,"comment_status":"closed","ping_status":"closed","template":"page-default.php","meta":{"_acf_changed":false,"footnotes":""},"class_list":["post-7441","page","type-page","status-publish","has-post-thumbnail","hentry","entry"],"acf":[],"post_mailing_queue_ids":[],"_links":{"self":[{"href":"https:\/\/www.langir.com\/pt\/wp-json\/wp\/v2\/pages\/7441","targetHints":{"allow":["GET"]}}],"collection":[{"href":"https:\/\/www.langir.com\/pt\/wp-json\/wp\/v2\/pages"}],"about":[{"href":"https:\/\/www.langir.com\/pt\/wp-json\/wp\/v2\/types\/page"}],"author":[{"embeddable":true,"href":"https:\/\/www.langir.com\/pt\/wp-json\/wp\/v2\/users\/1"}],"replies":[{"embeddable":true,"href":"https:\/\/www.langir.com\/pt\/wp-json\/wp\/v2\/comments?post=7441"}],"version-history":[{"count":2,"href":"https:\/\/www.langir.com\/pt\/wp-json\/wp\/v2\/pages\/7441\/revisions"}],"predecessor-version":[{"id":16173,"href":"https:\/\/www.langir.com\/pt\/wp-json\/wp\/v2\/pages\/7441\/revisions\/16173"}],"wp:featuredmedia":[{"embeddable":true,"href":"https:\/\/www.langir.com\/pt\/wp-json\/wp\/v2\/media\/7442"}],"wp:attachment":[{"href":"https:\/\/www.langir.com\/pt\/wp-json\/wp\/v2\/media?parent=7441"}],"curies":[{"name":"wp","href":"https:\/\/api.w.org\/{rel}","templated":true}]}}