{"id":7444,"date":"2019-11-21T08:49:18","date_gmt":"2019-11-21T08:49:18","guid":{"rendered":"https:\/\/www.langir.com\/?page_id=7444"},"modified":"2026-03-30T08:26:40","modified_gmt":"2026-03-30T08:26:40","slug":"glossary-of-terms","status":"publish","type":"page","link":"https:\/\/www.langir.com\/pt\/glossary-of-terms\/","title":{"rendered":"Gloss\u00e1rio de termos"},"content":{"rendered":"<div class=\"wpb-content-wrapper\"><div class=\"vc_row wpb_row vc_row-fluid\"><div class=\"wpb_column vc_column_container vc_col-sm-12\"><div class=\"vc_column-inner\"><div class=\"wpb_wrapper\">\n\t<div class=\"wpb_text_column wpb_content_element\" >\n\t\t<div class=\"wpb_wrapper\">\n\t\t\t<p><strong>Atuador<\/strong>: A interface mec\u00e2nica entre os contatos b\u00e1sicos da chave e os meios de opera\u00e7\u00e3o, como o dedo do operador.<\/p>\n<p><strong>For\u00e7a de atua\u00e7\u00e3o<\/strong>: A for\u00e7a necess\u00e1ria para alterar o estado el\u00e9trico de um circuito.<\/p>\n<p><a title=\"Interruptor de a\u00e7\u00e3o alternativo (travamento e manuten\u00e7\u00e3o)\" href=\"https:\/\/www.langir.com\/pt\/news\/whats-the-difference-between-an-alternate-action-and-a-momentary\/\"><strong style=\"color: #ffa010;\">Interruptor de a\u00e7\u00e3o alternativo (travamento e manuten\u00e7\u00e3o)<\/strong><\/a>: Uma chave do tipo bot\u00e3o de press\u00e3o em que a mudan\u00e7a do estado el\u00e9trico \u00e9 mantida entre as atua\u00e7\u00f5es.<\/p>\n<p><strong>Ampere<\/strong>: Uma unidade de fluxo de corrente el\u00e9trica.<\/p>\n<p><strong>Base (caixa)<\/strong>: A base de um interruptor \u00e9 o membro principal ao qual as partes condutoras ou a unidade isolante est\u00e3o conectadas. Ela tamb\u00e9m pode ter partes do mecanismo de opera\u00e7\u00e3o ou controle anexadas.<\/p>\n<p><strong>Salto<\/strong>: Rebatimento do contato m\u00f3vel contra o contato fixo durante a transfer\u00eancia.<\/p>\n<p><strong>Intervalo<\/strong>: Interrup\u00e7\u00e3o de um circuito. A interrup\u00e7\u00e3o dupla ocorre quando um \u00fanico mecanismo interrompe dois contatos simultaneamente.<\/p>\n<p><strong>Capacidade<\/strong>: Geralmente se refere \u00e0 capacidade de manuseio de corrente de um switch.<\/p>\n<p><strong>Contato<\/strong>: O contato \u00e9 uma parte condutora projetada para ser unida por press\u00e3o a outra parte condutora com a finalidade de transportar corrente.<\/p>\n<p><strong>Resist\u00eancia de contato<\/strong>: A resist\u00eancia do fluxo de corrente atrav\u00e9s de contatos fechados.<\/p>\n<p><strong>Deten\u00e7\u00e3o<\/strong>: Recurso que indica que o ponto de atua\u00e7\u00e3o foi atingido. Tamb\u00e9m pode ser chamado de sensa\u00e7\u00e3o t\u00e1til.<\/p>\n<p><strong>Resist\u00eancia diel\u00e9trica<\/strong>: A capacidade de um material isolante de resistir \u00e0 forma\u00e7\u00e3o de arco voltaico em sua superf\u00edcie.<\/p>\n<p><strong>\u00c0 prova de poeira<\/strong>: O interruptor vedado resistir\u00e1 \u00e0 contamina\u00e7\u00e3o por areia e poeira.<\/p>\n<p><strong>Vida el\u00e9trica<\/strong>: Vida \u00fatil esperada do ciclo quando a chave \u00e9 operada com carga nominal total.<\/p>\n<p><strong>Resist\u00eancia do isolamento<\/strong>: A resist\u00eancia ao fluxo de corrente dos materiais isolantes entre os contatos.<\/p>\n<p><a title=\"Interruptor de a\u00e7\u00e3o moment\u00e2nea\" href=\"https:\/\/www.langir.com\/pt\/news\/whats-the-difference-between-an-alternate-action-and-a-momentary\/\"><strong style=\"color: #ffa010;\">Interruptor de a\u00e7\u00e3o moment\u00e2nea<\/strong><\/a>: O termo dado a uma chave em que um circuito \u00e9 continuamente fechado ou aberto somente quando uma for\u00e7a \u00e9 aplicada. O estado el\u00e9trico retorna \u00e0 sua posi\u00e7\u00e3o normal quando a for\u00e7a \u00e9 removida.<\/p>\n<p><strong>Normalmente fechado<\/strong>: O termo dado a um interruptor em que um circuito est\u00e1 fechado na posi\u00e7\u00e3o normal do interruptor.<\/p>\n<p><strong>Normalmente aberto<\/strong>: O termo dado a um interruptor em que um circuito est\u00e1 aberto na posi\u00e7\u00e3o normal do interruptor.<\/p>\n<p><strong>Ponto de opera\u00e7\u00e3o<\/strong>: Ponto em que os contatos s\u00e3o transferidos. Geralmente medido a partir dos orif\u00edcios de montagem do interruptor.<\/p>\n<p><strong>Sobre a viagem<\/strong>: A dist\u00e2ncia que um atuador percorre depois que o circuito \u00e9 fechado.<\/p>\n<p><strong>Poste<\/strong>: O termo para indicar um circuito completamente separado que passa por uma chave de uma s\u00f3 vez.<\/p>\n<p><strong>Pr\u00e9-viagem:<\/strong>\u00a0O movimento do atuador antes de fechar o circuito. \u00c0s vezes, id\u00eantico ao \"Travel to Make\".<\/p>\n\n\t\t<\/div>\n\t<\/div>\n\n\t<div class=\"wpb_text_column wpb_content_element\" >\n\t\t<div class=\"wpb_wrapper\">\n\t\t\t<p><strong>Abrevia\u00e7\u00f5es de interruptores:<\/strong><\/p>\n\n\t\t<\/div>\n\t<\/div>\n\n\t<div class=\"wpb_text_column wpb_content_element\" >\n\t\t<div class=\"wpb_wrapper\">\n\t\t\t<p><strong>N.C.<\/strong>: Normalmente fechado<\/p>\n<p><strong>N.O.<\/strong>: Normalmente aberto<\/p>\n<p><strong>SPST<\/strong>: Monopolar, monopartida, 1NO1NC<\/p>\n<p><strong>SPDT<\/strong>: Simples P\u00f3lo Duplo Lan\u00e7amento 1NO2NC<\/p>\n<p><strong>DPST<\/strong>: Duplo polo, \u00fanico lance 2NO1NC<\/p>\n<p><strong>DPDT<\/strong>: Duplo polo duplo lan\u00e7amento 2NO2NC<\/p>\n<p><strong>Viajar para fazer<\/strong>: A dist\u00e2ncia paralela \u00e0 dire\u00e7\u00e3o designada do movimento do atuador no ponto em que um circuito \u00e9 fechado.<\/p>\n<p><strong>\u00c0 prova d'\u00e1gua<\/strong>: O interruptor vedado resiste \u00e0 submers\u00e3o em v\u00e1rias profundidades, dependendo do n\u00edvel de especifica\u00e7\u00e3o.<\/p>\n<p><strong>A\u00e7\u00e3o de limpeza<\/strong>: Deslocamento lateral do contato m\u00f3vel sobre o contato fixo enquanto houver press\u00e3o entre os dois contatos. Ocorre durante o deslocamento do \u00eambolo. Essa a\u00e7\u00e3o ajuda a limpar a contamina\u00e7\u00e3o dos contatos.<\/p>\n\n\t\t<\/div>\n\t<\/div>\n\n<div class=\"vc-zigzag-wrapper vc-zigzag-align-center\"><div class=\"vc-zigzag-inner\" style=\"width: 100%;min-height: 14px;background: 0 repeat-x url(&#039;data:image\/svg+xml;utf-8,%3C%3Fxml%20version%3D%221.0%22%20encoding%3D%22utf-8%22%3F%3E%3C%21DOCTYPE%20svg%20PUBLIC%20%22-%2F%2FW3C%2F%2FDTD%20SVG%201.1%2F%2FEN%22%20%22http%3A%2F%2Fwww.w3.org%2FGraphics%2FSVG%2F1.1%2FDTD%2Fsvg11.dtd%22%3E%3Csvg%20width%3D%2214px%22%20height%3D%2212px%22%20viewBox%3D%220%200%2018%2015%22%20version%3D%221.1%22%20xmlns%3D%22http%3A%2F%2Fwww.w3.org%2F2000%2Fsvg%22%20xmlns%3Axlink%3D%22http%3A%2F%2Fwww.w3.org%2F1999%2Fxlink%22%3E%3Cpolygon%20id%3D%22Combined-Shape%22%20fill%3D%22%23ebebeb%22%20points%3D%228.98762301%200%200%209.12771969%200%2014.519983%209%205.40479869%2018%2014.519983%2018%209.12771969%22%3E%3C%2Fpolygon%3E%3C%2Fsvg%3E&#039;);\"><\/div><\/div>\n\t<div class=\"wpb_text_column wpb_content_element\" >\n\t\t<div class=\"wpb_wrapper\">\n\t\t\t<p><iframe style=\"width: 100%; border: none;\" title=\"Formul\u00e1rio Wufoo incorporado\" src=\"https:\/\/langir.wufoo.com\/embed\/zcdgace1ql3iv4\/\" height=\"766\" frameborder=\"0\" scrolling=\"no\" sandbox=\"allow-popups-to-escape-sandbox allow-top-navigation allow-scripts allow-popups allow-forms allow-same-origin\"> <a href=\"https:\/\/langir.wufoo.com\/forms\/zcdgace1ql3iv4\/\" target=\"_blank\" rel=\"noopener\">Preencha meu formul\u00e1rio Wufoo!<\/a> <\/iframe><\/p>\n\n\t\t<\/div>\n\t<\/div>\n<\/div><\/div><\/div><\/div>\n<\/div>","protected":false},"excerpt":{"rendered":"Actuator:\u00a0The mechanical interface between the basic switch contacts and the means of operation, such as\u00a0the operator\u2019s finger. Actuation Force:\u00a0The required force to change a circuit\u2019s electrical state. Alternate (Latchin and Maintained) Action Switch:\u00a0A Pushbutton style switch where the change of the electrical state is maintained\u00a0between actuations. Ampere:\u00a0A unit of electrical current flow. Base (Housing):\u00a0A base [...]","protected":false},"author":1,"featured_media":7426,"parent":0,"menu_order":33,"comment_status":"closed","ping_status":"closed","template":"page-default.php","meta":{"_acf_changed":false,"_metasync_otto_title":"","_metasync_otto_description":"","rank_math_title":"%title% | Electric Switches - %sitename%","rank_math_description":"Glossary of Terms, Actuation Force: The required force to change a circuit\u2019s electrical state.","_yoast_wpseo_title":"","_yoast_wpseo_metadesc":"","footnotes":""},"class_list":["post-7444","page","type-page","status-publish","has-post-thumbnail","hentry","entry"],"acf":[],"post_mailing_queue_ids":[],"_links":{"self":[{"href":"https:\/\/www.langir.com\/pt\/wp-json\/wp\/v2\/pages\/7444","targetHints":{"allow":["GET"]}}],"collection":[{"href":"https:\/\/www.langir.com\/pt\/wp-json\/wp\/v2\/pages"}],"about":[{"href":"https:\/\/www.langir.com\/pt\/wp-json\/wp\/v2\/types\/page"}],"author":[{"embeddable":true,"href":"https:\/\/www.langir.com\/pt\/wp-json\/wp\/v2\/users\/1"}],"replies":[{"embeddable":true,"href":"https:\/\/www.langir.com\/pt\/wp-json\/wp\/v2\/comments?post=7444"}],"version-history":[{"count":1,"href":"https:\/\/www.langir.com\/pt\/wp-json\/wp\/v2\/pages\/7444\/revisions"}],"predecessor-version":[{"id":16170,"href":"https:\/\/www.langir.com\/pt\/wp-json\/wp\/v2\/pages\/7444\/revisions\/16170"}],"wp:featuredmedia":[{"embeddable":true,"href":"https:\/\/www.langir.com\/pt\/wp-json\/wp\/v2\/media\/7426"}],"wp:attachment":[{"href":"https:\/\/www.langir.com\/pt\/wp-json\/wp\/v2\/media?parent=7444"}],"curies":[{"name":"wp","href":"https:\/\/api.w.org\/{rel}","templated":true}]}}