{"id":7449,"date":"2019-11-21T08:50:32","date_gmt":"2019-11-21T08:50:32","guid":{"rendered":"https:\/\/www.langir.com\/?page_id=7449"},"modified":"2020-08-31T07:22:55","modified_gmt":"2020-08-31T07:22:55","slug":"jobs-careers","status":"publish","type":"page","link":"https:\/\/www.langir.com\/pt\/jobs-careers\/","title":{"rendered":"Empregos e carreiras"},"content":{"rendered":"<div class=\"wpb-content-wrapper\"><div class=\"vc_row wpb_row vc_row-fluid\"><div class=\"wpb_column vc_column_container vc_col-sm-12\"><div class=\"vc_column-inner\"><div class=\"wpb_wrapper\">\n\t<div class=\"wpb_text_column wpb_content_element vc_custom_1428396705815\" >\n\t\t<div class=\"wpb_wrapper\">\n\t\t\t<p>Na LANGIR, estamos convencidos de que as pessoas s\u00e3o a chave do nosso sucesso.<\/p>\n\n\t\t<\/div>\n\t<\/div>\n\n\t<div class=\"wpb_text_column wpb_content_element\" >\n\t\t<div class=\"wpb_wrapper\">\n\t\t\t<p>Na LANGIR, voc\u00ea encontrar\u00e1 um ambiente de trabalho gratificante e em constante mudan\u00e7a. Oferecemos oportunidades de carreira em todo o mundo para que voc\u00ea se desafie e aprenda novas habilidades.<\/p>\n\n\t\t<\/div>\n\t<\/div>\n\n\t<div class=\"wpb_text_column wpb_content_element\" >\n\t\t<div class=\"wpb_wrapper\">\n\t\t\t<p>Estamos sempre em busca de talentos que sejam flex\u00edveis na maneira de pensar e agir; futuros colegas que gostem de inova\u00e7\u00e3o e estejam motivados para participar de um ambiente de trabalho din\u00e2mico que valorize o trabalho em equipe, o empreendedorismo e a mente aberta.<\/p>\n\n\t\t<\/div>\n\t<\/div>\n<\/div><\/div><\/div><\/div><div class=\"vc_row wpb_row vc_row-fluid\"><div class=\"wpb_column vc_column_container vc_col-sm-12\"><div class=\"vc_column-inner\"><div class=\"wpb_wrapper\">\n\t<div class=\"wpb_text_column wpb_content_element\" >\n\t\t<div class=\"wpb_wrapper\">\n\t\t\t<p><strong>Vagas em aberto<\/strong><\/p>\n\n\t\t<\/div>\n\t<\/div>\n<\/div><\/div><\/div><\/div><div class=\"vc_row wpb_row vc_row-fluid jobscareers\"><div class=\"wpb_column vc_column_container vc_col-sm-4\"><div class=\"vc_column-inner\"><div class=\"wpb_wrapper\">\n\t<div class=\"wpb_raw_code wpb_raw_html wpb_content_element\" >\n\t\t<div class=\"wpb_wrapper\">\n\t\t\t<h4><span style=\"color: #ff0000;\">Graduados<\/span><\/h4>\n<p>Wenzhou, China<br>\n13 abr.2015<\/p>\n\t\t<\/div>\n\t<\/div>\n<\/div><\/div><\/div><div class=\"wpb_column vc_column_container vc_col-sm-8\"><div class=\"vc_column-inner\"><div class=\"wpb_wrapper\">\n\t<div class=\"wpb_text_column wpb_content_element\" >\n\t\t<div class=\"wpb_wrapper\">\n\t\t\t<p>Alunos graduados com especializa\u00e7\u00e3o em administra\u00e7\u00e3o, com\u00e9rcio internacional ou automa\u00e7\u00e3o.<\/p>\n<ul>\n<li>zeloso com o com\u00e9rcio internacional, o setor mec\u00e2nico e as vendas on-line.<\/li>\n<li>Sens\u00edvel ao mercado, fiel \u00e0 marca.<\/li>\n<li>trabalhar duro.<\/li>\n<li>modesto e disposto a aprender coisas novas.<\/li>\n<li>s\u00f3lido conhecimento profissional, forte capacidade de autodisciplina<\/li>\n<\/ul>\n\n\t\t<\/div>\n\t<\/div>\n<\/div><\/div><\/div><\/div><div class=\"vc_row wpb_row vc_row-fluid jobscareers\"><div class=\"wpb_column vc_column_container vc_col-sm-4\"><div class=\"vc_column-inner\"><div class=\"wpb_wrapper\">\n\t<div class=\"wpb_raw_code wpb_raw_html wpb_content_element\" >\n\t\t<div class=\"wpb_wrapper\">\n\t\t\t<h4><span style=\"color: #ff0000;\">Gerente de controle de qualidade<\/span><\/h4>\n<p>Wenzhou, China<br>\n15 abr.2015<\/p>\n\t\t<\/div>\n\t<\/div>\n<\/div><\/div><\/div><div class=\"wpb_column vc_column_container vc_col-sm-8\"><div class=\"vc_column-inner\"><div class=\"wpb_wrapper\">\n\t<div class=\"wpb_text_column wpb_content_element\" >\n\t\t<div class=\"wpb_wrapper\">\n\t\t\t<p>Descri\u00e7\u00e3o:<\/p>\n<ul>\n<li>Implementar o \u00edndice de qualidade, elaborar regras e regulamentos de CQ, estabelecer um sistema de gerenciamento de qualidade<\/li>\n<li>Editar, examinar e concluir v\u00e1rias instru\u00e7\u00f5es de opera\u00e7\u00e3o<\/li>\n<li>Testar amostras, pedidos e produtos n\u00e3o qualificados<\/li>\n<li>Ajuda para escolher fornecedores qualificados<\/li>\n<li>Analisar as condi\u00e7\u00f5es de controle de qualidade, tomar medidas para corrigir e evitar erros de qualidade<\/li>\n<li>Organize reuni\u00f5es regulares, informe ao gerente geral sobre as condi\u00e7\u00f5es de controle de qualidade e d\u00ea conselhos profissionais<\/li>\n<\/ul>\n\n\t\t<\/div>\n\t<\/div>\n<\/div><\/div><\/div><\/div><div class=\"vc_row wpb_row vc_row-fluid jobscareers\"><div class=\"wpb_column vc_column_container vc_col-sm-4\"><div class=\"vc_column-inner\"><div class=\"wpb_wrapper\">\n\t<div class=\"wpb_raw_code wpb_raw_html wpb_content_element\" >\n\t\t<div class=\"wpb_wrapper\">\n\t\t\t<h4><span style=\"color: #ff0000;\">Vendas internacionais<\/span><\/h4>\n<p>Wenzhou, China<br>\n15 abr.2015<\/p>\n\t\t<\/div>\n\t<\/div>\n<\/div><\/div><\/div><div class=\"wpb_column vc_column_container vc_col-sm-8\"><div class=\"vc_column-inner\"><div class=\"wpb_wrapper\">\n\t<div class=\"wpb_text_column wpb_content_element\" >\n\t\t<div class=\"wpb_wrapper\">\n\t\t\t<p>Qualifica\u00e7\u00f5es:<\/p>\n<ul>\n<li>Bacharel em Marketing, Com\u00e9rcio Internacional ou Ingl\u00eas.<\/li>\n<li>Pelo menos 2 anos de experi\u00eancia de trabalho nas \u00e1reas de hardware, mec\u00e2nica ou equipamentos el\u00e9tricos.<\/li>\n<li>Habilidades em marketing, promo\u00e7\u00e3o de produtos, com\u00e9rcio exterior e inform\u00e1tica.<\/li>\n<li>Familiarizado com a explora\u00e7\u00e3o do mercado internacional e com o processo de com\u00e9rcio exterior<\/li>\n<li>Percep\u00e7\u00e3o penetrante do mercado e capacidade de planejamento de vendas<\/li>\n<li>Capacidade impressionante de escrever, falar e entender ingl\u00eas e chin\u00eas<\/li>\n<\/ul>\n\n\t\t<\/div>\n\t<\/div>\n<\/div><\/div><\/div><\/div><div class=\"vc_row wpb_row vc_row-fluid\"><div class=\"wpb_column vc_column_container vc_col-sm-4\"><div class=\"vc_column-inner\"><div class=\"wpb_wrapper\">\n\t<div class=\"wpb_raw_code wpb_raw_js\" >\n\t\t<div class=\"wpb_wrapper\">\n\t\t\t<h4><span style=\"color: #ff0000;\">Gerente de exporta\u00e7\u00e3o<\/span><\/h4>\n<p>Wenzhou, China<br>\n15 abr.2015<\/p>\n\t\t<\/div>\n\t<\/div>\n\n\t<div class=\"wpb_text_column wpb_content_element\" >\n\t\t<div class=\"wpb_wrapper\">\n\t\t\t\n\t\t<\/div>\n\t<\/div>\n<\/div><\/div><\/div><div class=\"wpb_column vc_column_container vc_col-sm-8\"><div class=\"vc_column-inner\"><div class=\"wpb_wrapper\">\n\t<div class=\"wpb_text_column wpb_content_element\" >\n\t\t<div class=\"wpb_wrapper\">\n\t\t\t<p>Estamos procurando gerentes de exporta\u00e7\u00e3o com mais de 2 anos de experi\u00eancia de trabalho nas \u00e1reas de hardware, mec\u00e2nica e el\u00e9trica. Esse cargo lhe proporcionar\u00e1 muitas chances de promo\u00e7\u00e3o.<br \/>\n<strong>Principais atributos:<\/strong><\/p>\n<ul>\n<li>Experi\u00eancia profissional: 1-3 anos<\/li>\n<li>Forma\u00e7\u00e3o : Bacharelado<\/li>\n<li>Experi\u00eancia gerencial: N\u00c3O \u00e9 necess\u00e1rio<\/li>\n<li>Status: Tempo integral<\/li>\n<\/ul>\n\n\t\t<\/div>\n\t<\/div>\n<\/div><\/div><\/div><\/div>\n<\/div>","protected":false},"excerpt":{"rendered":"At LANGIR we are convinced that people are the key to our success. At LANGIR you will find an ever-changing and rewarding work environment. We give you career opportunities around the world to challenge yourself and to learn new skills. We are continuously looking for talents that are flexible in the way they think and [...]","protected":false},"author":1,"featured_media":7439,"parent":0,"menu_order":32,"comment_status":"closed","ping_status":"closed","template":"page-default.php","meta":{"_acf_changed":false,"_metasync_otto_title":"","_metasync_otto_description":"","rank_math_title":"%title% | Electric Switches - %sitename%","rank_math_description":"At LANGIR you will find an rewarding work environment. We give you career opportunities around the world to challenge yourself.","_yoast_wpseo_title":"","_yoast_wpseo_metadesc":"","footnotes":""},"class_list":["post-7449","page","type-page","status-publish","has-post-thumbnail","hentry","entry"],"acf":[],"post_mailing_queue_ids":[],"_links":{"self":[{"href":"https:\/\/www.langir.com\/pt\/wp-json\/wp\/v2\/pages\/7449","targetHints":{"allow":["GET"]}}],"collection":[{"href":"https:\/\/www.langir.com\/pt\/wp-json\/wp\/v2\/pages"}],"about":[{"href":"https:\/\/www.langir.com\/pt\/wp-json\/wp\/v2\/types\/page"}],"author":[{"embeddable":true,"href":"https:\/\/www.langir.com\/pt\/wp-json\/wp\/v2\/users\/1"}],"replies":[{"embeddable":true,"href":"https:\/\/www.langir.com\/pt\/wp-json\/wp\/v2\/comments?post=7449"}],"version-history":[{"count":0,"href":"https:\/\/www.langir.com\/pt\/wp-json\/wp\/v2\/pages\/7449\/revisions"}],"wp:featuredmedia":[{"embeddable":true,"href":"https:\/\/www.langir.com\/pt\/wp-json\/wp\/v2\/media\/7439"}],"wp:attachment":[{"href":"https:\/\/www.langir.com\/pt\/wp-json\/wp\/v2\/media?parent=7449"}],"curies":[{"name":"wp","href":"https:\/\/api.w.org\/{rel}","templated":true}]}}