{"id":7463,"date":"2019-11-21T08:58:30","date_gmt":"2019-11-21T08:58:30","guid":{"rendered":"https:\/\/www.langir.com\/?page_id=7463"},"modified":"2026-03-30T08:51:20","modified_gmt":"2026-03-30T08:51:20","slug":"privacy-policy","status":"publish","type":"page","link":"https:\/\/www.langir.com\/pt\/privacy-policy\/","title":{"rendered":"Pol\u00edtica de privacidade"},"content":{"rendered":"<div class=\"wpb-content-wrapper\"><div class=\"vc_row wpb_row vc_row-fluid\"><div class=\"wpb_column vc_column_container vc_col-sm-12\"><div class=\"vc_column-inner\"><div class=\"wpb_wrapper\">\n\t<div class=\"wpb_text_column wpb_content_element vc_custom_1426432726294\" >\n\t\t<div class=\"wpb_wrapper\">\n\t\t\t<h3 style=\"text-align: center;\">TERMOS DE USO<\/h3>\n\n\t\t<\/div>\n\t<\/div>\n\n\t<div class=\"wpb_text_column wpb_content_element\" >\n\t\t<div class=\"wpb_wrapper\">\n\t\t\t<p><strong style=\"color: #000;\">Aviso de direitos autorais<\/strong><\/p>\n<div id=\"xunlei_com_thunder_helper_plugin_d462f475-c18e-46be-bd10-327458d045bd\"><\/div>\n\n\t\t<\/div>\n\t<\/div>\n\n\t<div class=\"wpb_text_column wpb_content_element vc_custom_1774860608072\" >\n\t\t<div class=\"wpb_wrapper\">\n\t\t\t<p>O conte\u00fado do site \u00e9 protegido por direitos autorais \u00a9 2015 LANGIR (ou suas subsidi\u00e1rias, quando indicado, e\/ou seus licenciadores), 2F, No.10 Longhe East Road, Liushi, Wenzhou, Zhejiang, China 325604 Todos os direitos reservados.<\/p>\n\n\t\t<\/div>\n\t<\/div>\n\n\t<div class=\"wpb_text_column wpb_content_element vc_custom_1426429652776\" >\n\t\t<div class=\"wpb_wrapper\">\n\t\t\t<p>As informa\u00e7\u00f5es contidas no site, incluindo, mas n\u00e3o se limitando a, textos, imagens e sons, n\u00e3o podem, exceto para fins estritamente particulares ou quando indicado de outra forma, ser reproduzidas, transferidas, distribu\u00eddas ou armazenadas sem autoriza\u00e7\u00e3o pr\u00e9via por escrito da LANGIR. Modifica\u00e7\u00f5es no conte\u00fado do site s\u00e3o expressamente proibidas. Algumas partes do site cont\u00eam imagens que est\u00e3o sujeitas aos direitos autorais de seus fornecedores.<\/p>\n\n\t\t<\/div>\n\t<\/div>\n\n\t<div class=\"wpb_text_column wpb_content_element vc_custom_1426478451014\" >\n\t\t<div class=\"wpb_wrapper\">\n\t\t\t<p><strong style=\"color: #000;\">Marcas registradas<\/strong> <\/p>\n\n\t\t<\/div>\n\t<\/div>\n\n\t<div class=\"wpb_text_column wpb_content_element\" >\n\t\t<div class=\"wpb_wrapper\">\n\t\t\t<p>Salvo indica\u00e7\u00e3o em contr\u00e1rio no site, as marcas exibidas, os logotipos corporativos e os emblemas est\u00e3o sujeitos aos direitos de marca registrada da LANGIR (ou de suas subsidi\u00e1rias).<\/p>\n\n\t\t<\/div>\n\t<\/div>\n\n\t<div class=\"wpb_text_column wpb_content_element\" >\n\t\t<div class=\"wpb_wrapper\">\n\t\t\t<p><strong style=\"color: #000;\">NENHUMA GARANTIA OU REPRESENTA\u00c7\u00c3O<\/strong> <\/p>\n\n\t\t<\/div>\n\t<\/div>\n\n\t<div class=\"wpb_text_column wpb_content_element\" >\n\t\t<div class=\"wpb_wrapper\">\n\t\t\t<p>AS INFORMA\u00c7\u00d5ES CONTIDAS NESTE SITE S\u00c3O FORNECIDAS \"NO ESTADO EM QUE SE ENCONTRAM\". EM NENHUMA HIP\u00d3TESE A LANGIR ELECTRIC SER\u00c1 RESPONS\u00c1VEL PERANTE QUALQUER PARTE POR QUAISQUER DANOS DIRETOS, INDIRETOS, ESPECIAIS OU CONSEQUENCIAIS PELO USO DESTE SITE OU DE QUALQUER OUTRO SITE COM HIPERLINK, INCLUINDO, SEM LIMITA\u00c7\u00c3O, LUCROS CESSANTES, INTERRUP\u00c7\u00c3O DE NEG\u00d3CIOS, PERDA DE PROGRAMAS OU OUTROS DADOS EM SEU SISTEMA DE TRATAMENTO DE INFORMA\u00c7\u00d5ES OU OUTROS, MESMO QUE SEJAMOS EXPRESSAMENTE AVISADOS DA POSSIBILIDADE DE TAIS DANOS.<\/p>\n\n\t\t<\/div>\n\t<\/div>\n\n\t<div class=\"wpb_text_column wpb_content_element\" >\n\t\t<div class=\"wpb_wrapper\">\n\t\t\t<p>A LANGIR n\u00e3o oferece garantias e\/ou representa\u00e7\u00f5es de qualquer natureza sobre qualquer outro web site que voc\u00ea possa acessar atrav\u00e9s deste site. Tais garantias e\/ou representa\u00e7\u00f5es s\u00e3o fornecidas apenas como uma conveni\u00eancia e n\u00e3o significam que a LANGIR endossa ou aceita qualquer responsabilidade pelo conte\u00fado ou pelo uso de tal web site. Al\u00e9m disso, cabe a voc\u00ea tomar precau\u00e7\u00f5es e garantir que tudo o que voc\u00ea selecionar para seu uso esteja livre de itens como v\u00edrus, worms, cavalos de Troia e outros itens de natureza destrutiva. As informa\u00e7\u00f5es contidas neste site podem conter imprecis\u00f5es t\u00e9cnicas ou erros tipogr\u00e1ficos. As informa\u00e7\u00f5es contidas neste site podem ser alteradas a qualquer momento sem notifica\u00e7\u00e3o pr\u00e9via ou obriga\u00e7\u00e3o. As informa\u00e7\u00f5es publicadas no site podem conter refer\u00eancias ou refer\u00eancias cruzadas a produtos, servi\u00e7os, etc. da LANGIR que n\u00e3o s\u00e3o anunciados ou n\u00e3o est\u00e3o dispon\u00edveis em seu pa\u00eds. A precis\u00e3o de tais informa\u00e7\u00f5es n\u00e3o pode ser garantida, particularmente porque essas informa\u00e7\u00f5es est\u00e3o sujeitas a mudan\u00e7as, requisitos espec\u00edficos ou disponibilidade e tais refer\u00eancias n\u00e3o implicam que a LANGIR pretenda anunciar tais produtos, servi\u00e7os etc. em seu pa\u00eds. Entre em contato com seu revendedor local para obter detalhes completos sobre os produtos, servi\u00e7os etc. que podem estar dispon\u00edveis para voc\u00ea e para fazer pedidos.<\/p>\n\n\t\t<\/div>\n\t<\/div>\n\n\t<div class=\"wpb_text_column wpb_content_element\" >\n\t\t<div class=\"wpb_wrapper\">\n\t\t\t<p><strong style=\"color: #000;\">Coment\u00e1rios, perguntas ou sugest\u00f5es<\/strong> <\/p>\n\n\t\t<\/div>\n\t<\/div>\n\n\t<div class=\"wpb_text_column wpb_content_element\" >\n\t\t<div class=\"wpb_wrapper\">\n\t\t\t<p>Observe que quaisquer informa\u00e7\u00f5es, sugest\u00f5es n\u00e3o solicitadas, ideias ou outros envios ser\u00e3o considerados n\u00e3o confidenciais e n\u00e3o propriet\u00e1rios. Ao enviar qualquer informa\u00e7\u00e3o ou material, voc\u00ea concede \u00e0 LANGIR e\/ou suas subsidi\u00e1rias uma licen\u00e7a irrestrita e irrevog\u00e1vel para usar, reproduzir, exibir, executar, modificar, transmitir e distribuir esses materiais ou informa\u00e7\u00f5es, e voc\u00ea tamb\u00e9m concorda que a LANGIR e\/ou suas subsidi\u00e1rias est\u00e3o livres para usar quaisquer id\u00e9ias, conceitos, know-how ou t\u00e9cnicas que voc\u00ea nos enviar para qualquer finalidade.<\/p>\n\n\t\t<\/div>\n\t<\/div>\n\n\t<div class=\"wpb_text_column wpb_content_element\" >\n\t\t<div class=\"wpb_wrapper\">\n\t\t\t<p><strong style=\"color: #000;\">Arquivos espec\u00edficos dispon\u00edveis no site<\/strong> <\/p>\n\n\t\t<\/div>\n\t<\/div>\n\n\t<div class=\"wpb_text_column wpb_content_element\" >\n\t\t<div class=\"wpb_wrapper\">\n\t\t\t<p>Qualquer arquivo que possa estar dispon\u00edvel para download neste site \u00e9 um trabalho protegido por direitos autorais da LANGIR (ou de qualquer uma de suas subsidi\u00e1rias) e\/ou de seus fornecedores. Salvo disposi\u00e7\u00e3o em contr\u00e1rio no Contrato de Licen\u00e7a, os arquivos s\u00e3o disponibilizados para download apenas para uso dos usu\u00e1rios finais. Qualquer reprodu\u00e7\u00e3o ou redistribui\u00e7\u00e3o de arquivos que n\u00e3o esteja de acordo com o Contrato de Licen\u00e7a pode resultar em penalidades civis e criminais.<\/p>\n\n\t\t<\/div>\n\t<\/div>\n\n\t<div class=\"wpb_text_column wpb_content_element\" >\n\t\t<div class=\"wpb_wrapper\">\n\t\t\t<p>SEM LIMITAR O ACIMA EXPOSTO, A C\u00d3PIA OU REPRODU\u00c7\u00c3O DESSES ARQUIVOS EM QUALQUER OUTRO SERVIDOR OU LOCAL PARA REPRODU\u00c7\u00c3O OU REDISTRIBUI\u00c7\u00c3O POSTERIOR \u00c9 EXPRESSAMENTE PROIBIDA. O SOFTWARE \u00c9 GARANTIDO, SE FOR O CASO, SOMENTE DE ACORDO COM OS TERMOS DO CONTRATO DE LICEN\u00c7A. A LANGIR, POR MEIO DESTE INSTRUMENTO, ISENTA-SE DE TODAS AS GARANTIAS E CONDI\u00c7\u00d5ES COM RELA\u00c7\u00c3O AOS ARQUIVOS, INCLUINDO TODAS AS GARANTIAS E CONDI\u00c7\u00d5ES IMPL\u00cdCITAS DE COMERCIALIZA\u00c7\u00c3O, ADEQUA\u00c7\u00c3O A UMA FINALIDADE ESPEC\u00cdFICA, T\u00cdTULO E N\u00c3O VIOLA\u00c7\u00c3O.<\/p>\n\n\t\t<\/div>\n\t<\/div>\n\n\t<div class=\"wpb_text_column wpb_content_element\" >\n\t\t<div class=\"wpb_wrapper\">\n\t\t\t<p><strong style=\"color: #000;\">Jurisdi\u00e7\u00e3o e leis regentes<\/strong> <\/p>\n\n\t\t<\/div>\n\t<\/div>\n\n\t<div class=\"wpb_text_column wpb_content_element\" >\n\t\t<div class=\"wpb_wrapper\">\n\t\t\t<p>Voc\u00ea concorda que este contrato e seu uso deste site s\u00e3o regidos pelas leis da Rep\u00fablica Popular da China. Por meio deste instrumento, voc\u00ea consente com a jurisdi\u00e7\u00e3o e o foro exclusivos dos tribunais, tribunais, ag\u00eancias e outras organiza\u00e7\u00f5es de resolu\u00e7\u00e3o de disputas na Rep\u00fablica Popular da China em todas as disputas decorrentes de, relacionadas a, ou de qualquer forma relacionadas a este Site e\/ou a este contrato.<\/p>\n\n\t\t<\/div>\n\t<\/div>\n\n\t<div class=\"wpb_text_column wpb_content_element\" >\n\t\t<div class=\"wpb_wrapper\">\n\t\t\t<p><strong style=\"color: #000;\">Diversos<\/strong> <\/p>\n\n\t\t<\/div>\n\t<\/div>\n\n\t<div class=\"wpb_text_column wpb_content_element\" >\n\t\t<div class=\"wpb_wrapper\">\n\t\t\t<p>Voc\u00ea concorda que a LANGIR pode, a qualquer momento e sem aviso pr\u00e9vio, alterar os termos, condi\u00e7\u00f5es e avisos sob os quais este site \u00e9 oferecido. A LANGIR se reserva o direito, a seu exclusivo crit\u00e9rio, de negar o acesso ao Site ou a qualquer parte dele a qualquer pessoa ou usu\u00e1rio, sem aviso pr\u00e9vio. Voc\u00ea concorda que nenhuma joint venture, parceria, emprego ou rela\u00e7\u00e3o de ag\u00eancia existe entre voc\u00ea e a LANGIR como resultado deste acordo ou do seu uso deste Site. O desempenho da LANGIR neste acordo est\u00e1 sujeito \u00e0s leis existentes e ao processo legal e nada contido neste acordo est\u00e1 em derroga\u00e7\u00e3o do direito da LANGIR de cumprir com os pedidos de aplica\u00e7\u00e3o da lei ou requisitos relacionados ao seu uso deste site ou informa\u00e7\u00f5es fornecidas ou recolhidas pela LANGIR com rela\u00e7\u00e3o a esse uso.<\/p>\n\n\t\t<\/div>\n\t<\/div>\n\n\t<div class=\"wpb_text_column wpb_content_element\" >\n\t\t<div class=\"wpb_wrapper\">\n\t\t\t<p>Este contrato e a Pol\u00edtica de Privacidade da LANGIR constituem o contrato completo entre voc\u00ea e a LANGIR com rela\u00e7\u00e3o a este site. Este acordo e a Pol\u00edtica de Privacidade da LANGIR substituem todas as comunica\u00e7\u00f5es e propostas anteriores ou contempor\u00e2neas, sejam eletr\u00f4nicas, orais ou escritas, entre voc\u00ea e a LANGIR com rela\u00e7\u00e3o a este site. Nenhuma modifica\u00e7\u00e3o deste acordo ser\u00e1 efetiva a menos que seja de autoria da LANGIR ou de suas afiliadas, ou a menos que seja fisicamente assinada por um funcion\u00e1rio da LANGIR. Qualquer alegada ren\u00fancia de qualquer viola\u00e7\u00e3o deste acordo n\u00e3o deve ser considerada uma ren\u00fancia de qualquer viola\u00e7\u00e3o futura.<\/p>\n\n\t\t<\/div>\n\t<\/div>\n\n\t<div class=\"wpb_text_column wpb_content_element\" >\n\t\t<div class=\"wpb_wrapper\">\n\t\t\t<p><strong style=\"color: #000;\">Contato<\/strong> <\/p>\n\n\t\t<\/div>\n\t<\/div>\n\n\t<div class=\"wpb_text_column wpb_content_element\" >\n\t\t<div class=\"wpb_wrapper\">\n\t\t\t<p>Em caso de d\u00favidas sobre as se\u00e7\u00f5es acima, n\u00e3o hesite em entrar em contato com a LANGIR - 2F, No.10 Longhe East Road, Liushi, Wenzhou, Zhejiang, China 325604<\/p>\n\n\t\t<\/div>\n\t<\/div>\n\n\t<div class=\"wpb_text_column wpb_content_element\" >\n\t\t<div class=\"wpb_wrapper\">\n\t\t\t<p><strong style=\"color: #000;\">POL\u00cdTICA DE PRIVACIDADE<\/strong> <\/p>\n\n\t\t<\/div>\n\t<\/div>\n\n\t<div class=\"wpb_text_column wpb_content_element\" >\n\t\t<div class=\"wpb_wrapper\">\n\t\t\t<p>Quando voc\u00ea visita o site da LANGIR para navegar pelas informa\u00e7\u00f5es nele contidas, voc\u00ea o faz de forma an\u00f4nima, a menos que opte por nos fornecer informa\u00e7\u00f5es sobre voc\u00ea.<\/p>\n\n\t\t<\/div>\n\t<\/div>\n\n\t<div class=\"wpb_text_column wpb_content_element\" >\n\t\t<div class=\"wpb_wrapper\">\n\t\t\t<p>Sua privacidade \u00e9 importante para n\u00f3s. Todas as informa\u00e7\u00f5es que voc\u00ea optou por fornecer nos permitem enviar-lhe informa\u00e7\u00f5es sobre produtos e servi\u00e7os nos quais voc\u00ea registrou interesse. As informa\u00e7\u00f5es podem ser fornecidas a outras empresas da LANGIR para essa finalidade. Ao nos fornecer suas informa\u00e7\u00f5es, voc\u00ea consente que as processemos para os fins descritos acima. N\u00f3s n\u00e3o as repassaremos a terceiros fora da LANGIR. Este aviso legal e de privacidade \u00e9 geral para os sites da LANGIR. No entanto, podem existir informa\u00e7\u00f5es adicionais sobre privacidade nos sites espec\u00edficos das diferentes empresas da LANGIR que oferecem fun\u00e7\u00f5es especiais.<\/p>\n\n\t\t<\/div>\n\t<\/div>\n\n\t<div class=\"wpb_text_column wpb_content_element\" >\n\t\t<div class=\"wpb_wrapper\">\n\t\t\t<p><strong style=\"color: #000;\">Dados pessoais<\/strong> <\/p>\n\n\t\t<\/div>\n\t<\/div>\n\n\t<div class=\"wpb_text_column wpb_content_element\" >\n\t\t<div class=\"wpb_wrapper\">\n\t\t\t<p>Na LANGIR, pretendemos dar a voc\u00ea o m\u00e1ximo de controle poss\u00edvel sobre suas informa\u00e7\u00f5es pessoais. Para n\u00f3s, \u00e9 importante que voc\u00ea se sinta confort\u00e1vel ao visitar nossos sites. No entanto, h\u00e1 momentos em que podemos precisar de suas informa\u00e7\u00f5es pessoais. Qualquer informa\u00e7\u00e3o pessoal que voc\u00ea nos forne\u00e7a (incluindo, entre outros, o seu endere\u00e7o de e-mail) ser\u00e1 usada para os seguintes fins: Se voc\u00ea nos fornecer informa\u00e7\u00f5es pessoais para receber informa\u00e7\u00f5es nossas (por exemplo, folhetos, cat\u00e1logos), coletamos e armazenamos essas informa\u00e7\u00f5es. Se voc\u00ea revisar ou baixar informa\u00e7\u00f5es, rastreamos a visita. Isso \u00e9 \u00fatil para lhe fornecer informa\u00e7\u00f5es personalizadas e para nos fornecer informa\u00e7\u00f5es sobre quais partes do site s\u00e3o freq\u00fcentadas, por meio do uso de cookies, veja mais abaixo. Somente utilizamos as informa\u00e7\u00f5es coletadas ou armazenadas sobre voc\u00ea dentro da LANGIR. O site pode conter links para sites que n\u00e3o sejam da LANGIR. A LANGIR n\u00e3o \u00e9 respons\u00e1vel pelas pr\u00e1ticas de privacidade de tais websites. Voc\u00ea pode entrar em contato com as empresas da LANGIR se tiver alguma d\u00favida sobre como processamos dados pessoais relacionados a voc\u00ea (por exemplo, nome, endere\u00e7o de e-mail). Os detalhes de contato com as empresas da LANGIR s\u00e3o fornecidos no final desta p\u00e1gina. Se algum dado estiver incorreto, voc\u00ea tem o direito de retific\u00e1-lo. Voc\u00ea tamb\u00e9m tem o direito (mediante solicita\u00e7\u00e3o por escrito e assinada pessoalmente, uma vez por ano civil e sem qualquer custo) de receber informa\u00e7\u00f5es de nossa parte sobre quais dados pessoais processamos relacionados a voc\u00ea e por qu\u00ea.<\/p>\n\n\t\t<\/div>\n\t<\/div>\n\n\t<div class=\"wpb_text_column wpb_content_element\" >\n\t\t<div class=\"wpb_wrapper\">\n\t\t\t<p><strong style=\"color: #000;\">Cookies<\/strong> <\/p>\n\n\t\t<\/div>\n\t<\/div>\n\n\t<div class=\"wpb_text_column wpb_content_element\" >\n\t\t<div class=\"wpb_wrapper\">\n\t\t\t<p>Os cookies s\u00e3o utilizados no site da LANGIR. Um cookie \u00e9 um pequeno arquivo de texto contendo informa\u00e7\u00f5es de texto que s\u00e3o armazenadas em seu computador. Nosso objetivo ao usar cookies \u00e9 melhorar o uso do site para voc\u00ea como visitante.<\/p>\n\n\t\t<\/div>\n\t<\/div>\n\n\t<div class=\"wpb_text_column wpb_content_element\" >\n\t\t<div class=\"wpb_wrapper\">\n\t\t\t<p>Tr\u00eas tipos de cookies s\u00e3o usados no site da LANGIR, a saber, os seguintes:<\/p>\n<ol>\n<li>O primeiro tipo salva um arquivo permanentemente em seu computador e \u00e9 usado para atualizar o site com novas informa\u00e7\u00f5es colocadas nele desde sua \u00faltima visita. As informa\u00e7\u00f5es do site, que n\u00e3o foram alteradas desde sua \u00faltima visita, s\u00e3o carregadas localmente em seu computador com o objetivo de abrir o site mais rapidamente.<\/li>\n<li>O segundo tipo, chamado de cookie de sess\u00e3o, \u00e9 usado enquanto voc\u00ea navega em um site. Ele envolve uma transfer\u00eancia tempor\u00e1ria de informa\u00e7\u00f5es entre seu computador e o site. Os cookies de sess\u00e3o n\u00e3o s\u00e3o salvos permanentemente em seu computador e desaparecem quando voc\u00ea fecha o navegador em seu computador.<\/li>\n<li>O terceiro tipo \u00e9 usado para fins estat\u00edsticos, ou seja, para obter informa\u00e7\u00f5es sobre o n\u00famero de visitantes que temos em diferentes partes do nosso site.<\/li>\n<\/ol>\n\n\t\t<\/div>\n\t<\/div>\n\n\t<div class=\"wpb_text_column wpb_content_element\" >\n\t\t<div class=\"wpb_wrapper\">\n\t\t\t<p>A menos que seja declarado em outro lugar, os cookies nunca s\u00e3o usados pela LANGIR com o objetivo de coletar informa\u00e7\u00f5es pessoais, como seu nome, endere\u00e7o de e-mail etc. Assim, qualquer informa\u00e7\u00e3o coletada por meio do uso de cookies \u00e9 compilada de forma an\u00f4nima.<\/p>\n\n\t\t<\/div>\n\t<\/div>\n\n\t<div class=\"wpb_text_column wpb_content_element\" >\n\t\t<div class=\"wpb_wrapper\">\n\t\t\t<p>Se voc\u00ea n\u00e3o aceitar o uso de cookies pela LANGIR em nosso site, \u00e9 poss\u00edvel configurar seu navegador para rejeitar cookies, modificando as configura\u00e7\u00f5es ou prefer\u00eancias do navegador. No entanto, devido \u00e0 tecnologia utilizada por n\u00f3s em nosso site, ele n\u00e3o funcionar\u00e1 corretamente sem o uso de cookies.<\/p>\n\n\t\t<\/div>\n\t<\/div>\n\n\t<div class=\"wpb_text_column wpb_content_element\" >\n\t\t<div class=\"wpb_wrapper\">\n\t\t\t<p>Este site usa o Google Analytics, um site de servi\u00e7o de an\u00e1lise da Internet fornecido pela Google Inc. (\"Google\"). O Google Analytics usa cookies, que s\u00e3o arquivos de texto colocados no seu computador, para ajudar o site da Internet a analisar o uso do site por seus usu\u00e1rios. Os dados gerados pelos cookies referentes ao seu uso do site (incluindo seu endere\u00e7o IP) ser\u00e3o transmitidos e armazenados pelo Google em servidores localizados nos Estados Unidos. O Google usar\u00e1 essas informa\u00e7\u00f5es com o objetivo de estimar seu uso do site, compilando relat\u00f3rios sobre a atividade do site para seu editor e fornecendo outros servi\u00e7os relativos \u00e0 atividade do site e ao uso da Internet. O Google poder\u00e1 comunicar esses dados a terceiros em caso de obriga\u00e7\u00e3o.<\/p>\n\n\t\t<\/div>\n\t<\/div>\n\n\t<div class=\"wpb_text_column wpb_content_element\" >\n\t\t<div class=\"wpb_wrapper\">\n\t\t\t<p><strong style=\"color: #000;\">Contato<\/strong> <\/p>\n\n\t\t<\/div>\n\t<\/div>\n\n\t<div class=\"wpb_text_column wpb_content_element\" >\n\t\t<div class=\"wpb_wrapper\">\n\t\t\t<p>Em caso de d\u00favidas sobre as se\u00e7\u00f5es acima, n\u00e3o hesite em entrar em contato com a LANGIR - 2F, No.10 Longhe East Road, Liushi, Wenzhou, Zhejiang, China 325604 - langir@langir.com<\/p>\n\n\t\t<\/div>\n\t<\/div>\n\n<div class=\"vc-zigzag-wrapper vc-zigzag-align-center\"><div class=\"vc-zigzag-inner\" style=\"width: 100%;min-height: 14px;background: 0 repeat-x url(&#039;data:image\/svg+xml;utf-8,%3C%3Fxml%20version%3D%221.0%22%20encoding%3D%22utf-8%22%3F%3E%3C%21DOCTYPE%20svg%20PUBLIC%20%22-%2F%2FW3C%2F%2FDTD%20SVG%201.1%2F%2FEN%22%20%22http%3A%2F%2Fwww.w3.org%2FGraphics%2FSVG%2F1.1%2FDTD%2Fsvg11.dtd%22%3E%3Csvg%20width%3D%2214px%22%20height%3D%2212px%22%20viewBox%3D%220%200%2018%2015%22%20version%3D%221.1%22%20xmlns%3D%22http%3A%2F%2Fwww.w3.org%2F2000%2Fsvg%22%20xmlns%3Axlink%3D%22http%3A%2F%2Fwww.w3.org%2F1999%2Fxlink%22%3E%3Cpolygon%20id%3D%22Combined-Shape%22%20fill%3D%22%23ebebeb%22%20points%3D%228.98762301%200%200%209.12771969%200%2014.519983%209%205.40479869%2018%2014.519983%2018%209.12771969%22%3E%3C%2Fpolygon%3E%3C%2Fsvg%3E&#039;);\"><\/div><\/div>\n\t<div class=\"wpb_text_column wpb_content_element\" >\n\t\t<div class=\"wpb_wrapper\">\n\t\t\t<p><iframe style=\"width: 100%; border: none;\" title=\"Formul\u00e1rio Wufoo incorporado\" src=\"https:\/\/langir.wufoo.com\/embed\/zcdgace1ql3iv4\/\" height=\"766\" frameborder=\"0\" scrolling=\"no\" sandbox=\"allow-popups-to-escape-sandbox allow-top-navigation allow-scripts allow-popups allow-forms allow-same-origin\"> <a href=\"https:\/\/langir.wufoo.com\/forms\/zcdgace1ql3iv4\/\" target=\"_blank\" rel=\"noopener\">Preencha meu formul\u00e1rio Wufoo!<\/a> <\/iframe><\/p>\n\n\t\t<\/div>\n\t<\/div>\n<\/div><\/div><\/div><\/div>\n<\/div>","protected":false},"excerpt":{"rendered":"TERMS OF USE Copyright Notice The contents of the web site are copyright \u00a9 2015 LANGIR (or its subsidiaries where so indicated and\/or its licensors), 2F, No.10 Longhe East Road, Liushi, Wenzhou, Zhejiang, China 325604 All Rights Reserved. Information on the web site, including but not limited to, text, images and sound, may not, except [...]","protected":false},"author":1,"featured_media":7464,"parent":0,"menu_order":26,"comment_status":"closed","ping_status":"closed","template":"page-default.php","meta":{"_acf_changed":false,"_metasync_otto_title":"","_metasync_otto_description":"","rank_math_title":"%title% | Electric Switches - %sitename%","rank_math_description":"The contents of the web site are copyright \u00a9 2015 LANGIR (or its subsidiaries where so indicated and\/or its licensors)","_yoast_wpseo_title":"","_yoast_wpseo_metadesc":"","footnotes":""},"class_list":["post-7463","page","type-page","status-publish","has-post-thumbnail","hentry","entry"],"acf":[],"post_mailing_queue_ids":[],"_links":{"self":[{"href":"https:\/\/www.langir.com\/pt\/wp-json\/wp\/v2\/pages\/7463","targetHints":{"allow":["GET"]}}],"collection":[{"href":"https:\/\/www.langir.com\/pt\/wp-json\/wp\/v2\/pages"}],"about":[{"href":"https:\/\/www.langir.com\/pt\/wp-json\/wp\/v2\/types\/page"}],"author":[{"embeddable":true,"href":"https:\/\/www.langir.com\/pt\/wp-json\/wp\/v2\/users\/1"}],"replies":[{"embeddable":true,"href":"https:\/\/www.langir.com\/pt\/wp-json\/wp\/v2\/comments?post=7463"}],"version-history":[{"count":2,"href":"https:\/\/www.langir.com\/pt\/wp-json\/wp\/v2\/pages\/7463\/revisions"}],"predecessor-version":[{"id":16182,"href":"https:\/\/www.langir.com\/pt\/wp-json\/wp\/v2\/pages\/7463\/revisions\/16182"}],"wp:featuredmedia":[{"embeddable":true,"href":"https:\/\/www.langir.com\/pt\/wp-json\/wp\/v2\/media\/7464"}],"wp:attachment":[{"href":"https:\/\/www.langir.com\/pt\/wp-json\/wp\/v2\/media?parent=7463"}],"curies":[{"name":"wp","href":"https:\/\/api.w.org\/{rel}","templated":true}]}}