{"id":7467,"date":"2019-11-21T09:02:21","date_gmt":"2019-11-21T09:02:21","guid":{"rendered":"https:\/\/www.langir.com\/?page_id=7467"},"modified":"2026-03-27T07:49:28","modified_gmt":"2026-03-27T07:49:28","slug":"product-customization","status":"publish","type":"page","link":"https:\/\/www.langir.com\/pt\/product-customization\/","title":{"rendered":"Personaliza\u00e7\u00e3o de produtos"},"content":{"rendered":"<div class=\"wpb-content-wrapper\"><div class=\"vc_row wpb_row vc_row-fluid\"><div class=\"wpb_column vc_column_container vc_col-sm-12\"><div class=\"vc_column-inner\"><div class=\"wpb_wrapper\">\n\t<div class=\"wpb_text_column wpb_content_element\" >\n\t\t<div class=\"wpb_wrapper\">\n\t\t\t\n\t\t<\/div>\n\t<\/div>\n\n\t<div class=\"wpb_text_column wpb_content_element\" >\n\t\t<div class=\"wpb_wrapper\">\n\t\t\t<p>Com mais de 10 anos de experi\u00eancia em desenvolvimento e produ\u00e7\u00e3o, a experi\u00eancia em design e fabrica\u00e7\u00e3o da Langir vai al\u00e9m da simples comuta\u00e7\u00e3o.<\/p>\n<p>A Langir oferece uma gama de mais de 1.000 n\u00fameros de pe\u00e7as que consistem em interruptores, indicadores e teclados em diferentes cores, marca\u00e7\u00f5es, acabamentos, formas e dimens\u00f5es... criando uma combina\u00e7\u00e3o ilimitada de possibilidades.<\/p>\n<p>Nossa oferta de produtos padr\u00e3o pode ser adaptada para atender \u00e0s necessidades espec\u00edficas dos clientes.<\/p>\n\n\t\t<\/div>\n\t<\/div>\n\n\t<div class=\"wpb_text_column wpb_content_element\" >\n\t\t<div class=\"wpb_wrapper\">\n\t\t\t<p><strong>Qual personaliza\u00e7\u00e3o?<\/strong><\/p>\n\n\t\t<\/div>\n\t<\/div>\n\n\t<div class=\"wpb_text_column wpb_content_element\" >\n\t\t<div class=\"wpb_wrapper\">\n\t\t\t<p>As pe\u00e7as do cat\u00e1logo padr\u00e3o da Langir est\u00e3o dispon\u00edveis para personaliza\u00e7\u00e3o e a um custo menor. Entre em contato com um representante da Langir para ajud\u00e1-lo.<\/p>\n\n\t\t<\/div>\n\t<\/div>\n\n\t<div class=\"wpb_text_column wpb_content_element\" >\n\t\t<div class=\"wpb_wrapper\">\n\t\t\t<h3><img decoding=\"async\" class=\"size-full wp-image-4870 alignleft\" src=\"..\/wp-content\/uploads\/2019\/02\/1.gif\" alt=\"\" width=\"40\" height=\"40\" \/>Op\u00e7\u00f5es de terminal<\/h3>\n\n\t\t<\/div>\n\t<\/div>\n\n\t<div class=\"wpb_text_column wpb_content_element\" >\n\t\t<div class=\"wpb_wrapper\">\n\t\t\t<table border=\"0\" width=\"100%\" cellspacing=\"1\" cellpadding=\"10\" bgcolor=\"#dcdcdc\">\n<tbody>\n<tr>\n<th bgcolor=\"#FFFFFF\">Chumbo voador<\/th>\n<th bgcolor=\"#FFFFFF\">Cabo<\/th>\n<th bgcolor=\"#FFFFFF\">Conector<\/th>\n<th bgcolor=\"#FFFFFF\">Resist\u00eancia<\/th>\n<th bgcolor=\"#FFFFFF\">R\u00f3tulo<\/th>\n<\/tr>\n<tr>\n<td align=\"center\" valign=\"middle\" bgcolor=\"#FFFFFF\"><img decoding=\"async\" class=\"aligncenter size-full wp-image-4881\" src=\"https:\/\/www.langir.com\/wp-content\/uploads\/2019\/02\/cable-0.gif\" alt=\"\" width=\"44\" height=\"40\" \/><\/td>\n<td align=\"center\" valign=\"middle\" bgcolor=\"#FFFFFF\"><img decoding=\"async\" class=\"size-full wp-image-4873 aligncenter\" src=\"https:\/\/www.langir.com\/wp-content\/uploads\/2019\/02\/3-cables.gif\" alt=\"Cabos\" width=\"306\" height=\"115\" \/><\/td>\n<td bgcolor=\"#FFFFFF\"><\/td>\n<td bgcolor=\"#FFFFFF\"><\/td>\n<td bgcolor=\"#FFFFFF\"><\/td>\n<\/tr>\n<\/tbody>\n<\/table>\n\n\t\t<\/div>\n\t<\/div>\n\n\t<div class=\"wpb_text_column wpb_content_element\" >\n\t\t<div class=\"wpb_wrapper\">\n\t\t\t<h3><img loading=\"lazy\" decoding=\"async\" class=\"size-full wp-image-4870 alignleft\" src=\"..\/wp-content\/uploads\/2019\/02\/2.gif\" alt=\"\" width=\"40\" height=\"40\" \/>Materiais<\/h3>\n\n\t\t<\/div>\n\t<\/div>\n\n\t<div class=\"wpb_text_column wpb_content_element\" >\n\t\t<div class=\"wpb_wrapper\">\n\t\t\t<p><strong>H\u00e1 v\u00e1rias op\u00e7\u00f5es dispon\u00edveis:<\/strong><\/p>\n<ul>\n<li>Lat\u00e3o<\/li>\n<li>Alum\u00ednio anodizado<\/li>\n<li>A\u00e7o inoxid\u00e1vel 304 para material padr\u00e3o do interruptor antivandalismo<\/li>\n<li>Material padr\u00e3o de a\u00e7o inoxid\u00e1vel 316L para interruptor piezoel\u00e9trico e interruptor capacitivo<\/li>\n<\/ul>\n\n\t\t<\/div>\n\t<\/div>\n\n\t<div class=\"wpb_text_column wpb_content_element\" >\n\t\t<div class=\"wpb_wrapper\">\n\t\t\t<h3><img loading=\"lazy\" decoding=\"async\" class=\"size-full wp-image-4870 alignleft\" src=\"..\/wp-content\/uploads\/2019\/02\/3.gif\" alt=\"\" width=\"40\" height=\"40\" \/>Marca\u00e7\u00e3o<\/h3>\n\n\t\t<\/div>\n\t<\/div>\n\n\t<div class=\"wpb_text_column wpb_content_element\" >\n\t\t<div class=\"wpb_wrapper\">\n\t\t\t<p>H\u00e1 muitos tipos de marca\u00e7\u00e3o dispon\u00edveis.<\/p>\n<table border=\"0\" width=\"100%\" cellspacing=\"1\" cellpadding=\"10\" bgcolor=\"#dcdcdc\">\n<tbody>\n<tr>\n<th bgcolor=\"#FFFFFF\">Processo<\/th>\n<th bgcolor=\"#FFFFFF\">Custo<\/th>\n<th bgcolor=\"#FFFFFF\">Durabilidade<\/th>\n<th bgcolor=\"#FFFFFF\">Ilumina\u00e7\u00e3o de fundo<\/th>\n<\/tr>\n<tr>\n<th scope=\"row\" align=\"left\" bgcolor=\"#FFFFFF\">Impress\u00e3o em bloco<\/th>\n<td align=\"center\" bgcolor=\"#FFFFFF\"><img decoding=\"async\" class=\"aligncenter size-full wp-image-4887\" title=\"Bom\" src=\"https:\/\/www.langir.com\/wp-content\/uploads\/2019\/02\/good-blue.gif\" alt=\"Bom\" \/><\/td>\n<td align=\"center\" bgcolor=\"#FFFFFF\"><img decoding=\"async\" class=\"aligncenter size-full wp-image-4879\" title=\"M\u00e9dia\" src=\"https:\/\/www.langir.com\/wp-content\/uploads\/2019\/02\/average-blue.gif\" alt=\"M\u00e9dia\" \/><\/td>\n<td align=\"center\" bgcolor=\"#FFFFFF\"><img decoding=\"async\" class=\"aligncenter size-full wp-image-4880\" title=\"Ruim\" src=\"https:\/\/www.langir.com\/wp-content\/uploads\/2019\/02\/bad-blue.gif\" alt=\"Ruim\" \/><\/td>\n<\/tr>\n<tr>\n<th scope=\"row\" align=\"left\" bgcolor=\"#FFFFFF\">Estampagem a quente<\/th>\n<td align=\"center\" bgcolor=\"#FFFFFF\"><img decoding=\"async\" class=\"aligncenter size-full wp-image-4879\" title=\"M\u00e9dia\" src=\"https:\/\/www.langir.com\/wp-content\/uploads\/2019\/02\/average-blue.gif\" alt=\"M\u00e9dia\" \/><\/td>\n<td align=\"center\" bgcolor=\"#FFFFFF\"><img decoding=\"async\" class=\"aligncenter size-full wp-image-4887\" title=\"Bom\" src=\"https:\/\/www.langir.com\/wp-content\/uploads\/2019\/02\/good-blue.gif\" alt=\"Bom\" \/><\/td>\n<td align=\"center\" bgcolor=\"#FFFFFF\"><img decoding=\"async\" class=\"aligncenter size-full wp-image-4879\" title=\"M\u00e9dia\" src=\"https:\/\/www.langir.com\/wp-content\/uploads\/2019\/02\/average-blue.gif\" alt=\"M\u00e9dia\" \/><\/td>\n<\/tr>\n<tr>\n<th scope=\"row\" align=\"left\" bgcolor=\"#FFFFFF\">Grava\u00e7\u00e3o a laser<\/th>\n<td align=\"center\" bgcolor=\"#FFFFFF\"><img decoding=\"async\" class=\"aligncenter size-full wp-image-4887\" title=\"Bom\" src=\"https:\/\/www.langir.com\/wp-content\/uploads\/2019\/02\/good-blue.gif\" alt=\"Bom\" \/><\/td>\n<td align=\"center\" bgcolor=\"#FFFFFF\"><img decoding=\"async\" class=\"aligncenter size-full wp-image-4887\" title=\"Bom\" src=\"https:\/\/www.langir.com\/wp-content\/uploads\/2019\/02\/good-blue.gif\" alt=\"Bom\" \/><\/td>\n<td align=\"center\" bgcolor=\"#FFFFFF\"><img decoding=\"async\" class=\"aligncenter size-full wp-image-4887\" title=\"Bom\" src=\"https:\/\/www.langir.com\/wp-content\/uploads\/2019\/02\/good-blue.gif\" alt=\"Bom\" \/><\/td>\n<\/tr>\n<tr>\n<th scope=\"row\" align=\"left\" bgcolor=\"#FFFFFF\">Qu\u00edmica<\/th>\n<td align=\"center\" bgcolor=\"#FFFFFF\"><img decoding=\"async\" class=\"aligncenter size-full wp-image-4880\" title=\"Ruim\" src=\"https:\/\/www.langir.com\/wp-content\/uploads\/2019\/02\/bad-blue.gif\" alt=\"Ruim\" \/><\/td>\n<td align=\"center\" bgcolor=\"#FFFFFF\"><img decoding=\"async\" class=\"aligncenter size-full wp-image-4887\" title=\"Bom\" src=\"https:\/\/www.langir.com\/wp-content\/uploads\/2019\/02\/good-blue.gif\" alt=\"Bom\" \/><\/td>\n<td align=\"center\" bgcolor=\"#FFFFFF\"><img decoding=\"async\" class=\"aligncenter size-full wp-image-4887\" title=\"Bom\" src=\"https:\/\/www.langir.com\/wp-content\/uploads\/2019\/02\/good-blue.gif\" alt=\"Bom\" \/><\/td>\n<\/tr>\n<\/tbody>\n<\/table>\n<p>A escolha depender\u00e1 do uso esperado do componente.<\/p>\n\n\t\t<\/div>\n\t<\/div>\n\n\t<div class=\"wpb_text_column wpb_content_element\" >\n\t\t<div class=\"wpb_wrapper\">\n\t\t\t<h3><img loading=\"lazy\" decoding=\"async\" class=\"size-full wp-image-4870 alignleft\" src=\"..\/wp-content\/uploads\/2019\/02\/4.gif\" alt=\"\" width=\"40\" height=\"40\" \/>Cor<\/h3>\n\n\t\t<\/div>\n\t<\/div>\n\n\t<div class=\"wpb_text_column wpb_content_element\" >\n\t\t<div class=\"wpb_wrapper\">\n\t\t\t<table border=\"0\" width=\"100%\" cellspacing=\"1\" cellpadding=\"10\" bgcolor=\"#dcdcdc\">\n<tbody>\n<tr>\n<th align=\"left\" bgcolor=\"#FFFFFF\">As pe\u00e7as pl\u00e1sticas em materiais selecionados est\u00e3o dispon\u00edveis em cores espec\u00edficas (RAL, pantone) ou podem ser criadas em cores espec\u00edficas. <strong>uma cor totalmente personalizada<\/strong>.<\/th>\n<\/tr>\n<tr>\n<th scope=\"row\" align=\"left\" bgcolor=\"#FFFFFF\"><img loading=\"lazy\" decoding=\"async\" class=\"size-full wp-image-4901 alignleft\" src=\"https:\/\/www.langir.com\/wp-content\/uploads\/2019\/02\/plastic-granules.jpg\" alt=\"\" width=\"700\" height=\"401\" \/><\/th>\n<\/tr>\n<tr>\n<th scope=\"row\" align=\"left\" bgcolor=\"#FFFFFF\">As pe\u00e7as met\u00e1licas podem ser anodizadas em uma ampla gama de cores.<\/th>\n<\/tr>\n<tr>\n<th scope=\"row\" align=\"left\" bgcolor=\"#FFFFFF\"><img loading=\"lazy\" decoding=\"async\" class=\"size-full wp-image-4914 alignleft\" src=\"https:\/\/www.langir.com\/wp-content\/uploads\/2019\/02\/colors-laiton.jpg\" alt=\"\" width=\"700\" height=\"120\" \/><\/th>\n<\/tr>\n<tr>\n<th scope=\"row\" align=\"left\" bgcolor=\"#FFFFFF\">LEDs em uma ampla gama de cores.<\/th>\n<\/tr>\n<tr>\n<th scope=\"row\" align=\"left\" bgcolor=\"#FFFFFF\"><img loading=\"lazy\" decoding=\"async\" class=\"size-full wp-image-4899 alignleft\" src=\"https:\/\/www.langir.com\/wp-content\/uploads\/2019\/02\/LED.jpg\" alt=\"\" width=\"700\" height=\"600\" \/><\/th>\n<\/tr>\n<\/tbody>\n<\/table>\n\n\t\t<\/div>\n\t<\/div>\n\n\t<div class=\"wpb_text_column wpb_content_element\" >\n\t\t<div class=\"wpb_wrapper\">\n\t\t\t<h3><img loading=\"lazy\" decoding=\"async\" class=\"size-full wp-image-4870 alignleft\" src=\"https:\/\/www.langir.com\/wp-content\/uploads\/2019\/02\/5.gif\" alt=\"\" width=\"40\" height=\"40\" \/>S\u00edmbolo<\/h3>\n\n\t\t<\/div>\n\t<\/div>\n\n\t<div class=\"wpb_text_column wpb_content_element\" >\n\t\t<div class=\"wpb_wrapper\">\n\t\t\t<p><strong>A impress\u00e3o a laser \u00e9 padr\u00e3o<\/strong>mas h\u00e1 muitas outras solu\u00e7\u00f5es:<\/p>\n<table border=\"0\" width=\"100%\" cellspacing=\"1\" cellpadding=\"10\" bgcolor=\"#dcdcdc\">\n<tbody>\n<tr>\n<td bgcolor=\"#FFFFFF\"><img decoding=\"async\" class=\"size-full wp-image-4889 alignleft\" src=\"https:\/\/www.langir.com\/wp-content\/uploads\/2019\/02\/symbol.jpg\" alt=\"S\u00edmbolo\" \/><\/td>\n<\/tr>\n<\/tbody>\n<\/table>\n<p>Para obter mais informa\u00e7\u00f5es, entre em contato com seu gerente de vendas.<\/p>\n\n\t\t<\/div>\n\t<\/div>\n\n\t<div class=\"wpb_text_column wpb_content_element\" >\n\t\t<div class=\"wpb_wrapper\">\n\t\t\t<h3><img loading=\"lazy\" decoding=\"async\" class=\"size-full wp-image-4870 alignleft\" src=\"https:\/\/www.langir.com\/wp-content\/uploads\/2019\/02\/6.gif\" alt=\"\" width=\"40\" height=\"40\" \/>Formas<\/h3>\n\n\t\t<\/div>\n\t<\/div>\n\n\t<div class=\"wpb_text_column wpb_content_element\" >\n\t\t<div class=\"wpb_wrapper\">\n\t\t\t<table border=\"0\" width=\"100%\" cellspacing=\"1\" cellpadding=\"10\" bgcolor=\"#dcdcdc\">\n<tbody>\n<tr>\n<td bgcolor=\"#FFFFFF\"><strong>Atuadores de metal<\/strong> pode ser facilmente adaptado:<\/p>\n<ul>\n<li>Forma<\/li>\n<li>Di\u00e2metro<\/li>\n<li>Comprimento<\/li>\n<\/ul>\n<\/td>\n<td bgcolor=\"#FFFFFF\">Para <strong>pe\u00e7as pl\u00e1sticas<\/strong>A mudan\u00e7a do molde de inje\u00e7\u00e3o<br \/>\nAs cavidades permitem a cria\u00e7\u00e3o de novas formas <strong>com rapidez e custo<br \/>\nefetivamente<\/strong>.<\/td>\n<\/tr>\n<tr>\n<td bgcolor=\"#FFFFFF\"><img loading=\"lazy\" decoding=\"async\" class=\"size-full wp-image-4284\" src=\"https:\/\/www.langir.com\/wp-content\/uploads\/2015\/03\/30mm-non-illum-piezo-switch.jpg\" alt=\"Interruptor piezoel\u00e9trico de 30 mm\" width=\"200\" height=\"250\" \/><\/td>\n<td bgcolor=\"#FFFFFF\"><img loading=\"lazy\" decoding=\"async\" class=\"size-full wp-image-4886 alignleft\" src=\"https:\/\/www.langir.com\/wp-content\/uploads\/2019\/02\/forme-2.jpg\" alt=\"\" width=\"444\" height=\"197\" \/><\/td>\n<\/tr>\n<\/tbody>\n<\/table>\n\n\t\t<\/div>\n\t<\/div>\n\n<div class=\"vc-zigzag-wrapper vc-zigzag-align-center\"><div class=\"vc-zigzag-inner\" style=\"width: 100%;min-height: 14px;background: 0 repeat-x url(&#039;data:image\/svg+xml;utf-8,%3C%3Fxml%20version%3D%221.0%22%20encoding%3D%22utf-8%22%3F%3E%3C%21DOCTYPE%20svg%20PUBLIC%20%22-%2F%2FW3C%2F%2FDTD%20SVG%201.1%2F%2FEN%22%20%22http%3A%2F%2Fwww.w3.org%2FGraphics%2FSVG%2F1.1%2FDTD%2Fsvg11.dtd%22%3E%3Csvg%20width%3D%2214px%22%20height%3D%2212px%22%20viewBox%3D%220%200%2018%2015%22%20version%3D%221.1%22%20xmlns%3D%22http%3A%2F%2Fwww.w3.org%2F2000%2Fsvg%22%20xmlns%3Axlink%3D%22http%3A%2F%2Fwww.w3.org%2F1999%2Fxlink%22%3E%3Cpolygon%20id%3D%22Combined-Shape%22%20fill%3D%22%23ebebeb%22%20points%3D%228.98762301%200%200%209.12771969%200%2014.519983%209%205.40479869%2018%2014.519983%2018%209.12771969%22%3E%3C%2Fpolygon%3E%3C%2Fsvg%3E&#039;);\"><\/div><\/div>\n\t<div class=\"wpb_text_column wpb_content_element\" >\n\t\t<div class=\"wpb_wrapper\">\n\t\t\t<p><iframe style=\"width: 100%; border: none;\" title=\"Formul\u00e1rio Wufoo incorporado\" src=\"https:\/\/langir.wufoo.com\/embed\/z1f9dkcq1g0s58i\/\" height=\"1133\" frameborder=\"0\" scrolling=\"no\" sandbox=\"allow-popups-to-escape-sandbox allow-top-navigation allow-scripts allow-popups allow-forms allow-same-origin\"> <a href=\"https:\/\/langir.wufoo.com\/forms\/z1f9dkcq1g0s58i\/\" target=\"_blank\" rel=\"noopener\">Preencha meu formul\u00e1rio Wufoo!<\/a> <\/iframe><\/p>\n\n\t\t<\/div>\n\t<\/div>\n<\/div><\/div><\/div><\/div>\n<\/div>","protected":false},"excerpt":{"rendered":"With over 10 years experience in the development and production, Langir's design and manufacturing expertise goes beyond simple switching. Langir offers a range of more than 1,000 part numbers consisting of switches, indicators and keypads in different colors, markings, finishes, shapes and dimensions\u2026 creating an unlimited combinations of possibilities. Our standard product offering can be [...]","protected":false},"author":1,"featured_media":8761,"parent":0,"menu_order":25,"comment_status":"closed","ping_status":"closed","template":"page-default.php","meta":{"_acf_changed":false,"footnotes":""},"class_list":["post-7467","page","type-page","status-publish","has-post-thumbnail","hentry","entry"],"acf":[],"post_mailing_queue_ids":[],"_links":{"self":[{"href":"https:\/\/www.langir.com\/pt\/wp-json\/wp\/v2\/pages\/7467","targetHints":{"allow":["GET"]}}],"collection":[{"href":"https:\/\/www.langir.com\/pt\/wp-json\/wp\/v2\/pages"}],"about":[{"href":"https:\/\/www.langir.com\/pt\/wp-json\/wp\/v2\/types\/page"}],"author":[{"embeddable":true,"href":"https:\/\/www.langir.com\/pt\/wp-json\/wp\/v2\/users\/1"}],"replies":[{"embeddable":true,"href":"https:\/\/www.langir.com\/pt\/wp-json\/wp\/v2\/comments?post=7467"}],"version-history":[{"count":2,"href":"https:\/\/www.langir.com\/pt\/wp-json\/wp\/v2\/pages\/7467\/revisions"}],"predecessor-version":[{"id":16136,"href":"https:\/\/www.langir.com\/pt\/wp-json\/wp\/v2\/pages\/7467\/revisions\/16136"}],"wp:featuredmedia":[{"embeddable":true,"href":"https:\/\/www.langir.com\/pt\/wp-json\/wp\/v2\/media\/8761"}],"wp:attachment":[{"href":"https:\/\/www.langir.com\/pt\/wp-json\/wp\/v2\/media?parent=7467"}],"curies":[{"name":"wp","href":"https:\/\/api.w.org\/{rel}","templated":true}]}}