{"id":7484,"date":"2019-11-21T09:11:38","date_gmt":"2019-11-21T09:11:38","guid":{"rendered":"https:\/\/www.langir.com\/?page_id=7484"},"modified":"2020-08-31T05:46:47","modified_gmt":"2020-08-31T05:46:47","slug":"thanks-subscribe-to-our-newsletter","status":"publish","type":"page","link":"https:\/\/www.langir.com\/pt\/thanks-subscribe-to-our-newsletter\/","title":{"rendered":"Obrigado Assine nosso boletim informativo"},"content":{"rendered":"<div class=\"wpb-content-wrapper\"><div class=\"vc_row wpb_row vc_row-fluid vc_custom_1427872445081\"><div class=\"wpb_column vc_column_container vc_col-sm-12\"><div class=\"vc_column-inner\"><div class=\"wpb_wrapper\">\n\t<div class=\"wpb_text_column wpb_content_element\" >\n\t\t<div class=\"wpb_wrapper\">\n\t\t\t<p>Ol\u00e1 amigos:<\/p>\n<p>Muito obrigado por assinar nosso boletim informativo. Ao assinar esse informativo, voc\u00ea receber\u00e1 regularmente informa\u00e7\u00f5es sobre novos produtos, o design, os planos futuros e a exposi\u00e7\u00e3o, os programas de treinamento.<\/p>\n<p>Se voc\u00ea n\u00e3o receber uma resposta da nossa equipe, sempre h\u00e1 um bom motivo: Verifique seu filtro de spam ou firewall, pois \u00e9 prov\u00e1vel que eles estejam bloqueando nossa resposta.<\/p>\n<p>Sauda\u00e7\u00f5es,<br \/>\n<strong>A equipe da LANGIR<\/strong><\/p>\n\n\t\t<\/div>\n\t<\/div>\n<\/div><\/div><\/div><\/div>\n<\/div>","protected":false},"excerpt":{"rendered":"Hello friends: Thanks a lot for subscribing to our newsletter. Subscribe to this information you will regularly receive new products information, the design, the future plans and Exhibition, training programs. If you don't receive a reply from our team, there's always a good reason: Please check your Spam filter or Firewall, as they're likely blocking [...]","protected":false},"author":1,"featured_media":7480,"parent":0,"menu_order":19,"comment_status":"closed","ping_status":"closed","template":"page-default.php","meta":{"_acf_changed":false,"_metasync_otto_title":"","_metasync_otto_description":"","rank_math_title":"","rank_math_description":"Subscribe to this information you will regularly receive new products information, the design, the future plans and Exhibition, training programs.","_yoast_wpseo_title":"","_yoast_wpseo_metadesc":"","footnotes":""},"class_list":["post-7484","page","type-page","status-publish","has-post-thumbnail","hentry","entry"],"acf":[],"post_mailing_queue_ids":[],"_links":{"self":[{"href":"https:\/\/www.langir.com\/pt\/wp-json\/wp\/v2\/pages\/7484","targetHints":{"allow":["GET"]}}],"collection":[{"href":"https:\/\/www.langir.com\/pt\/wp-json\/wp\/v2\/pages"}],"about":[{"href":"https:\/\/www.langir.com\/pt\/wp-json\/wp\/v2\/types\/page"}],"author":[{"embeddable":true,"href":"https:\/\/www.langir.com\/pt\/wp-json\/wp\/v2\/users\/1"}],"replies":[{"embeddable":true,"href":"https:\/\/www.langir.com\/pt\/wp-json\/wp\/v2\/comments?post=7484"}],"version-history":[{"count":0,"href":"https:\/\/www.langir.com\/pt\/wp-json\/wp\/v2\/pages\/7484\/revisions"}],"wp:featuredmedia":[{"embeddable":true,"href":"https:\/\/www.langir.com\/pt\/wp-json\/wp\/v2\/media\/7480"}],"wp:attachment":[{"href":"https:\/\/www.langir.com\/pt\/wp-json\/wp\/v2\/media?parent=7484"}],"curies":[{"name":"wp","href":"https:\/\/api.w.org\/{rel}","templated":true}]}}