{"id":8982,"date":"2022-12-20T01:31:36","date_gmt":"2022-12-20T01:31:36","guid":{"rendered":"https:\/\/www.langir.com\/imprint\/"},"modified":"2022-12-20T02:17:53","modified_gmt":"2022-12-20T02:17:53","slug":"imprint","status":"publish","type":"page","link":"https:\/\/www.langir.com\/pt\/imprint\/","title":{"rendered":"Impress\u00e3o"},"content":{"rendered":"<p><!-- Legal document generated by Complianz | GDPR\/CCPA Cookie Consent https:\/\/wordpress.org\/plugins\/complianz-gdpr --><\/p>\n<div id=\"cmplz-document\" class=\"cmplz-document impressum cmplz-document-all\">\n<p><i>Esta impress\u00e3o foi atualizada pela \u00faltima vez em 20 de dezembro de 2022.<\/i><\/p>\n<p class=\"cmplz-subtitle\">O propriet\u00e1rio deste site \u00e9:<\/p>\n<p>Yueqing Langir Electric Co., Ltd<br \/>\n2F, Longhe East Rd, Liushi, Yueqing, Zhejiang, China 325604<br \/>\nChina<br \/>\nE-mail:\u00a0<span class=\"cmplz-obfuscate\">langir@langir.com<\/span><br \/>\nN\u00famero de telefone: 057762737672<\/p>\n<h2><span style=\"font-size: 14pt;\"><strong>1. Geral<\/strong><\/span><\/h2>\n<p>N\u00e3o estamos dispostos ou obrigados a participar de procedimentos de resolu\u00e7\u00e3o de disputas perante um conselho de arbitragem de consumidores.<\/p>\n<h2><span style=\"font-size: 14pt;\"><strong>2. As informa\u00e7\u00f5es a seguir s\u00e3o obrigat\u00f3rias de acordo com a legisla\u00e7\u00e3o chinesa.<\/strong><\/span><\/h2>\n<\/div>","protected":false},"excerpt":{"rendered":"<p>This imprint was last updated on 12\u6708 20, 2022. The owner of this website is: Yueqing Langir Electric Co., Ltd 2F, Longhe East Rd, Liushi, Yueqing, Zhejiang, China 325604 China Email:\u00a0langir@langir.com Phone number: 057762737672 1. General We are not willing or obliged to participate in dispute resolution procedures before a consumer arbitration board. 2. The [&hellip;]<\/p>\n","protected":false},"author":1,"featured_media":0,"parent":0,"menu_order":12,"comment_status":"closed","ping_status":"closed","template":"page-default.php","meta":{"_acf_changed":false,"_metasync_otto_title":"","_metasync_otto_description":"","_metasync_otto_keywords":"","_metasync_otto_og_title":"","_metasync_otto_og_description":"","_metasync_otto_twitter_title":"","_metasync_otto_twitter_description":"","rank_math_title":"","rank_math_description":"","_yoast_wpseo_title":"","_yoast_wpseo_metadesc":"","_aioseo_title":"","_aioseo_description":"","_metasync_seo_title":"","_metasync_seo_desc":"","_metasync_breadcrumb_title":"","_metasync_primary_category":0,"_metasync_primary_product_cat":0,"_metasync_otto_disabled":"","_metasync_hreflang":"","footnotes":""},"class_list":["post-8982","page","type-page","status-publish","hentry","entry"],"acf":[],"post_mailing_queue_ids":[],"_links":{"self":[{"href":"https:\/\/www.langir.com\/pt\/wp-json\/wp\/v2\/pages\/8982","targetHints":{"allow":["GET"]}}],"collection":[{"href":"https:\/\/www.langir.com\/pt\/wp-json\/wp\/v2\/pages"}],"about":[{"href":"https:\/\/www.langir.com\/pt\/wp-json\/wp\/v2\/types\/page"}],"author":[{"embeddable":true,"href":"https:\/\/www.langir.com\/pt\/wp-json\/wp\/v2\/users\/1"}],"replies":[{"embeddable":true,"href":"https:\/\/www.langir.com\/pt\/wp-json\/wp\/v2\/comments?post=8982"}],"version-history":[{"count":0,"href":"https:\/\/www.langir.com\/pt\/wp-json\/wp\/v2\/pages\/8982\/revisions"}],"wp:attachment":[{"href":"https:\/\/www.langir.com\/pt\/wp-json\/wp\/v2\/media?parent=8982"}],"curies":[{"name":"wp","href":"https:\/\/api.w.org\/{rel}","templated":true}]}}