{"id":8983,"date":"2022-12-20T01:31:36","date_gmt":"2022-12-20T01:31:36","guid":{"rendered":"https:\/\/www.langir.com\/disclaimer\/"},"modified":"2022-12-20T01:54:33","modified_gmt":"2022-12-20T01:54:33","slug":"disclaimer","status":"publish","type":"page","link":"https:\/\/www.langir.com\/pt\/disclaimer\/","title":{"rendered":"Isen\u00e7\u00e3o de responsabilidade"},"content":{"rendered":"<!-- Legal document generated by Complianz | GDPR\/CCPA Cookie Consent https:\/\/wordpress.org\/plugins\/complianz-gdpr -->\n<div id=\"cmplz-document\" class=\"cmplz-document disclaimer cmplz-document-all\"><p>A Yueqing Langir Electric Co., Ltd tem o compromisso de manter este site atualizado e preciso. No entanto, caso encontre alguma informa\u00e7\u00e3o incorreta ou desatualizada, gostar\u00edamos que nos informasse. Indique em que parte do site voc\u00ea leu a informa\u00e7\u00e3o. N\u00f3s analisaremos a quest\u00e3o o mais r\u00e1pido poss\u00edvel. Envie sua resposta por e-mail para: <span class=\"cmplz-obfuscate\">langir@<span class=\"cmplz-fmail-domain\">ex.com<\/span>l&#097;ng&#105;r.com<\/span>.<\/p><p>Todos os dados pessoais que voc\u00ea nos fornecer no contexto de sua resposta ou solicita\u00e7\u00e3o de informa\u00e7\u00f5es ser\u00e3o usados somente de acordo com nossa declara\u00e7\u00e3o de privacidade.<\/p><p>Todos os direitos de propriedade intelectual do conte\u00fado deste site s\u00e3o de propriedade da Yueqing Langir Electric Co., Ltd.<\/p><p>A c\u00f3pia, a dissemina\u00e7\u00e3o e qualquer outro uso desses materiais n\u00e3o s\u00e3o permitidos sem a permiss\u00e3o por escrito da Yueqing Langir Electric Co., Ltd., exceto e somente na medida em que for estipulado de outra forma nos regulamentos da lei obrigat\u00f3ria (como o direito de cita\u00e7\u00e3o), a menos que o conte\u00fado espec\u00edfico determine o contr\u00e1rio.<\/p><p>Se tiver alguma d\u00favida ou problema com a acessibilidade do site, n\u00e3o hesite em entrar em contato conosco.<\/p><\/div>","protected":false},"excerpt":{"rendered":"Yueqing Langir Electric Co., Ltd is committed to keeping this website up to date and accurate. Should you nevertheless encounter anything that is incorrect or out of date, we would appreciate it if you could let us know. Please indicate where on the website you read the information. We will then look at this as [...]","protected":false},"author":1,"featured_media":0,"parent":0,"menu_order":11,"comment_status":"closed","ping_status":"closed","template":"page-default.php","meta":{"_acf_changed":false,"_metasync_otto_title":"","_metasync_otto_description":"","_metasync_otto_keywords":"","_metasync_otto_og_title":"","_metasync_otto_og_description":"","_metasync_otto_twitter_title":"","_metasync_otto_twitter_description":"","rank_math_title":"","rank_math_description":"","_yoast_wpseo_title":"","_yoast_wpseo_metadesc":"","_aioseo_title":"","_aioseo_description":"","_metasync_seo_title":"","_metasync_seo_desc":"","_metasync_breadcrumb_title":"","_metasync_primary_category":0,"_metasync_primary_product_cat":0,"_metasync_otto_disabled":"","_metasync_hreflang":"","footnotes":""},"class_list":["post-8983","page","type-page","status-publish","hentry","entry"],"acf":[],"post_mailing_queue_ids":[],"_links":{"self":[{"href":"https:\/\/www.langir.com\/pt\/wp-json\/wp\/v2\/pages\/8983","targetHints":{"allow":["GET"]}}],"collection":[{"href":"https:\/\/www.langir.com\/pt\/wp-json\/wp\/v2\/pages"}],"about":[{"href":"https:\/\/www.langir.com\/pt\/wp-json\/wp\/v2\/types\/page"}],"author":[{"embeddable":true,"href":"https:\/\/www.langir.com\/pt\/wp-json\/wp\/v2\/users\/1"}],"replies":[{"embeddable":true,"href":"https:\/\/www.langir.com\/pt\/wp-json\/wp\/v2\/comments?post=8983"}],"version-history":[{"count":0,"href":"https:\/\/www.langir.com\/pt\/wp-json\/wp\/v2\/pages\/8983\/revisions"}],"wp:attachment":[{"href":"https:\/\/www.langir.com\/pt\/wp-json\/wp\/v2\/media?parent=8983"}],"curies":[{"name":"wp","href":"https:\/\/api.w.org\/{rel}","templated":true}]}}