{"id":8990,"date":"2022-12-20T01:37:43","date_gmt":"2022-12-20T01:37:43","guid":{"rendered":"https:\/\/www.langir.com\/terms-conditions\/"},"modified":"2026-04-08T03:29:31","modified_gmt":"2026-04-08T03:29:31","slug":"terms-conditions","status":"publish","type":"page","link":"https:\/\/www.langir.com\/pt\/terms-conditions\/","title":{"rendered":"Terms &#038; Conditions"},"content":{"rendered":"<div class=\"wpb-content-wrapper\"><div class=\"vc_row wpb_row vc_row-fluid\"><div class=\"wpb_column vc_column_container vc_col-sm-12\"><div class=\"vc_column-inner\"><div class=\"wpb_wrapper\">\n\t<div class=\"wpb_text_column wpb_content_element\" >\n\t\t<div class=\"wpb_wrapper\">\n\t\t\t\n<!-- This legal document was generated by Complianz Terms &amp; Conditions https:\/\/wordpress.org\/plugins\/complianz-terms-conditions -->\n<div id=\"cmplz-document\" class=\"cmplz-document cmplz-terms-conditions\"><p><i>The Terms and Conditions were last updated on February 9, 2023<\/i><\/p><h2>1. Introdu\u00e7\u00e3o<\/h2><p>Estes Termos e condi\u00e7\u00f5es se aplicam a este site e \u00e0s transa\u00e7\u00f5es relacionadas aos nossos produtos e servi\u00e7os. Voc\u00ea poder\u00e1 estar vinculado a contratos adicionais relacionados ao seu relacionamento conosco ou a quaisquer produtos ou servi\u00e7os que receber de n\u00f3s. Se quaisquer disposi\u00e7\u00f5es dos contratos adicionais entrarem em conflito com quaisquer disposi\u00e7\u00f5es destes Termos, as disposi\u00e7\u00f5es desses contratos adicionais controlar\u00e3o e prevalecer\u00e3o.<\/p><h2>2. Vincula\u00e7\u00e3o<\/h2><p>Ao se registrar, acessar ou usar este site, o usu\u00e1rio concorda em obedecer aos Termos e condi\u00e7\u00f5es estabelecidos abaixo. O simples uso deste site implica o conhecimento e a aceita\u00e7\u00e3o destes Termos e condi\u00e7\u00f5es. Em alguns casos espec\u00edficos, tamb\u00e9m podemos solicitar que voc\u00ea concorde explicitamente.<\/p><h2>3. Comunica\u00e7\u00e3o eletr\u00f4nica<\/h2><p>Ao usar este site ou comunicar-se conosco por meios eletr\u00f4nicos, voc\u00ea concorda e reconhece que podemos nos comunicar com voc\u00ea eletronicamente em nosso site ou enviando um e-mail para voc\u00ea, e voc\u00ea concorda que todos os contratos, avisos, divulga\u00e7\u00f5es e outras comunica\u00e7\u00f5es que fornecemos a voc\u00ea eletronicamente satisfazem qualquer exig\u00eancia legal, incluindo, entre outros, a exig\u00eancia de que tais comunica\u00e7\u00f5es sejam feitas por escrito.<\/p><h2>4. Propriedade intelectual<\/h2><p>N\u00f3s ou nossos licenciadores detemos e controlamos todos os direitos autorais e outros direitos de propriedade intelectual do site e dos dados, informa\u00e7\u00f5es e outros recursos exibidos ou acess\u00edveis no site.<\/p><p class=\"cmplz-subtitle\">4.1 Todos os direitos s\u00e3o reservados<\/p><p>A menos que o conte\u00fado espec\u00edfico determine o contr\u00e1rio, n\u00e3o lhe \u00e9 concedida uma licen\u00e7a ou qualquer outro direito sob direitos autorais, marcas registradas, patentes ou outros direitos de propriedade intelectual. Isso significa que voc\u00ea n\u00e3o usar\u00e1, copiar\u00e1, reproduzir\u00e1, executar\u00e1, exibir\u00e1, distribuir\u00e1, incorporar\u00e1 em qualquer meio eletr\u00f4nico, alterar\u00e1, far\u00e1 engenharia reversa, descompilar\u00e1, transferir\u00e1, baixar\u00e1, transmitir\u00e1, monetizar\u00e1, vender\u00e1, comercializar\u00e1 ou comercializar\u00e1 quaisquer recursos deste site, sob qualquer forma, sem nossa permiss\u00e3o pr\u00e9via por escrito, exceto e somente na medida em que for estipulado de outra forma em regulamentos de lei obrigat\u00f3ria (como o direito de cita\u00e7\u00e3o).<\/p><h2>5. Propriedade de terceiros<\/h2><p>Nosso site pode incluir hyperlinks ou outras refer\u00eancias a sites de terceiros. N\u00e3o monitoramos nem analisamos o conte\u00fado de sites de terceiros que estejam vinculados a este site. Os produtos ou servi\u00e7os oferecidos por outros sites estar\u00e3o sujeitos aos Termos e Condi\u00e7\u00f5es aplic\u00e1veis desses terceiros. As opini\u00f5es expressas ou o material que aparece nesses sites n\u00e3o s\u00e3o necessariamente compartilhados ou endossados por n\u00f3s.<\/p><p>N\u00e3o nos responsabilizamos por nenhuma pr\u00e1tica de privacidade ou conte\u00fado desses sites. Voc\u00ea assume todos os riscos associados ao uso desses sites e de quaisquer servi\u00e7os de terceiros relacionados. N\u00e3o aceitaremos qualquer responsabilidade por perdas ou danos de qualquer natureza, independentemente da causa, resultantes da divulga\u00e7\u00e3o de informa\u00e7\u00f5es pessoais a terceiros.<\/p><h2>6. Uso respons\u00e1vel<\/h2><p>Ao visitar nosso site, voc\u00ea concorda em us\u00e1-lo somente para os fins pretendidos e conforme permitido por estes Termos, por quaisquer contratos adicionais firmados conosco e pelas leis e regulamentos aplic\u00e1veis, bem como pelas pr\u00e1ticas on-line e diretrizes do setor geralmente aceitas. Voc\u00ea n\u00e3o deve usar nosso site ou servi\u00e7os para usar, publicar ou distribuir qualquer material que consista em (ou esteja vinculado a) software de computador malicioso; usar dados coletados de nosso site para qualquer atividade de marketing direto ou conduzir qualquer atividade sistem\u00e1tica ou automatizada de coleta de dados em ou em rela\u00e7\u00e3o ao nosso site.<\/p><p>O envolvimento em qualquer atividade que cause, ou possa causar, danos ao site ou que interfira no desempenho, na disponibilidade ou na acessibilidade do site \u00e9 estritamente proibido.<\/p><h2>7. Pol\u00edtica de reembolso e devolu\u00e7\u00e3o<\/h2><p class=\"cmplz-subtitle\">7.1 Direito de retirada<\/p><p>Voc\u00ea tem o direito de rescindir este contrato no prazo de 14 dias, sem apresentar qualquer motivo.<\/p><p>Para exercer o direito de rescis\u00e3o, voc\u00ea deve nos informar sobre sua decis\u00e3o de rescindir este contrato por meio de uma declara\u00e7\u00e3o inequ\u00edvoca (por exemplo, uma carta enviada por correio, fax ou e-mail). Nossos detalhes de contato podem ser encontrados abaixo. Voc\u00ea pode usar o modelo anexo <a target=\"_blank\" href=\"https:\/\/www.langir.com\/wp-content\/uploads\/complianz\/withdrawal-forms\/withdrawal-form-pt.pdf\">formul\u00e1rio de retirada<\/a>, mas n\u00e3o \u00e9 obrigat\u00f3rio.<\/p><p>Voc\u00ea tamb\u00e9m pode preencher e enviar eletronicamente o formul\u00e1rio de retirada do modelo ou qualquer outra declara\u00e7\u00e3o inequ\u00edvoca em nosso <a href=\"https:\/\/www.langir.com\/pt\/contact\/\"> site<\/a>.<\/p><p>Se voc\u00ea usar essa op\u00e7\u00e3o, n\u00f3s lhe comunicaremos uma confirma\u00e7\u00e3o de recebimento de tal retirada em um meio dur\u00e1vel (por exemplo, por e-mail) sem demora.<\/p><p>Para cumprir o prazo de retirada, basta enviar a comunica\u00e7\u00e3o referente ao exerc\u00edcio do direito de retirada antes do t\u00e9rmino do per\u00edodo de retirada.<\/p><p class=\"cmplz-subtitle\">7.2 Efeitos da abstin\u00eancia<\/p><p>Se o cliente rescindir este contrato, reembolsaremos todos os pagamentos recebidos do cliente, inclusive os custos de entrega (com exce\u00e7\u00e3o dos custos suplementares resultantes da escolha de um tipo de entrega diferente do tipo de entrega padr\u00e3o mais barato oferecido por n\u00f3s), sem atraso indevido e, em qualquer caso, no prazo m\u00e1ximo de 14 dias a partir do dia em que formos informados sobre sua decis\u00e3o de rescindir este contrato. Realizaremos esse reembolso usando os mesmos meios de pagamento utilizados pelo cliente na transa\u00e7\u00e3o inicial, a menos que o cliente tenha expressamente concordado de outra forma; em qualquer caso, o cliente n\u00e3o incorrer\u00e1 em nenhuma taxa como resultado desse reembolso.<\/p><p>Voc\u00ea \u00e9 respons\u00e1vel apenas por qualquer diminui\u00e7\u00e3o do valor das mercadorias resultante do manuseio que n\u00e3o seja o necess\u00e1rio para estabelecer a natureza, as caracter\u00edsticas e o funcionamento das mercadorias.<\/p><p>Observe que h\u00e1 algumas exce\u00e7\u00f5es legais ao direito de desist\u00eancia e, portanto, alguns itens n\u00e3o podem ser devolvidos ou trocados.  N\u00f3s o informaremos se isso se aplica ao seu caso espec\u00edfico.<\/p><h2>8. Envio de ideias<\/h2><p>N\u00e3o envie ideias, inven\u00e7\u00f5es, trabalhos de autoria ou outras informa\u00e7\u00f5es que possam ser consideradas como sua pr\u00f3pria propriedade intelectual e que voc\u00ea gostaria de apresentar a n\u00f3s, a menos que tenhamos assinado primeiro um contrato referente \u00e0 propriedade intelectual ou um contrato de n\u00e3o divulga\u00e7\u00e3o. Se voc\u00ea nos divulgar sem esse contrato por escrito, voc\u00ea nos concede uma licen\u00e7a mundial, irrevog\u00e1vel, n\u00e3o exclusiva e isenta de royalties para usar, reproduzir, armazenar, adaptar, publicar, traduzir e distribuir seu conte\u00fado em qualquer m\u00eddia existente ou futura.<\/p><h2>9. Encerramento do uso<\/h2><p>Poderemos, a nosso crit\u00e9rio exclusivo, a qualquer momento, modificar ou descontinuar o acesso, tempor\u00e1ria ou permanentemente, ao site ou a qualquer Servi\u00e7o nele contido. Voc\u00ea concorda que n\u00e3o seremos respons\u00e1veis perante voc\u00ea ou qualquer terceiro por qualquer modifica\u00e7\u00e3o, suspens\u00e3o ou descontinua\u00e7\u00e3o do seu acesso ou uso do site ou de qualquer conte\u00fado que voc\u00ea possa ter compartilhado no site. Voc\u00ea n\u00e3o ter\u00e1 direito a nenhuma compensa\u00e7\u00e3o ou outro pagamento, mesmo que determinados recursos, configura\u00e7\u00f5es e\/ou qualquer Conte\u00fado com o qual voc\u00ea tenha contribu\u00eddo ou no qual tenha confiado, sejam permanentemente perdidos. O usu\u00e1rio n\u00e3o deve contornar ou desviar, ou tentar contornar ou desviar, quaisquer medidas de restri\u00e7\u00e3o de acesso em nosso site.<\/p><h2>10. Garantias e responsabilidade<\/h2><p>Nada nesta se\u00e7\u00e3o limitar\u00e1 ou excluir\u00e1 qualquer garantia impl\u00edcita por lei que seria ilegal limitar ou excluir. Este site e todo o conte\u00fado do site s\u00e3o fornecidos \u201cno estado em que se encontram\u201d e \u201cconforme dispon\u00edveis\u201d e podem incluir imprecis\u00f5es ou erros tipogr\u00e1ficos. N\u00f3s nos isentamos expressamente de todas as garantias de qualquer tipo, expressas ou impl\u00edcitas, quanto \u00e0 disponibilidade, precis\u00e3o ou integridade do Conte\u00fado. N\u00e3o oferecemos nenhuma garantia de que:<\/p><p><ul>\n                    <li>este site ou nosso conte\u00fado atender\u00e1 \u00e0s suas necessidades;<\/li>\n                    <li>este site estar\u00e1 dispon\u00edvel de forma ininterrupta, oportuna, segura ou livre de erros.<\/li>\n        <\/ul><\/p><p>Nada neste site constitui ou tem a inten\u00e7\u00e3o de constituir aconselhamento jur\u00eddico, financeiro ou m\u00e9dico de qualquer tipo. Se precisar de orienta\u00e7\u00e3o, consulte um profissional adequado.<\/p><p>As disposi\u00e7\u00f5es a seguir desta se\u00e7\u00e3o ser\u00e3o aplicadas na extens\u00e3o m\u00e1xima permitida pela legisla\u00e7\u00e3o aplic\u00e1vel e n\u00e3o limitar\u00e3o ou excluir\u00e3o nossa responsabilidade em rela\u00e7\u00e3o a qualquer assunto que seria ilegal ou il\u00edcito limitarmos ou excluirmos nossa responsabilidade. Em nenhuma circunst\u00e2ncia seremos respons\u00e1veis por quaisquer danos diretos ou indiretos (incluindo quaisquer danos por perda de lucros ou receita, perda ou corrup\u00e7\u00e3o de dados, software ou banco de dados, ou perda ou dano a propriedade ou dados) incorridos por voc\u00ea ou por terceiros, decorrentes do seu acesso ou uso do nosso site.<\/p><p>Exceto na medida em que qualquer contrato adicional estabele\u00e7a expressamente o contr\u00e1rio, nossa responsabilidade m\u00e1xima perante voc\u00ea por todos os danos decorrentes ou relacionados ao site ou a quaisquer produtos e servi\u00e7os comercializados ou vendidos por meio do site, independentemente da forma de a\u00e7\u00e3o legal que imponha a responsabilidade (seja em contrato, equidade, neglig\u00eancia, conduta intencional, ato il\u00edcito ou de outra forma), ser\u00e1 limitada a . Esse limite ser\u00e1 aplicado de forma agregada a todas as suas reivindica\u00e7\u00f5es, a\u00e7\u00f5es e causas de a\u00e7\u00e3o de todo tipo e natureza.<\/p><h2>11. Privacidade<\/h2><p>Para acessar nosso site e\/ou servi\u00e7os, talvez seja necess\u00e1rio fornecer determinadas informa\u00e7\u00f5es sobre voc\u00ea como parte do processo de registro. Voc\u00ea concorda que todas as informa\u00e7\u00f5es que fornecer ser\u00e3o sempre precisas, corretas e atualizadas.<\/p><p>Desenvolvemos uma pol\u00edtica para tratar de quaisquer preocupa\u00e7\u00f5es de privacidade que voc\u00ea possa ter. Para obter mais informa\u00e7\u00f5es, consulte nossa <a href=\"https:\/\/www.langir.com\/pt\/privacy-policy\/\">Declara\u00e7\u00e3o de privacidade<\/a> e nossa <a href=\"\">Pol\u00edtica de cookies<\/a>.<\/p><h2>12. Restri\u00e7\u00f5es de exporta\u00e7\u00e3o\/conformidade legal<\/h2><p>\u00c9 proibido o acesso ao site a partir de territ\u00f3rios ou pa\u00edses onde o Conte\u00fado ou a compra dos produtos ou Servi\u00e7os vendidos no site sejam ilegais. Voc\u00ea n\u00e3o pode usar este site em viola\u00e7\u00e3o das leis e regulamentos de exporta\u00e7\u00e3o da China.<\/p><h2>13. Atribui\u00e7\u00e3o<\/h2><p>O usu\u00e1rio n\u00e3o poder\u00e1 ceder, transferir ou subcontratar nenhum dos seus direitos e\/ou obriga\u00e7\u00f5es sob estes Termos e Condi\u00e7\u00f5es, no todo ou em parte, a terceiros sem o nosso consentimento pr\u00e9vio por escrito. Qualquer suposta cess\u00e3o que viole esta Se\u00e7\u00e3o ser\u00e1 nula e sem efeito.<\/p><h2>14. Viola\u00e7\u00f5es destes Termos e condi\u00e7\u00f5es<\/h2><p>Sem preju\u00edzo de nossos outros direitos previstos nestes Termos e Condi\u00e7\u00f5es, se voc\u00ea violar estes Termos e Condi\u00e7\u00f5es de alguma forma, poderemos tomar as medidas que considerarmos apropriadas para lidar com a viola\u00e7\u00e3o, inclusive suspender tempor\u00e1ria ou permanentemente seu acesso ao site, entrar em contato com seu provedor de servi\u00e7os de Internet para solicitar que ele bloqueie seu acesso ao site e\/ou iniciar uma a\u00e7\u00e3o legal contra voc\u00ea.<\/p><h2>15. For\u00e7a maior<\/h2><p>Com exce\u00e7\u00e3o das obriga\u00e7\u00f5es de pagamento previstas neste instrumento, nenhum atraso, falha ou omiss\u00e3o de qualquer uma das partes em cumprir ou observar qualquer uma de suas obriga\u00e7\u00f5es previstas neste instrumento ser\u00e1 considerado uma viola\u00e7\u00e3o destes Termos e condi\u00e7\u00f5es se e enquanto esse atraso, falha ou omiss\u00e3o for decorrente de qualquer causa al\u00e9m do controle razo\u00e1vel dessa parte.<\/p><h2>16. Indeniza\u00e7\u00e3o<\/h2><p>Voc\u00ea concorda em indenizar, defender e nos isentar de todas e quaisquer reivindica\u00e7\u00f5es, responsabilidades, danos, perdas e despesas relacionadas \u00e0 sua viola\u00e7\u00e3o destes Termos e condi\u00e7\u00f5es e das leis aplic\u00e1veis, incluindo direitos de propriedade intelectual e direitos de privacidade. Voc\u00ea nos reembolsar\u00e1 prontamente por nossos danos, perdas, custos e despesas relacionados ou decorrentes de tais reivindica\u00e7\u00f5es.<\/p><h2>17. Ren\u00fancia<\/h2><p>O n\u00e3o cumprimento de qualquer uma das disposi\u00e7\u00f5es estabelecidas nestes Termos e Condi\u00e7\u00f5es e em qualquer Contrato, ou o n\u00e3o exerc\u00edcio de qualquer op\u00e7\u00e3o de rescis\u00e3o, n\u00e3o ser\u00e1 interpretado como ren\u00fancia a tais disposi\u00e7\u00f5es e n\u00e3o afetar\u00e1 a validade destes Termos e Condi\u00e7\u00f5es ou de qualquer Contrato ou de qualquer parte dele, nem o direito posterior de aplicar toda e qualquer disposi\u00e7\u00e3o.<\/p><h2>18. Idioma<\/h2><p>These Terms and Conditions will be interpreted and construed exclusively in English.&nbsp;All notices and correspondence will be written exclusively in that language.<\/p><h2>19. Contrato integral<\/h2><p>Estes Termos e Condi\u00e7\u00f5es, juntamente com nossos <a href=\"https:\/\/www.langir.com\/pt\/privacy-policy\/\">declara\u00e7\u00e3o de privacidade<\/a> e <a href=\"\">Pol\u00edtica de cookies<\/a>, constituem o acordo integral entre o usu\u00e1rio e a Yueqing Langir Electric Co., Ltd em rela\u00e7\u00e3o ao uso deste site.<\/p><h2>20. Atualiza\u00e7\u00e3o destes Termos e condi\u00e7\u00f5es<\/h2><p>Podemos atualizar estes Termos e Condi\u00e7\u00f5es de tempos em tempos. \u00c9 sua obriga\u00e7\u00e3o verificar periodicamente estes Termos e Condi\u00e7\u00f5es quanto a altera\u00e7\u00f5es ou atualiza\u00e7\u00f5es. A data fornecida no in\u00edcio destes Termos e Condi\u00e7\u00f5es \u00e9 a data da \u00faltima revis\u00e3o. As altera\u00e7\u00f5es a estes Termos e Condi\u00e7\u00f5es entrar\u00e3o em vigor ap\u00f3s a publica\u00e7\u00e3o dessas altera\u00e7\u00f5es neste site. O uso continuado deste site ap\u00f3s a publica\u00e7\u00e3o de altera\u00e7\u00f5es ou atualiza\u00e7\u00f5es ser\u00e1 considerado um aviso de sua aceita\u00e7\u00e3o em cumprir e estar vinculado a estes Termos e Condi\u00e7\u00f5es.<\/p><h2>21. Escolha da lei e jurisdi\u00e7\u00e3o<\/h2><p>Estes Termos e Condi\u00e7\u00f5es ser\u00e3o regidos pelas leis da China. Quaisquer disputas relacionadas a estes Termos e Condi\u00e7\u00f5es estar\u00e3o sujeitas \u00e0 jurisdi\u00e7\u00e3o dos tribunais da China. Se qualquer parte ou disposi\u00e7\u00e3o destes Termos e Condi\u00e7\u00f5es for considerada inv\u00e1lida e\/ou inexequ\u00edvel por um tribunal ou outra autoridade de acordo com a legisla\u00e7\u00e3o aplic\u00e1vel, essa parte ou disposi\u00e7\u00e3o ser\u00e1 modificada, exclu\u00edda e\/ou executada na medida m\u00e1xima permitida para que a inten\u00e7\u00e3o destes Termos e Condi\u00e7\u00f5es seja cumprida. As demais disposi\u00e7\u00f5es n\u00e3o ser\u00e3o afetadas.<\/p><h2>22. Informa\u00e7\u00f5es de contato<\/h2><p>Este site pertence e \u00e9 operado pela Yueqing Langir Electric Co., Ltd.<\/p><p>Voc\u00ea pode entrar em contato conosco em rela\u00e7\u00e3o a estes Termos e Condi\u00e7\u00f5es por meio de nosso <a href=\"https:\/\/www.langir.com\/pt\/contact\/\">contato<\/a> p\u00e1gina.<\/p><h2>23. Baixar<\/h2><p>Voc\u00ea tamb\u00e9m pode <a href=\"https:\/\/www.langir.com\/wp-content\/plugins\/complianz-terms-conditions\/download.php\">download<\/a> nossos Termos e Condi\u00e7\u00f5es em PDF.<\/p><\/div>\n\n\t\t<\/div>\n\t<\/div>\n\n<div class=\"vc-zigzag-wrapper vc-zigzag-align-center\"><div class=\"vc-zigzag-inner\" style=\"width: 100%;min-height: 14px;background: 0 repeat-x url(&#039;data:image\/svg+xml;utf-8,%3C%3Fxml%20version%3D%221.0%22%20encoding%3D%22utf-8%22%3F%3E%3C%21DOCTYPE%20svg%20PUBLIC%20%22-%2F%2FW3C%2F%2FDTD%20SVG%201.1%2F%2FEN%22%20%22http%3A%2F%2Fwww.w3.org%2FGraphics%2FSVG%2F1.1%2FDTD%2Fsvg11.dtd%22%3E%3Csvg%20width%3D%2214px%22%20height%3D%2212px%22%20viewBox%3D%220%200%2018%2015%22%20version%3D%221.1%22%20xmlns%3D%22http%3A%2F%2Fwww.w3.org%2F2000%2Fsvg%22%20xmlns%3Axlink%3D%22http%3A%2F%2Fwww.w3.org%2F1999%2Fxlink%22%3E%3Cpolygon%20id%3D%22Combined-Shape%22%20fill%3D%22%23ebebeb%22%20points%3D%228.98762301%200%200%209.12771969%200%2014.519983%209%205.40479869%2018%2014.519983%2018%209.12771969%22%3E%3C%2Fpolygon%3E%3C%2Fsvg%3E&#039;);\"><\/div><\/div>\n\t<div class=\"wpb_text_column wpb_content_element\" >\n\t\t<div class=\"wpb_wrapper\">\n\t\t\t<p><iframe style=\"width: 100%; border: none;\" title=\"Formul\u00e1rio Wufoo incorporado\" src=\"https:\/\/langir.wufoo.com\/embed\/zcdgace1ql3iv4\/\" height=\"766\" frameborder=\"0\" scrolling=\"no\" sandbox=\"allow-popups-to-escape-sandbox allow-top-navigation allow-scripts allow-popups allow-forms allow-same-origin\"> <a href=\"https:\/\/langir.wufoo.com\/forms\/zcdgace1ql3iv4\/\" target=\"_blank\" rel=\"noopener\">Preencha meu formul\u00e1rio Wufoo!<\/a> <\/iframe><\/p>\n\n\t\t<\/div>\n\t<\/div>\n<\/div><\/div><\/div><\/div>\n<\/div>","protected":false},"excerpt":{"rendered":"The Terms and Conditions were last updated on February 9, 20231. IntroductionThese Terms and conditions apply to this website and to the transactions related to our products and services.&nbsp;You may be bound by additional contracts related to your relationship with us or any products or services that you receive from us.&nbsp;If any provisions of the [...]","protected":false},"author":1,"featured_media":0,"parent":0,"menu_order":10,"comment_status":"closed","ping_status":"closed","template":"page-default.php","meta":{"_acf_changed":false,"footnotes":""},"class_list":["post-8990","page","type-page","status-publish","hentry","entry"],"acf":[],"post_mailing_queue_ids":[],"_links":{"self":[{"href":"https:\/\/www.langir.com\/pt\/wp-json\/wp\/v2\/pages\/8990","targetHints":{"allow":["GET"]}}],"collection":[{"href":"https:\/\/www.langir.com\/pt\/wp-json\/wp\/v2\/pages"}],"about":[{"href":"https:\/\/www.langir.com\/pt\/wp-json\/wp\/v2\/types\/page"}],"author":[{"embeddable":true,"href":"https:\/\/www.langir.com\/pt\/wp-json\/wp\/v2\/users\/1"}],"replies":[{"embeddable":true,"href":"https:\/\/www.langir.com\/pt\/wp-json\/wp\/v2\/comments?post=8990"}],"version-history":[{"count":3,"href":"https:\/\/www.langir.com\/pt\/wp-json\/wp\/v2\/pages\/8990\/revisions"}],"predecessor-version":[{"id":16488,"href":"https:\/\/www.langir.com\/pt\/wp-json\/wp\/v2\/pages\/8990\/revisions\/16488"}],"wp:attachment":[{"href":"https:\/\/www.langir.com\/pt\/wp-json\/wp\/v2\/media?parent=8990"}],"curies":[{"name":"wp","href":"https:\/\/api.w.org\/{rel}","templated":true}]}}