{"id":12662,"date":"2024-12-13T05:45:39","date_gmt":"2024-12-13T05:45:39","guid":{"rendered":"https:\/\/www.langir.com\/?page_id=12662"},"modified":"2025-06-25T15:31:24","modified_gmt":"2025-06-25T15:31:24","slug":"home","status":"publish","type":"page","link":"https:\/\/www.langir.com\/tr\/","title":{"rendered":"Ev"},"content":{"rendered":"<div class=\"wpb-content-wrapper\"><div class=\"vc_row wpb_row vc_row-fluid\"><div class=\"wpb_column vc_column_container vc_col-sm-4\"><div class=\"vc_column-inner\"><div class=\"wpb_wrapper\"><div class=\"stats-block stats-top\"><div class=\"aio-icon-top\"><div class=\"ult-just-icon-wrapper\"><div class=\"align-icon\" style=\"text-align:center;\">\n<div class=\"aio-icon-img\" style=\"font-size:106px;display:inline-block;\" >\n\t<img decoding=\"async\" class=\"img-icon\" alt=\"Daha h\u0131zl\u0131 teslimat\" src=\"https:\/\/www.langir.com\/wp-content\/uploads\/2024\/12\/Faster-delivery.png\"\/>\n<\/div><\/div><\/div><\/div><div class=\"stats-desc\" id=\"counter-responsv-wrap-7286\"><div id=\"counter_147205622569ddffff0d83b\" data-id=\"counter_147205622569ddffff0d83b\"  data-ultimate-target='#counter-responsv-wrap-7286 .stats-number'  data-responsive-json-new='{\"font-size\":\"\",\"line-height\":\"\"}'  class=\"stats-number ult-responsive\" style=\"font-size:28px;  \" data-speed=\"3\" data-counter-value=\"7\" data-separator=\",\" data-decimal=\".\">0<\/div><div class=\"counter_suffix mycust ult-responsive\"  data-ultimate-target='#counter-responsv-wrap-7286 .mycust'  data-responsive-json-new='{\"font-size\":\"\",\"line-height\":\"\"}'  style=\"font-size:28px; color:\">G\u00fcnler<\/div><div id=\"title-counter_147205622569ddffff0d83b\"  data-ultimate-target='#counter-responsv-wrap-7286 .stats-text'  data-responsive-json-new='{\"font-size\":\"\",\"line-height\":\"\"}'  class=\"stats-text ult-responsive\" style=\"font-size:18px;  \">Daha h\u0131zl\u0131 teslimat<\/div><\/div><\/div><\/div><\/div><\/div><div class=\"wpb_column vc_column_container vc_col-sm-4\"><div class=\"vc_column-inner\"><div class=\"wpb_wrapper\"><div class=\"stats-block stats-top\"><div class=\"aio-icon-top\"><div class=\"ult-just-icon-wrapper\"><div class=\"align-icon\" style=\"text-align:center;\">\n<div class=\"aio-icon-img\" style=\"font-size:106px;display:inline-block;\" >\n\t<img decoding=\"async\" class=\"img-icon\" alt=\"Global son m\u00fc\u015fteriler\" src=\"https:\/\/www.langir.com\/wp-content\/uploads\/2024\/12\/Gobal-end-customers.png\"\/>\n<\/div><\/div><\/div><\/div><div class=\"stats-desc\" id=\"counter-responsv-wrap-6942\"><div id=\"counter_247262963869ddffff0df9c\" data-id=\"counter_247262963869ddffff0df9c\"  data-ultimate-target='#counter-responsv-wrap-6942 .stats-number'  data-responsive-json-new='{\"font-size\":\"\",\"line-height\":\"\"}'  class=\"stats-number ult-responsive\" style=\"font-size:28px;  \" data-speed=\"3\" data-counter-value=\"10000\" data-separator=\",\" data-decimal=\".\">0<\/div><div class=\"counter_suffix mycust ult-responsive\"  data-ultimate-target='#counter-responsv-wrap-6942 .mycust'  data-responsive-json-new='{\"font-size\":\"\",\"line-height\":\"\"}'  style=\"font-size:28px; color:\">+<\/div><div id=\"title-counter_247262963869ddffff0df9c\"  data-ultimate-target='#counter-responsv-wrap-6942 .stats-text'  data-responsive-json-new='{\"font-size\":\"\",\"line-height\":\"\"}'  class=\"stats-text ult-responsive\" style=\"font-size:18px;  \">Global son m\u00fc\u015fteriler<\/div><\/div><\/div><\/div><\/div><\/div><div class=\"wpb_column vc_column_container vc_col-sm-4\"><div class=\"vc_column-inner\"><div class=\"wpb_wrapper\"><div class=\"stats-block stats-top\"><div class=\"aio-icon-top\"><div class=\"ult-just-icon-wrapper\"><div class=\"align-icon\" style=\"text-align:center;\">\n<div class=\"aio-icon-img\" style=\"font-size:106px;display:inline-block;\" >\n\t<img decoding=\"async\" class=\"img-icon\" alt=\"Sekt\u00f6rdeki deneyim y\u0131l\u0131\" src=\"https:\/\/www.langir.com\/wp-content\/uploads\/2024\/12\/Year-of-experience.png\"\/>\n<\/div><\/div><\/div><\/div><div class=\"stats-desc\" id=\"counter-responsv-wrap-1061\"><div id=\"counter_68718494069ddffff0e4c7\" data-id=\"counter_68718494069ddffff0e4c7\"  data-ultimate-target='#counter-responsv-wrap-1061 .stats-number'  data-responsive-json-new='{\"font-size\":\"\",\"line-height\":\"\"}'  class=\"stats-number ult-responsive\" style=\"font-size:28px;  \" data-speed=\"3\" data-counter-value=\"15\" data-separator=\",\" data-decimal=\".\">0<\/div><div class=\"counter_suffix mycust ult-responsive\"  data-ultimate-target='#counter-responsv-wrap-1061 .mycust'  data-responsive-json-new='{\"font-size\":\"\",\"line-height\":\"\"}'  style=\"font-size:28px; color:\">+<\/div><div id=\"title-counter_68718494069ddffff0e4c7\"  data-ultimate-target='#counter-responsv-wrap-1061 .stats-text'  data-responsive-json-new='{\"font-size\":\"\",\"line-height\":\"\"}'  class=\"stats-text ult-responsive\" style=\"font-size:18px;  \">Sekt\u00f6rdeki deneyim y\u0131l\u0131<\/div><\/div><\/div><\/div><\/div><\/div><\/div>\n<\/div>","protected":false},"excerpt":{"rendered":"0G\u00fcnlerDaha h\u0131zl\u0131 teslimat 0+Gobal son m\u00fc\u015fteriler 0+Sekt\u00f6rde y\u0131llar\u0131n deneyimi","protected":false},"author":1,"featured_media":0,"parent":0,"menu_order":6,"comment_status":"closed","ping_status":"closed","template":"page-newhome.php","meta":{"_acf_changed":false,"footnotes":""},"class_list":["post-12662","page","type-page","status-publish","hentry","entry"],"acf":[],"post_mailing_queue_ids":[],"_links":{"self":[{"href":"https:\/\/www.langir.com\/tr\/wp-json\/wp\/v2\/pages\/12662","targetHints":{"allow":["GET"]}}],"collection":[{"href":"https:\/\/www.langir.com\/tr\/wp-json\/wp\/v2\/pages"}],"about":[{"href":"https:\/\/www.langir.com\/tr\/wp-json\/wp\/v2\/types\/page"}],"author":[{"embeddable":true,"href":"https:\/\/www.langir.com\/tr\/wp-json\/wp\/v2\/users\/1"}],"replies":[{"embeddable":true,"href":"https:\/\/www.langir.com\/tr\/wp-json\/wp\/v2\/comments?post=12662"}],"version-history":[{"count":2,"href":"https:\/\/www.langir.com\/tr\/wp-json\/wp\/v2\/pages\/12662\/revisions"}],"predecessor-version":[{"id":16560,"href":"https:\/\/www.langir.com\/tr\/wp-json\/wp\/v2\/pages\/12662\/revisions\/16560"}],"wp:attachment":[{"href":"https:\/\/www.langir.com\/tr\/wp-json\/wp\/v2\/media?parent=12662"}],"curies":[{"name":"wp","href":"https:\/\/api.w.org\/{rel}","templated":true}]}}