{"id":7367,"date":"2019-11-20T08:48:09","date_gmt":"2019-11-20T08:48:09","guid":{"rendered":"https:\/\/www.langir.com\/?page_id=7367"},"modified":"2026-03-30T08:30:37","modified_gmt":"2026-03-30T08:30:37","slug":"warranty-policy","status":"publish","type":"page","link":"https:\/\/www.langir.com\/tr\/warranty-policy\/","title":{"rendered":"Garanti Politikas\u0131"},"content":{"rendered":"<div class=\"wpb-content-wrapper\"><div class=\"vc_row wpb_row vc_row-fluid\"><div class=\"wpb_column vc_column_container vc_col-sm-12\"><div class=\"vc_column-inner\"><div class=\"wpb_wrapper\">\n\t<div class=\"wpb_text_column wpb_content_element vc_custom_1426482759253\" >\n\t\t<div class=\"wpb_wrapper\">\n\t\t\t<p><strong style=\"color: #000;\">1. Garanti S\u00fcresi:<\/strong><\/p>\n<div id=\"xunlei_com_thunder_helper_plugin_d462f475-c18e-46be-bd10-327458d045bd\"><\/div>\n\n\t\t<\/div>\n\t<\/div>\n\n\t<div class=\"wpb_text_column wpb_content_element vc_custom_1426428952977\" >\n\t\t<div class=\"wpb_wrapper\">\n\t\t\t<p>Ana cihaz i\u00e7in garanti s\u00fcresi teslimat tarihinden itibaren 12 ayd\u0131r (1 y\u0131l).<\/p>\n\n\t\t<\/div>\n\t<\/div>\n\n\t<div class=\"wpb_text_column wpb_content_element\" >\n\t\t<div class=\"wpb_wrapper\">\n\t\t\t<p><strong style=\"color: #000;\">2. Garanti Aral\u0131\u011f\u0131:<\/strong> <\/p>\n\n\t\t<\/div>\n\t<\/div>\n\n\t<div class=\"wpb_text_column wpb_content_element\" >\n\t\t<div class=\"wpb_wrapper\">\n\t\t\t<p>T\u00fcm \u00fcr\u00fcnler LANGIR taraf\u0131ndan sat\u0131lmaktad\u0131r. Garanti s\u00fcresi i\u00e7inde, ar\u0131zal\u0131 \u00fcr\u00fcnlerin tamam\u0131 tamir edilmek veya de\u011fi\u015ftirilmek \u00fczere fabrikaya iade edilmelidir. nakliye \u00fccretlerinden sizin sorumlu olman\u0131z \u015fart\u0131yla.  Yedek \u00fcr\u00fcnler bizim takdirimize ba\u011fl\u0131 olarak yeni veya yenilenmi\u015f olabilir.<\/p>\n\n\t\t<\/div>\n\t<\/div>\n\n\t<div class=\"wpb_text_column wpb_content_element\" >\n\t\t<div class=\"wpb_wrapper\">\n\t\t\t<p><strong style=\"color: #000;\">3. Garanti politikalar\u0131 a\u015fa\u011f\u0131daki gibidir:<\/strong> <\/p>\n\n\t\t<\/div>\n\t<\/div>\n\n\t<div class=\"wpb_text_column wpb_content_element\" >\n\t\t<div class=\"wpb_wrapper\">\n\t\t\t<ul>\n<li>Proses kullan\u0131m\u0131ndan kaynaklanan ar\u0131zalar i\u00e7in, kapsaml\u0131 temizlik, test, kalibrasyon, onar\u0131m ve fabrika parametrelerine geri y\u00fckleme yapmak i\u00e7in \u00fcretim prosed\u00fcrlerini takip edece\u011fiz.<\/li>\n<li>Garanti s\u00fcresi i\u00e7indeki \u00fcr\u00fcnler i\u00e7in onar\u0131m s\u00fcresi, \u00fcr\u00fcnlerin hasar\u0131n\u0131n boyutuna ba\u011fl\u0131d\u0131r. Bak\u0131m s\u00fcresi bir vaat de\u011fil bir hedeftir ve baz\u0131 \u00f6zel \u00fcr\u00fcnler bu bak\u0131m s\u00fcresi i\u00e7in ge\u00e7erli olmayabilir.<\/li>\n<li>Garanti s\u00fcresi i\u00e7inde de\u011fi\u015ftirilmesi gereken \u00fcr\u00fcnler i\u00e7in, LANGIR bunlar\u0131 ayn\u0131 \u00f6zelliklere sahip \u00fcr\u00fcnlerle de\u011fi\u015ftirecektir ve de\u011fi\u015ftirilen \u00fcr\u00fcnler orijinal \u00fcr\u00fcnlerle ayn\u0131 haklara sahiptir.<\/li>\n<\/ul>\n\n\t\t<\/div>\n\t<\/div>\n\n\t<div class=\"wpb_text_column wpb_content_element\" >\n\t\t<div class=\"wpb_wrapper\">\n\t\t\t<p><strong style=\"color: #000;\">4. Garanti kapsam\u0131na a\u015fa\u011f\u0131dakiler dahil de\u011fildir:<\/strong> <\/p>\n\n\t\t<\/div>\n\t<\/div>\n\n\t<div class=\"wpb_text_column wpb_content_element\" >\n\t\t<div class=\"wpb_wrapper\">\n\t\t\t<p>Bu garanti a\u015fa\u011f\u0131dakiler i\u00e7in ge\u00e7erli de\u011fildir: (i) \u00e7izikler, \u00e7entikler, lekeler ve ezikler gibi kozmetik hasarlar; (ii) \u00fcr\u00fcn hasar\u0131 malzeme veya i\u015f\u00e7ilik kusurundan kaynaklanmad\u0131\u011f\u0131 s\u00fcrece piller gibi sarf malzemeleri; (iii) kaza, k\u00f6t\u00fc kullan\u0131m, yanl\u0131\u015f kullan\u0131m, su (spesifikasyonlar\u0131 a\u015fan), sel, yang\u0131n veya di\u011fer do\u011fa olaylar\u0131 veya harici nedenlerden kaynaklanan hasarlar; (iv) LANGIR'\u0131n yetkili servis sa\u011flay\u0131c\u0131s\u0131 olmayan herhangi biri taraf\u0131ndan ger\u00e7ekle\u015ftirilen servis i\u015flemlerinden kaynaklanan hasarlar; veya (v) LANGIR'\u0131n \u00f6nceden yaz\u0131l\u0131 izni olmadan de\u011fi\u015ftirilmi\u015f veya modifiye edilmi\u015f bir \u00fcr\u00fcnde meydana gelen hasarlar.<\/p>\n\n\t\t<\/div>\n\t<\/div>\n\n<div class=\"vc-zigzag-wrapper vc-zigzag-align-center\"><div class=\"vc-zigzag-inner\" style=\"width: 100%;min-height: 14px;background: 0 repeat-x url(&#039;data:image\/svg+xml;utf-8,%3C%3Fxml%20version%3D%221.0%22%20encoding%3D%22utf-8%22%3F%3E%3C%21DOCTYPE%20svg%20PUBLIC%20%22-%2F%2FW3C%2F%2FDTD%20SVG%201.1%2F%2FEN%22%20%22http%3A%2F%2Fwww.w3.org%2FGraphics%2FSVG%2F1.1%2FDTD%2Fsvg11.dtd%22%3E%3Csvg%20width%3D%2214px%22%20height%3D%2212px%22%20viewBox%3D%220%200%2018%2015%22%20version%3D%221.1%22%20xmlns%3D%22http%3A%2F%2Fwww.w3.org%2F2000%2Fsvg%22%20xmlns%3Axlink%3D%22http%3A%2F%2Fwww.w3.org%2F1999%2Fxlink%22%3E%3Cpolygon%20id%3D%22Combined-Shape%22%20fill%3D%22%23ebebeb%22%20points%3D%228.98762301%200%200%209.12771969%200%2014.519983%209%205.40479869%2018%2014.519983%2018%209.12771969%22%3E%3C%2Fpolygon%3E%3C%2Fsvg%3E&#039;);\"><\/div><\/div>\n\t<div class=\"wpb_text_column wpb_content_element\" >\n\t\t<div class=\"wpb_wrapper\">\n\t\t\t<p><iframe style=\"width: 100%; border: none;\" title=\"G\u00f6m\u00fcl\u00fc Wufoo Formu\" src=\"https:\/\/langir.wufoo.com\/embed\/zcdgace1ql3iv4\/\" height=\"766\" frameborder=\"0\" scrolling=\"no\" sandbox=\"allow-popups-to-escape-sandbox allow-top-navigation allow-scripts allow-popups allow-forms allow-same-origin\"> <a href=\"https:\/\/langir.wufoo.com\/forms\/zcdgace1ql3iv4\/\" target=\"_blank\" rel=\"noopener\">Wufoo formumu doldurun!<\/a> <\/iframe><\/p>\n\n\t\t<\/div>\n\t<\/div>\n<\/div><\/div><\/div><\/div>\n<\/div>","protected":false},"excerpt":{"rendered":"1. Warranty Period: The warranty period for master device is 12 months (1 year) from the date of delivery. 2. Warranty Range: All products are sold by LANGIR. In warranty period, all of the defective products must be returned to the factory to be repaired or be replaced. provided that you shall be responsible for [...]","protected":false},"author":1,"featured_media":7486,"parent":0,"menu_order":46,"comment_status":"closed","ping_status":"closed","template":"page-default.php","meta":{"_acf_changed":false,"footnotes":""},"class_list":["post-7367","page","type-page","status-publish","has-post-thumbnail","hentry","entry"],"acf":[],"post_mailing_queue_ids":[],"_links":{"self":[{"href":"https:\/\/www.langir.com\/tr\/wp-json\/wp\/v2\/pages\/7367","targetHints":{"allow":["GET"]}}],"collection":[{"href":"https:\/\/www.langir.com\/tr\/wp-json\/wp\/v2\/pages"}],"about":[{"href":"https:\/\/www.langir.com\/tr\/wp-json\/wp\/v2\/types\/page"}],"author":[{"embeddable":true,"href":"https:\/\/www.langir.com\/tr\/wp-json\/wp\/v2\/users\/1"}],"replies":[{"embeddable":true,"href":"https:\/\/www.langir.com\/tr\/wp-json\/wp\/v2\/comments?post=7367"}],"version-history":[{"count":2,"href":"https:\/\/www.langir.com\/tr\/wp-json\/wp\/v2\/pages\/7367\/revisions"}],"predecessor-version":[{"id":16180,"href":"https:\/\/www.langir.com\/tr\/wp-json\/wp\/v2\/pages\/7367\/revisions\/16180"}],"wp:featuredmedia":[{"embeddable":true,"href":"https:\/\/www.langir.com\/tr\/wp-json\/wp\/v2\/media\/7486"}],"wp:attachment":[{"href":"https:\/\/www.langir.com\/tr\/wp-json\/wp\/v2\/media?parent=7367"}],"curies":[{"name":"wp","href":"https:\/\/api.w.org\/{rel}","templated":true}]}}