{"id":7400,"date":"2019-11-21T07:55:48","date_gmt":"2019-11-21T07:55:48","guid":{"rendered":"https:\/\/www.langir.com\/?page_id=7400"},"modified":"2026-03-30T08:29:37","modified_gmt":"2026-03-30T08:29:37","slug":"3d-cad-models","status":"publish","type":"page","link":"https:\/\/www.langir.com\/tr\/3d-cad-models\/","title":{"rendered":"3D CAD Modelleri"},"content":{"rendered":"<div class=\"wpb-content-wrapper\"><div class=\"vc_row wpb_row vc_row-fluid\"><div class=\"wpb_column vc_column_container vc_col-sm-12\"><div class=\"vc_column-inner\"><div class=\"wpb_wrapper\">\n\t<div class=\"wpb_text_column wpb_content_element vc_custom_1553049360647\" >\n\t\t<div class=\"wpb_wrapper\">\n\t\t\t<p>30'dan fazla dosya format\u0131nda \u00fccretsiz olarak sunulan binlerce 3D CAD Modeli ile Langir'in geni\u015f \u00fcr\u00fcn yelpazesini benzersiz tasar\u0131m\u0131n\u0131za kolayca dahil edebilirsiniz.<\/p>\n\n\t\t<\/div>\n\t<\/div>\n\n\t<div class=\"wpb_text_column wpb_content_element vc_custom_1553049375038\" >\n\t\t<div class=\"wpb_wrapper\">\n\t\t\t<p>Anti vandal anahtar ve kapasitif anahtar ve piezo anahtardan tu\u015f tak\u0131mlar\u0131na ve devre korumas\u0131na kadar, tasar\u0131m ve geli\u015ftirme ihtiya\u00e7lar\u0131n\u0131z i\u00e7in ideal \u00e7\u00f6z\u00fcme sahip oldu\u011fumuzdan eminiz.<\/p>\n\n\t\t<\/div>\n\t<\/div>\n\n<div class=\"vc-zigzag-wrapper vc-zigzag-align-center\"><div class=\"vc-zigzag-inner\" style=\"width: 100%;min-height: 14px;background: 0 repeat-x url(&#039;data:image\/svg+xml;utf-8,%3C%3Fxml%20version%3D%221.0%22%20encoding%3D%22utf-8%22%3F%3E%3C%21DOCTYPE%20svg%20PUBLIC%20%22-%2F%2FW3C%2F%2FDTD%20SVG%201.1%2F%2FEN%22%20%22http%3A%2F%2Fwww.w3.org%2FGraphics%2FSVG%2F1.1%2FDTD%2Fsvg11.dtd%22%3E%3Csvg%20width%3D%2214px%22%20height%3D%2212px%22%20viewBox%3D%220%200%2018%2015%22%20version%3D%221.1%22%20xmlns%3D%22http%3A%2F%2Fwww.w3.org%2F2000%2Fsvg%22%20xmlns%3Axlink%3D%22http%3A%2F%2Fwww.w3.org%2F1999%2Fxlink%22%3E%3Cpolygon%20id%3D%22Combined-Shape%22%20fill%3D%22%23ebebeb%22%20points%3D%228.98762301%200%200%209.12771969%200%2014.519983%209%205.40479869%2018%2014.519983%2018%209.12771969%22%3E%3C%2Fpolygon%3E%3C%2Fsvg%3E&#039;);\"><\/div><\/div>\n\t<div class=\"wpb_text_column wpb_content_element vc_custom_1774859372539\" >\n\t\t<div class=\"wpb_wrapper\">\n\t\t\t<p><iframe style=\"width: 100%; border: none;\" title=\"G\u00f6m\u00fcl\u00fc Wufoo Formu\" src=\"https:\/\/langir.wufoo.com\/embed\/zqja40a0recy5c\/\" height=\"790\" frameborder=\"0\" scrolling=\"no\" sandbox=\"allow-popups-to-escape-sandbox allow-top-navigation allow-scripts allow-popups allow-forms allow-same-origin\"> <a href=\"https:\/\/langir.wufoo.com\/forms\/zqja40a0recy5c\/\" target=\"_blank\" rel=\"noopener\">Wufoo formumu doldurun!<\/a> <\/iframe><\/p>\n\n\t\t<\/div>\n\t<\/div>\n<\/div><\/div><\/div><\/div>\n<\/div>","protected":false},"excerpt":{"rendered":"With thousands of 3D CAD Models available for free in over 30 file formats, you can easily incorporate Langir\u2019s extensive range of products into your unique design. From anti vandal switch and capacitive switch and piezo switch to keypads and circuit protection, we are sure to have the ideal solution for your design and development [...]","protected":false},"author":1,"featured_media":8764,"parent":0,"menu_order":45,"comment_status":"closed","ping_status":"closed","template":"page-default.php","meta":{"_acf_changed":false,"_metasync_otto_title":"","_metasync_otto_description":"","_metasync_otto_keywords":"","_metasync_otto_og_title":"","_metasync_otto_og_description":"","_metasync_otto_twitter_title":"","_metasync_otto_twitter_description":"","rank_math_title":"%title% | Electric Switches %page% %sep% %sitename%","rank_math_description":"With thousands of 3D CAD Models available for free in over 30 file formats, you can easily incorporate Langir\u2019s Electric products into custom design.","_yoast_wpseo_title":"","_yoast_wpseo_metadesc":"","_aioseo_title":"","_aioseo_description":"","_metasync_seo_title":"","_metasync_seo_desc":"","_metasync_breadcrumb_title":"","_metasync_primary_category":0,"_metasync_primary_product_cat":0,"_metasync_otto_disabled":"","_metasync_hreflang":"","footnotes":""},"class_list":["post-7400","page","type-page","status-publish","has-post-thumbnail","hentry","entry"],"acf":[],"post_mailing_queue_ids":[],"_links":{"self":[{"href":"https:\/\/www.langir.com\/tr\/wp-json\/wp\/v2\/pages\/7400","targetHints":{"allow":["GET"]}}],"collection":[{"href":"https:\/\/www.langir.com\/tr\/wp-json\/wp\/v2\/pages"}],"about":[{"href":"https:\/\/www.langir.com\/tr\/wp-json\/wp\/v2\/types\/page"}],"author":[{"embeddable":true,"href":"https:\/\/www.langir.com\/tr\/wp-json\/wp\/v2\/users\/1"}],"replies":[{"embeddable":true,"href":"https:\/\/www.langir.com\/tr\/wp-json\/wp\/v2\/comments?post=7400"}],"version-history":[{"count":1,"href":"https:\/\/www.langir.com\/tr\/wp-json\/wp\/v2\/pages\/7400\/revisions"}],"predecessor-version":[{"id":16177,"href":"https:\/\/www.langir.com\/tr\/wp-json\/wp\/v2\/pages\/7400\/revisions\/16177"}],"wp:featuredmedia":[{"embeddable":true,"href":"https:\/\/www.langir.com\/tr\/wp-json\/wp\/v2\/media\/8764"}],"wp:attachment":[{"href":"https:\/\/www.langir.com\/tr\/wp-json\/wp\/v2\/media?parent=7400"}],"curies":[{"name":"wp","href":"https:\/\/api.w.org\/{rel}","templated":true}]}}