{"id":7414,"date":"2019-11-21T08:26:56","date_gmt":"2019-11-21T08:26:56","guid":{"rendered":"https:\/\/www.langir.com\/?page_id=7414"},"modified":"2020-08-31T07:46:16","modified_gmt":"2020-08-31T07:46:16","slug":"applications-markets-for-piezo-switch","status":"publish","type":"page","link":"https:\/\/www.langir.com\/tr\/applications-markets-for-piezo-switch\/","title":{"rendered":"Piezo anahtar i\u00e7in Uygulamalar \/ Pazarlar"},"content":{"rendered":"<div class=\"wpb-content-wrapper\"><div class=\"vc_row wpb_row vc_row-fluid\"><div class=\"wpb_column vc_column_container vc_col-sm-6\"><div class=\"vc_column-inner\"><div class=\"wpb_wrapper\">\n\t<div class=\"wpb_text_column wpb_content_element\" >\n\t\t<div class=\"wpb_wrapper\">\n\t\t\t<p><img fetchpriority=\"high\" decoding=\"async\" class=\"size-full wp-image-6394\" title=\"Bilet sistemi\" src=\"https:\/\/www.langir.com\/wp-content\/uploads\/2019\/04\/ticket-system.jpg\" alt=\"Bilet sistemi\" width=\"660\" height=\"300\" \/><\/p>\n\n\t\t<\/div>\n\t<\/div>\n\n\t<div class=\"wpb_text_column wpb_content_element\" >\n\t\t<div class=\"wpb_wrapper\">\n\t\t\t<p><img decoding=\"async\" class=\"size-full wp-image-6393\" title=\"Kamu Hizmetleri\" src=\"https:\/\/www.langir.com\/wp-content\/uploads\/2019\/04\/public-services.jpg\" alt=\"Kamu Hizmetleri\" width=\"660\" height=\"300\" \/><\/p>\n\n\t\t<\/div>\n\t<\/div>\n\n\t<div class=\"wpb_text_column wpb_content_element\" >\n\t\t<div class=\"wpb_wrapper\">\n\t\t\t<p><img decoding=\"async\" class=\"size-full wp-image-6376\" title=\"G\u00fcvenlik Cihazlar\u0131\" src=\"https:\/\/www.langir.com\/wp-content\/uploads\/2019\/04\/security-devices-1.jpg\" alt=\"G\u00fcvenlik Cihazlar\u0131\" width=\"660\" height=\"300\" \/><\/p>\n\n\t\t<\/div>\n\t<\/div>\n\n\t<div class=\"wpb_text_column wpb_content_element\" >\n\t\t<div class=\"wpb_wrapper\">\n\t\t\t<p><img loading=\"lazy\" decoding=\"async\" class=\"size-full wp-image-6379\" title=\"Araba y\u0131kama\" src=\"https:\/\/www.langir.com\/wp-content\/uploads\/2019\/04\/car-wash.jpg\" alt=\"Araba y\u0131kama\" width=\"660\" height=\"300\" \/><\/p>\n\n\t\t<\/div>\n\t<\/div>\n\n\t<div class=\"wpb_text_column wpb_content_element\" >\n\t\t<div class=\"wpb_wrapper\">\n\t\t\t<p><img loading=\"lazy\" decoding=\"async\" class=\"size-full wp-image-6403\" title=\"Havuz\" src=\"https:\/\/www.langir.com\/wp-content\/uploads\/2019\/04\/pool.jpg\" alt=\"Havuz\" width=\"660\" height=\"300\" \/><\/p>\n\n\t\t<\/div>\n\t<\/div>\n\n\t<div class=\"wpb_text_column wpb_content_element\" >\n\t\t<div class=\"wpb_wrapper\">\n\t\t\t<p><img loading=\"lazy\" decoding=\"async\" class=\"size-full wp-image-6378\" title=\"Banyo\" src=\"https:\/\/www.langir.com\/wp-content\/uploads\/2019\/04\/bath.jpg\" alt=\"Banyo\" width=\"660\" height=\"300\" \/><\/p>\n\n\t\t<\/div>\n\t<\/div>\n\n\t<div class=\"wpb_text_column wpb_content_element\" >\n\t\t<div class=\"wpb_wrapper\">\n\t\t\t<p><img loading=\"lazy\" decoding=\"async\" class=\"size-full wp-image-6377\" title=\"Denizcilik\" src=\"https:\/\/www.langir.com\/wp-content\/uploads\/2019\/04\/marine.jpg\" alt=\"Denizcilik\" width=\"660\" height=\"300\" \/><\/p>\n\n\t\t<\/div>\n\t<\/div>\n\n\t<div class=\"wpb_text_column wpb_content_element\" >\n\t\t<div class=\"wpb_wrapper\">\n\t\t\t<p><img loading=\"lazy\" decoding=\"async\" class=\"size-full wp-image-6374\" src=\"https:\/\/www.langir.com\/wp-content\/uploads\/2019\/04\/food-processing.jpg\" alt=\"G\u0131da \u0130\u015fleme\" width=\"660\" height=\"300\" \/><\/p>\n\n\t\t<\/div>\n\t<\/div>\n\n\t<div class=\"wpb_text_column wpb_content_element\" >\n\t\t<div class=\"wpb_wrapper\">\n\t\t\t<p><img loading=\"lazy\" decoding=\"async\" class=\"size-full wp-image-6375\" title=\"T\u0131bbi Ekipman\" src=\"https:\/\/www.langir.com\/wp-content\/uploads\/2019\/04\/medical-equipment-1.jpg\" alt=\"T\u0131bbi Ekipman\" width=\"660\" height=\"300\" \/><\/p>\n\n\t\t<\/div>\n\t<\/div>\n\n\t<div class=\"wpb_text_column wpb_content_element\" >\n\t\t<div class=\"wpb_wrapper\">\n\t\t\t<p><img loading=\"lazy\" decoding=\"async\" class=\"size-full wp-image-6418\" title=\"Park Cihazlar\u0131\" src=\"https:\/\/www.langir.com\/wp-content\/uploads\/2019\/04\/parking.jpg\" alt=\"Park Cihazlar\u0131\" width=\"550\" height=\"300\" \/><\/p>\n\n\t\t<\/div>\n\t<\/div>\n<\/div><\/div><\/div><div class=\"wpb_column vc_column_container vc_col-sm-6\"><div class=\"vc_column-inner\"><div class=\"wpb_wrapper\">\n\t<div class=\"wpb_text_column wpb_content_element\" >\n\t\t<div class=\"wpb_wrapper\">\n\t\t\t<ul>\n<li>Su i\u00e7i ve su d\u0131\u015f\u0131 uygulamalar<\/li>\n<li>T\u0131bbi ekipman<\/li>\n<li>Test ekipmanlar\u0131<\/li>\n<li>Otomatik gaz pompalar\u0131<\/li>\n<li>Madencilik ekipmanlar\u0131<\/li>\n<li>Araba y\u0131kama sistemleri<\/li>\n<li>Kontrol panelleri<\/li>\n<li>Paketleme<\/li>\n<li>Kozmetik \u00fcr\u00fcnleri<\/li>\n<li>Boyalar<\/li>\n<li>Petrokimya<\/li>\n<li>G\u00fcbreler<\/li>\n<li>Farmas\u00f6tik<\/li>\n<li>F\u0131r\u0131nlar<\/li>\n<li>Mand\u0131ralar<\/li>\n<li>G\u0131da paketleme<\/li>\n<li>Yiyecek Haz\u0131rlama<\/li>\n<li>Et i\u015fleme<\/li>\n<li>Kap\u0131 eri\u015fimi<\/li>\n<li>S\u00fcre\u00e7 kontrol\u00fc<\/li>\n<li>Umumi telefonlar<\/li>\n<li>G\u00fcvenlik kap\u0131lar\u0131<\/li>\n<li>Sulama sistemleri<\/li>\n<li>Lokomotif kontrol panelleri<\/li>\n<li>Otomatlar<\/li>\n<\/ul>\n\n\t\t<\/div>\n\t<\/div>\n<\/div><\/div><\/div><\/div>\n<\/div>","protected":false},"excerpt":{"rendered":"Su i\u00e7i ve d\u0131\u015f\u0131 uygulamalar T\u0131bbi ekipman Test ekipmanlar\u0131 Otomatik gaz pompalar\u0131 Madencilik ekipmanlar\u0131 Araba y\u0131kama sistemleri Kontrol panelleri Ambalaj Kozmetik Boyalar Petrokimya G\u00fcbreler \u0130la\u00e7 F\u0131r\u0131nlar Mand\u0131ralar G\u0131da paketleme G\u0131da haz\u0131rlama Et i\u015fleme Kap\u0131 giri\u015fi Proses kontrol\u00fc Kamu telefonlar\u0131 G\u00fcvenlik kap\u0131lar\u0131 Sulama sistemleri Lokomotif kontrol panelleri Otomatlar","protected":false},"author":1,"featured_media":7285,"parent":0,"menu_order":42,"comment_status":"closed","ping_status":"closed","template":"page-default.php","meta":{"_acf_changed":false,"footnotes":""},"class_list":["post-7414","page","type-page","status-publish","has-post-thumbnail","hentry","entry"],"acf":[],"post_mailing_queue_ids":[],"_links":{"self":[{"href":"https:\/\/www.langir.com\/tr\/wp-json\/wp\/v2\/pages\/7414","targetHints":{"allow":["GET"]}}],"collection":[{"href":"https:\/\/www.langir.com\/tr\/wp-json\/wp\/v2\/pages"}],"about":[{"href":"https:\/\/www.langir.com\/tr\/wp-json\/wp\/v2\/types\/page"}],"author":[{"embeddable":true,"href":"https:\/\/www.langir.com\/tr\/wp-json\/wp\/v2\/users\/1"}],"replies":[{"embeddable":true,"href":"https:\/\/www.langir.com\/tr\/wp-json\/wp\/v2\/comments?post=7414"}],"version-history":[{"count":0,"href":"https:\/\/www.langir.com\/tr\/wp-json\/wp\/v2\/pages\/7414\/revisions"}],"wp:featuredmedia":[{"embeddable":true,"href":"https:\/\/www.langir.com\/tr\/wp-json\/wp\/v2\/media\/7285"}],"wp:attachment":[{"href":"https:\/\/www.langir.com\/tr\/wp-json\/wp\/v2\/media?parent=7414"}],"curies":[{"name":"wp","href":"https:\/\/api.w.org\/{rel}","templated":true}]}}