{"id":7432,"date":"2019-11-21T08:43:00","date_gmt":"2019-11-21T08:43:00","guid":{"rendered":"https:\/\/www.langir.com\/?page_id=7432"},"modified":"2026-03-30T08:27:42","modified_gmt":"2026-03-30T08:27:42","slug":"electronic-design-solutions","status":"publish","type":"page","link":"https:\/\/www.langir.com\/tr\/electronic-design-solutions\/","title":{"rendered":"Elektronik Tasar\u0131m \u00c7\u00f6z\u00fcmleri"},"content":{"rendered":"<div class=\"wpb-content-wrapper\"><div class=\"vc_row wpb_row vc_row-fluid\"><div class=\"wpb_column vc_column_container vc_col-sm-12\"><div class=\"vc_column-inner\"><div class=\"wpb_wrapper\">\n\t<div class=\"wpb_text_column wpb_content_element vc_custom_1555666188726\" >\n\t\t<div class=\"wpb_wrapper\">\n\t\t\t<div class=\"requisition\">\n<ul>\n<li><a title=\"Fiyat Teklifi i\u00e7in \u00d6zelle\u015ftirme\" href=\"https:\/\/www.langir.com\/tr\/customization-for-quotation\/\">\u00d6zelle\u015ftirilmi\u015f \u00dcr\u00fcnler<\/a><\/li>\n<li><a title=\"Fiyat Teklifi Talebi\" href=\"https:\/\/www.langir.com\/tr\/request-quotation\/\">Teklif \u0130ste<\/a><\/li>\n<\/ul>\n<\/div>\n<div id=\"detail\" class=\"serie\">\n<ul class=\"files\">\n<li class=\"brochure\"><a href=\"#\">bro\u015f\u00fcr<\/a><\/li>\n<\/ul>\n<ul class=\"certifications\">\n<li class=\"is_rohs\" title=\"RoHS\">rohs<\/li>\n<li class=\"is_ce\" title=\"CE\">ce<\/li>\n<\/ul>\n<\/div>\n\n\t\t<\/div>\n\t<\/div>\n<\/div><\/div><\/div><\/div><div class=\"vc_row wpb_row vc_row-fluid\"><div class=\"wpb_column vc_column_container vc_col-sm-6\"><div class=\"vc_column-inner\"><div class=\"wpb_wrapper\">\n\t<div class=\"wpb_text_column wpb_content_element vc_custom_1615533103621\" >\n\t\t<div class=\"wpb_wrapper\">\n\t\t\t<p><strong>PCB Tasar\u0131m Hizmetleri<\/strong><\/p>\n\n\t\t<\/div>\n\t<\/div>\n\n\t<div class=\"wpb_text_column wpb_content_element vc_custom_1555667332300\" >\n\t\t<div class=\"wpb_wrapper\">\n\t\t\t<p><img fetchpriority=\"high\" decoding=\"async\" class=\"size-full wp-image-6051 aligncenter\" title=\"PCB Tasar\u0131m\u0131\" src=\"https:\/\/www.langir.com\/wp-content\/uploads\/2019\/04\/pcb-design.jpg\" alt=\"PCB Tasar\u0131m\u0131\" width=\"800\" height=\"400\" \/><\/p>\n\n\t\t<\/div>\n\t<\/div>\n\n\t<div class=\"wpb_text_column wpb_content_element vc_custom_1615531757741\" >\n\t\t<div class=\"wpb_wrapper\">\n\t\t\t<ul style=\"color: #cccccc;\">\n<li>PCB D\u00dcZEN\u0130<\/li>\n<li>SEMBOL OLU\u015eTURMA<\/li>\n<li>\u015eEMATIK YAKALAMA<\/li>\n<li>ARA\u00c7 SENARYOSU<\/li>\n<li>IPC SERTI\u0307FI\u0307KALI TASARIMCILAR<\/li>\n<\/ul>\n\n\t\t<\/div>\n\t<\/div>\n<\/div><\/div><\/div><div class=\"wpb_column vc_column_container vc_col-sm-6\"><div class=\"vc_column-inner\"><div class=\"wpb_wrapper\">\n\t<div class=\"wpb_text_column wpb_content_element vc_custom_1555900612979\" >\n\t\t<div class=\"wpb_wrapper\">\n\t\t\t<p><strong>\u00dcretim ve Laboratuvar Hizmetleri<\/strong><\/p>\n\n\t\t<\/div>\n\t<\/div>\n\n\t<div class=\"wpb_text_column wpb_content_element vc_custom_1555667325004\" >\n\t\t<div class=\"wpb_wrapper\">\n\t\t\t<p><img decoding=\"async\" class=\"size-full wp-image-6052 aligncenter\" title=\"\u00dcretim ve Laboratuvar Hizmetleri\" src=\"https:\/\/www.langir.com\/wp-content\/uploads\/2019\/04\/manufacturing-lab-services.jpg\" alt=\"\u00dcretim ve Laboratuvar Hizmetleri\" \/><\/p>\n\n\t\t<\/div>\n\t<\/div>\n\n\t<div class=\"wpb_text_column wpb_content_element vc_custom_1555666298347\" >\n\t\t<div class=\"wpb_wrapper\">\n\t\t\t<ul style=\"color: #cccccc;\">\n<li>HIZLI D\u00d6N\u00dc\u015e PROTOTIPLERI<\/li>\n<li>ENVANTER Y\u00d6NETI\u0307MI\u0307<\/li>\n<li>\u015eIRKET I\u00c7I MONTAJ YENIDEN I\u015eLEME<\/li>\n<li>KUTU YAPILARI<\/li>\n<li>\u00d6ZEL PAKETLEME<\/li>\n<li>DONANIM PROGRAMLAMA<\/li>\n<li>FONKSIYONEL TEST<\/li>\n<\/ul>\n\n\t\t<\/div>\n\t<\/div>\n<\/div><\/div><\/div><\/div><div class=\"vc_row wpb_row vc_row-fluid\"><div class=\"wpb_column vc_column_container vc_col-sm-12\"><div class=\"vc_column-inner\"><div class=\"wpb_wrapper\">\n\t<div class=\"wpb_text_column wpb_content_element vc_custom_1561776662888\" >\n\t\t<div class=\"wpb_wrapper\">\n\t\t\t<p style=\"text-align: center;\"><strong>Langir \u015firketiniz i\u00e7in eksiksiz bir \u00e7\u00f6z\u00fcm sunar<\/strong><\/p>\n\n\t\t<\/div>\n\t<\/div>\n\n\t<div class=\"wpb_text_column wpb_content_element vc_custom_1561776480521\" >\n\t\t<div class=\"wpb_wrapper\">\n\t\t\t<p><img decoding=\"async\" class=\"size-full wp-image-6936\" title=\"\u00c7\u00f6z\u00fcm Tamamland\u0131\" src=\"https:\/\/www.langir.com\/wp-content\/uploads\/2019\/06\/solution-complete-langir.png\" alt=\"\u00c7\u00f6z\u00fcm Tamamland\u0131\" width=\"1900\" height=\"760\" \/><\/p>\n\n\t\t<\/div>\n\t<\/div>\n<\/div><\/div><\/div><div class=\"wpb_column vc_column_container vc_col-sm-12\"><div class=\"vc_column-inner\"><div class=\"wpb_wrapper\">\n<div class=\"vc-zigzag-wrapper vc-zigzag-align-center\"><div class=\"vc-zigzag-inner\" style=\"width: 100%;min-height: 14px;background: 0 repeat-x url(&#039;data:image\/svg+xml;utf-8,%3C%3Fxml%20version%3D%221.0%22%20encoding%3D%22utf-8%22%3F%3E%3C%21DOCTYPE%20svg%20PUBLIC%20%22-%2F%2FW3C%2F%2FDTD%20SVG%201.1%2F%2FEN%22%20%22http%3A%2F%2Fwww.w3.org%2FGraphics%2FSVG%2F1.1%2FDTD%2Fsvg11.dtd%22%3E%3Csvg%20width%3D%2214px%22%20height%3D%2212px%22%20viewBox%3D%220%200%2018%2015%22%20version%3D%221.1%22%20xmlns%3D%22http%3A%2F%2Fwww.w3.org%2F2000%2Fsvg%22%20xmlns%3Axlink%3D%22http%3A%2F%2Fwww.w3.org%2F1999%2Fxlink%22%3E%3Cpolygon%20id%3D%22Combined-Shape%22%20fill%3D%22%23ebebeb%22%20points%3D%228.98762301%200%200%209.12771969%200%2014.519983%209%205.40479869%2018%2014.519983%2018%209.12771969%22%3E%3C%2Fpolygon%3E%3C%2Fsvg%3E&#039;);\"><\/div><\/div><\/div><\/div><\/div><\/div><div class=\"vc_row wpb_row vc_row-fluid\"><div class=\"wpb_column vc_column_container vc_col-sm-12\"><div class=\"vc_column-inner\"><div class=\"wpb_wrapper\">\n\t<div class=\"wpb_text_column wpb_content_element vc_custom_1555666391582\" >\n\t\t<div class=\"wpb_wrapper\">\n\t\t\t<p><strong>PCB TASARIM HI\u0307ZMETLERI\u0307<\/strong><\/p>\n\n\t\t<\/div>\n\t<\/div>\n\n\t<div class=\"wpb_text_column wpb_content_element vc_custom_1555666409277\" >\n\t\t<div class=\"wpb_wrapper\">\n\t\t\t<p>Langir, kritik panolar\u0131 h\u0131zland\u0131rmak i\u00e7in paralel olarak birden fazla projenin d\u00fczenini destekleyecek kaynaklara sahiptir.<br \/>\n\u015eirketinizin sanal PCB tasar\u0131m departman\u0131 olarak veya yo\u011fun d\u00f6nemlerde mevcut personelinize ek olarak \u00e7al\u0131\u015fabiliriz.<\/p>\n<p>T\u00fcm Langir tasar\u0131mc\u0131lar\u0131, basit ara ba\u011flant\u0131lardan son derece karma\u015f\u0131k panolara kadar geni\u015f bir uzmanl\u0131k yelpazesine sahiptir.<\/p>\n<p>\u00dcr\u00fcn geli\u015ftirme d\u00f6ng\u00fcs\u00fcn\u00fcn ilk ad\u0131mlar\u0131ndan biri olarak, tasar\u0131m\u0131n\u0131z\u0131 ba\u015flang\u0131\u00e7tan nihai \u00fcretim dosyalar\u0131na kadar g\u00f6t\u00fcrmek i\u00e7in \u00e7ok say\u0131da hizmet sunuyoruz. Hizmetler aras\u0131nda \u015fematik yakalama, ayak izi olu\u015fturma ve yerle\u015fim yer almaktad\u0131r.<\/p>\n<p>Dosyalar\u0131 \u00fcretime almadan \u00f6nce, uyumluluk sorunlar\u0131n\u0131 erken yakalamak ve program gecikmesi riskini azaltmak i\u00e7in temel DFM incelemesi sa\u011flayabiliriz.<\/p>\n\n\t\t<\/div>\n\t<\/div>\n<\/div><\/div><\/div><div class=\"wpb_column vc_column_container vc_col-sm-6\"><div class=\"vc_column-inner\"><div class=\"wpb_wrapper\">\n\t<div class=\"wpb_text_column wpb_content_element vc_custom_1555666442525\" >\n\t\t<div class=\"wpb_wrapper\">\n\t\t\t<p><strong>Softwara<\/strong><\/p>\n\n\t\t<\/div>\n\t<\/div>\n\n\t<div class=\"wpb_text_column wpb_content_element vc_custom_1555666456356\" >\n\t\t<div class=\"wpb_wrapper\">\n\t\t\t<ul style=\"color: #cccccc;\">\n<li>ALTIUM TASARIMCISI<\/li>\n<li>KADANS ALLEGRO<\/li>\n<li>AUTODESK EAGLE<\/li>\n<li>MENTOR XPEDITION<\/li>\n<li>MENTOR PEDLER\u0130<\/li>\n<\/ul>\n\n\t\t<\/div>\n\t<\/div>\n<\/div><\/div><\/div><div class=\"wpb_column vc_column_container vc_col-sm-6\"><div class=\"vc_column-inner\"><div class=\"wpb_wrapper\">\n\t<div class=\"wpb_text_column wpb_content_element vc_custom_1555666482916\" >\n\t\t<div class=\"wpb_wrapper\">\n\t\t\t\n\t\t<\/div>\n\t<\/div>\n\n\t<div class=\"wpb_text_column wpb_content_element vc_custom_1555666471340\" >\n\t\t<div class=\"wpb_wrapper\">\n\t\t\t<ul style=\"color: #cccccc;\">\n<li>RF<\/li>\n<li>ANALOG<\/li>\n<li>Y\u00dcKSEK HIZLI DIJITAL<\/li>\n<li>V\u0130DEO<\/li>\n<li>SES<\/li>\n<li>G\u00dc\u00c7 KAYNAKLARI<\/li>\n<li>ARA\u00c7 SENARYOSU<\/li>\n<li>DFM \u0130NCELEME<\/li>\n<\/ul>\n\n\t\t<\/div>\n\t<\/div>\n<\/div><\/div><\/div><div class=\"wpb_column vc_column_container vc_col-sm-12\"><div class=\"vc_column-inner\"><div class=\"wpb_wrapper\">\n\t<div class=\"wpb_text_column wpb_content_element vc_custom_1555666520230\" >\n\t\t<div class=\"wpb_wrapper\">\n\t\t\t<p><strong>\u00dcRETI\u0307M &amp; LABORATUVAR HI\u0307ZMETLERI\u0307<\/strong><\/p>\n\n\t\t<\/div>\n\t<\/div>\n\n\t<div class=\"wpb_text_column wpb_content_element vc_custom_1555666536892\" >\n\t\t<div class=\"wpb_wrapper\">\n\t\t\t<p>Langir, dahili tasar\u0131m ekibimiz taraf\u0131ndan olu\u015fturulan veya do\u011frudan m\u00fc\u015fteriden gelen \u00fcretim verilerini kullanarak h\u0131zl\u0131 d\u00f6n\u00fc\u015fl\u00fc sert, sert esnek ve esnek levhalar sunar.<\/p>\n<p>\u0130malat\u00e7\u0131lar ve montajc\u0131larla kal\u0131c\u0131 ili\u015fkiler geli\u015ftirdik ve yeni sat\u0131c\u0131larla ortakl\u0131klar kurmaya devam ediyoruz. Bu sayede kaliteli yap\u0131lar\u0131 rekabet\u00e7i fiyatlarla sunabiliyoruz.<\/p>\n<p>Tasar\u0131mc\u0131lar ve program y\u00f6neticilerinden olu\u015fan ekibimiz, tasar\u0131mlar\u0131n yerle\u015fim tamamlanmadan \u00f6nce in\u015fa edilebilmesini sa\u011flamak i\u00e7in i\u015fbirli\u011fi i\u00e7inde \u00e7al\u0131\u015f\u0131r.<\/p>\n<p>\u00d6n teklifler ve uzun vadeli bile\u015fenlerin geli\u015fmi\u015f tedariki, m\u00fc\u015fteri programlar\u0131n\u0131n tasar\u0131mdan \u00fcretime s\u00fcrekli olarak ilerlemesini sa\u011flar.<\/p>\n\n\t\t<\/div>\n\t<\/div>\n<\/div><\/div><\/div><div class=\"wpb_column vc_column_container vc_col-sm-6\"><div class=\"vc_column-inner\"><div class=\"wpb_wrapper\">\n\t<div class=\"wpb_text_column wpb_content_element vc_custom_1555666577732\" >\n\t\t<div class=\"wpb_wrapper\">\n\t\t\t<ul style=\"color: #cccccc;\">\n<li>KUTU YAPILARI\/BETA \u00dcR\u00dcNLER<\/li>\n<li>MUHAFAZA VE \u015eASI\u0307 MODI\u0307FI\u0307KASYONU<\/li>\n<li>\u00d6ZEL PAKETLEME<\/li>\n<li>YURTI\u00c7I \/ YURTDI\u015eI<\/li>\n<li>KARGO<\/li>\n<li>\u00d6ZEL LABORATUVAR EKI\u0307PMANLARI<\/li>\n<\/ul>\n\n\t\t<\/div>\n\t<\/div>\n<\/div><\/div><\/div><div class=\"wpb_column vc_column_container vc_col-sm-6\"><div class=\"vc_column-inner\"><div class=\"wpb_wrapper\">\n\t<div class=\"wpb_text_column wpb_content_element vc_custom_1555666588963\" >\n\t\t<div class=\"wpb_wrapper\">\n\t\t\t<ul style=\"color: #cccccc;\">\n<li>PROTOTI\u0307P DESTE\u011eI\u0307<\/li>\n<li>FPC &amp; PCB \u00dcRETI\u0307MI\u0307<\/li>\n<li>BILE\u015eEN TEDARIKI<\/li>\n<li>MEKANI\u0307K \u00dcRETI\u0307M<\/li>\n<li>HIZLI D\u00d6N\u00dc\u015eLER<\/li>\n<li>\u00d6N TEKLIFLER<\/li>\n<li>ISTIFLEME TALEPLERI<\/li>\n<\/ul>\n\n\t\t<\/div>\n\t<\/div>\n<\/div><\/div><\/div><div class=\"wpb_column vc_column_container vc_col-sm-12\"><div class=\"vc_column-inner\"><div class=\"wpb_wrapper\">\n<div class=\"vc-zigzag-wrapper vc-zigzag-align-center\"><div class=\"vc-zigzag-inner\" style=\"width: 100%;min-height: 14px;background: 0 repeat-x url(&#039;data:image\/svg+xml;utf-8,%3C%3Fxml%20version%3D%221.0%22%20encoding%3D%22utf-8%22%3F%3E%3C%21DOCTYPE%20svg%20PUBLIC%20%22-%2F%2FW3C%2F%2FDTD%20SVG%201.1%2F%2FEN%22%20%22http%3A%2F%2Fwww.w3.org%2FGraphics%2FSVG%2F1.1%2FDTD%2Fsvg11.dtd%22%3E%3Csvg%20width%3D%2214px%22%20height%3D%2212px%22%20viewBox%3D%220%200%2018%2015%22%20version%3D%221.1%22%20xmlns%3D%22http%3A%2F%2Fwww.w3.org%2F2000%2Fsvg%22%20xmlns%3Axlink%3D%22http%3A%2F%2Fwww.w3.org%2F1999%2Fxlink%22%3E%3Cpolygon%20id%3D%22Combined-Shape%22%20fill%3D%22%23ebebeb%22%20points%3D%228.98762301%200%200%209.12771969%200%2014.519983%209%205.40479869%2018%2014.519983%2018%209.12771969%22%3E%3C%2Fpolygon%3E%3C%2Fsvg%3E&#039;);\"><\/div><\/div><\/div><\/div><\/div><div class=\"wpb_column vc_column_container vc_col-sm-6\"><div class=\"vc_column-inner\"><div class=\"wpb_wrapper\">\n\t<div class=\"wpb_text_column wpb_content_element vc_custom_1555666726908\" >\n\t\t<div class=\"wpb_wrapper\">\n\t\t\t<p><img decoding=\"async\" class=\"size-full wp-image-6067\" src=\"https:\/\/www.langir.com\/wp-content\/uploads\/2019\/03\/electronic-design-solutions-5.jpg\" alt=\"Elektronik Tasar\u0131m \u00c7\u00f6z\u00fcmleri\" width=\"800\" height=\"400\" \/><\/p>\n\n\t\t<\/div>\n\t<\/div>\n<\/div><\/div><\/div><div class=\"wpb_column vc_column_container vc_col-sm-6\"><div class=\"vc_column-inner\"><div class=\"wpb_wrapper\">\n\t<div class=\"wpb_text_column wpb_content_element vc_custom_1555666744247\" >\n\t\t<div class=\"wpb_wrapper\">\n\t\t\t<p><img loading=\"lazy\" decoding=\"async\" class=\"size-full wp-image-6070\" src=\"https:\/\/www.langir.com\/wp-content\/uploads\/2019\/03\/electronic-design-solutions-2.jpg\" alt=\"Elektronik Tasar\u0131m \u00c7\u00f6z\u00fcmleri\" width=\"800\" height=\"400\" \/><\/p>\n\n\t\t<\/div>\n\t<\/div>\n<\/div><\/div><\/div><div class=\"wpb_column vc_column_container vc_col-sm-6\"><div class=\"vc_column-inner\"><div class=\"wpb_wrapper\">\n\t<div class=\"wpb_text_column wpb_content_element vc_custom_1555666758605\" >\n\t\t<div class=\"wpb_wrapper\">\n\t\t\t<p><img loading=\"lazy\" decoding=\"async\" class=\"size-full wp-image-6071\" src=\"https:\/\/www.langir.com\/wp-content\/uploads\/2019\/03\/electronic-design-solutions-3.jpg\" alt=\"Elektronik Tasar\u0131m \u00c7\u00f6z\u00fcmleri\" width=\"800\" height=\"400\" \/><\/p>\n\n\t\t<\/div>\n\t<\/div>\n<\/div><\/div><\/div><div class=\"wpb_column vc_column_container vc_col-sm-6\"><div class=\"vc_column-inner\"><div class=\"wpb_wrapper\">\n\t<div class=\"wpb_text_column wpb_content_element vc_custom_1555666773142\" >\n\t\t<div class=\"wpb_wrapper\">\n\t\t\t<p><img loading=\"lazy\" decoding=\"async\" class=\"size-full wp-image-6141\" title=\"Elektronik Tasar\u0131m \u00c7\u00f6z\u00fcmleri\" src=\"https:\/\/www.langir.com\/wp-content\/uploads\/2019\/04\/electronic-design-solutions-6.jpg\" alt=\"Elektronik Tasar\u0131m \u00c7\u00f6z\u00fcmleri\" width=\"800\" height=\"400\" \/><\/p>\n\n\t\t<\/div>\n\t<\/div>\n<\/div><\/div><\/div><div class=\"wpb_column vc_column_container vc_col-sm-6\"><div class=\"vc_column-inner\"><div class=\"wpb_wrapper\">\n\t<div class=\"wpb_text_column wpb_content_element vc_custom_1555666791076\" >\n\t\t<div class=\"wpb_wrapper\">\n\t\t\t<p><img loading=\"lazy\" decoding=\"async\" class=\"size-full wp-image-6069\" src=\"https:\/\/www.langir.com\/wp-content\/uploads\/2019\/03\/electronic-design-solutions-1.jpg\" alt=\"Elektronik Tasar\u0131m \u00c7\u00f6z\u00fcmleri\" width=\"800\" height=\"400\" \/><\/p>\n\n\t\t<\/div>\n\t<\/div>\n<\/div><\/div><\/div><div class=\"wpb_column vc_column_container vc_col-sm-6\"><div class=\"vc_column-inner\"><div class=\"wpb_wrapper\">\n\t<div class=\"wpb_text_column wpb_content_element vc_custom_1555666807725\" >\n\t\t<div class=\"wpb_wrapper\">\n\t\t\t<p><img loading=\"lazy\" decoding=\"async\" class=\"size-full wp-image-6142\" title=\"Elektronik Tasar\u0131m \u00c7\u00f6z\u00fcmleri\" src=\"https:\/\/www.langir.com\/wp-content\/uploads\/2019\/04\/electronic-design-solutions-4.jpg\" alt=\"Elektronik Tasar\u0131m \u00c7\u00f6z\u00fcmleri\" width=\"800\" height=\"400\" \/><\/p>\n\n\t\t<\/div>\n\t<\/div>\n<\/div><\/div><\/div><div class=\"wpb_column vc_column_container vc_col-sm-12\"><div class=\"vc_column-inner\"><div class=\"wpb_wrapper\">\n<div class=\"vc-zigzag-wrapper vc-zigzag-align-center\"><div class=\"vc-zigzag-inner\" style=\"width: 100%;min-height: 14px;background: 0 repeat-x url(&#039;data:image\/svg+xml;utf-8,%3C%3Fxml%20version%3D%221.0%22%20encoding%3D%22utf-8%22%3F%3E%3C%21DOCTYPE%20svg%20PUBLIC%20%22-%2F%2FW3C%2F%2FDTD%20SVG%201.1%2F%2FEN%22%20%22http%3A%2F%2Fwww.w3.org%2FGraphics%2FSVG%2F1.1%2FDTD%2Fsvg11.dtd%22%3E%3Csvg%20width%3D%2214px%22%20height%3D%2212px%22%20viewBox%3D%220%200%2018%2015%22%20version%3D%221.1%22%20xmlns%3D%22http%3A%2F%2Fwww.w3.org%2F2000%2Fsvg%22%20xmlns%3Axlink%3D%22http%3A%2F%2Fwww.w3.org%2F1999%2Fxlink%22%3E%3Cpolygon%20id%3D%22Combined-Shape%22%20fill%3D%22%23ebebeb%22%20points%3D%228.98762301%200%200%209.12771969%200%2014.519983%209%205.40479869%2018%2014.519983%2018%209.12771969%22%3E%3C%2Fpolygon%3E%3C%2Fsvg%3E&#039;);\"><\/div><\/div>\n\t<div class=\"wpb_text_column wpb_content_element\" >\n\t\t<div class=\"wpb_wrapper\">\n\t\t\t<p><iframe style=\"width: 100%; border: none;\" title=\"G\u00f6m\u00fcl\u00fc Wufoo Formu\" src=\"https:\/\/langir.wufoo.com\/embed\/zcdgace1ql3iv4\/\" height=\"766\" frameborder=\"0\" scrolling=\"no\" sandbox=\"allow-popups-to-escape-sandbox allow-top-navigation allow-scripts allow-popups allow-forms allow-same-origin\"> <a href=\"https:\/\/langir.wufoo.com\/forms\/zcdgace1ql3iv4\/\" target=\"_blank\" rel=\"noopener\">Wufoo formumu doldurun!<\/a> <\/iframe><\/p>\n\n\t\t<\/div>\n\t<\/div>\n<\/div><\/div><\/div><\/div>\n<\/div>","protected":false},"excerpt":{"rendered":"Customized Products Request Quotation brochure rohs ce PCB Design Services PCB LAYOUT SYMBOL CREATION SCHEMATIC CAPTURE TOOL SCRIPTING IPC CERTIFIED DESIGNERS Manufacturing &amp; Lab Services QUICK TURN PROTOTYPES INVENTORY MANAGEMENT IN HOUSE ASSEMBLY REWORK BOX BUILDS CUSTOM PACKAGING HARDWARE PROGRAMMING FUNCTIONAL TESTING Langir offers the complete solution for your company PCB DESIGN SERVICES Langir has [...]","protected":false},"author":1,"featured_media":7430,"parent":0,"menu_order":36,"comment_status":"closed","ping_status":"closed","template":"page-default.php","meta":{"_acf_changed":false,"_metasync_otto_title":"","_metasync_otto_description":"","_metasync_otto_keywords":"","_metasync_otto_og_title":"","_metasync_otto_og_description":"","_metasync_otto_twitter_title":"","_metasync_otto_twitter_description":"","rank_math_title":"","rank_math_description":"All Langir designers have a broad range of expertise, from simple interconnect to highly complex boards.","_yoast_wpseo_title":"","_yoast_wpseo_metadesc":"","_aioseo_title":"","_aioseo_description":"","_metasync_seo_title":"","_metasync_seo_desc":"","_metasync_breadcrumb_title":"","_metasync_primary_category":0,"_metasync_primary_product_cat":0,"_metasync_otto_disabled":"","_metasync_hreflang":"","footnotes":""},"class_list":["post-7432","page","type-page","status-publish","has-post-thumbnail","hentry","entry"],"acf":[],"post_mailing_queue_ids":[],"_links":{"self":[{"href":"https:\/\/www.langir.com\/tr\/wp-json\/wp\/v2\/pages\/7432","targetHints":{"allow":["GET"]}}],"collection":[{"href":"https:\/\/www.langir.com\/tr\/wp-json\/wp\/v2\/pages"}],"about":[{"href":"https:\/\/www.langir.com\/tr\/wp-json\/wp\/v2\/types\/page"}],"author":[{"embeddable":true,"href":"https:\/\/www.langir.com\/tr\/wp-json\/wp\/v2\/users\/1"}],"replies":[{"embeddable":true,"href":"https:\/\/www.langir.com\/tr\/wp-json\/wp\/v2\/comments?post=7432"}],"version-history":[{"count":1,"href":"https:\/\/www.langir.com\/tr\/wp-json\/wp\/v2\/pages\/7432\/revisions"}],"predecessor-version":[{"id":16174,"href":"https:\/\/www.langir.com\/tr\/wp-json\/wp\/v2\/pages\/7432\/revisions\/16174"}],"wp:featuredmedia":[{"embeddable":true,"href":"https:\/\/www.langir.com\/tr\/wp-json\/wp\/v2\/media\/7430"}],"wp:attachment":[{"href":"https:\/\/www.langir.com\/tr\/wp-json\/wp\/v2\/media?parent=7432"}],"curies":[{"name":"wp","href":"https:\/\/api.w.org\/{rel}","templated":true}]}}