{"id":7441,"date":"2019-11-21T08:48:21","date_gmt":"2019-11-21T08:48:21","guid":{"rendered":"https:\/\/www.langir.com\/?page_id=7441"},"modified":"2026-03-30T08:27:20","modified_gmt":"2026-03-30T08:27:20","slug":"frequently-asked-questions","status":"publish","type":"page","link":"https:\/\/www.langir.com\/tr\/frequently-asked-questions\/","title":{"rendered":"S\u0131k\u00e7a Sorulan Sorular"},"content":{"rendered":"<div class=\"wpb-content-wrapper\"><div class=\"vc_row wpb_row vc_row-fluid\"><div class=\"wpb_column vc_column_container vc_col-sm-12\"><div class=\"vc_column-inner\"><div class=\"wpb_wrapper\">\n\t<div class=\"wpb_text_column wpb_content_element\" >\n\t\t<div class=\"wpb_wrapper\">\n\t\t\t<p>A\u015fa\u011f\u0131da en s\u0131k sorulan sorular\u0131m\u0131zdan baz\u0131lar\u0131 yer almaktad\u0131r. E\u011fer burada olmayan bir sorunuz varsa, <a href=\"https:\/\/www.langir.com\/tr\/contact\/\">l\u00fctfen bizimle ileti\u015fime ge\u00e7in.<\/a><\/p>\n\n\t\t<\/div>\n\t<\/div>\n\n<div class=\"vc-zigzag-wrapper vc-zigzag-align-center\"><div class=\"vc-zigzag-inner\" style=\"width: 100%;min-height: 14px;background: 0 repeat-x url(&#039;data:image\/svg+xml;utf-8,%3C%3Fxml%20version%3D%221.0%22%20encoding%3D%22utf-8%22%3F%3E%3C%21DOCTYPE%20svg%20PUBLIC%20%22-%2F%2FW3C%2F%2FDTD%20SVG%201.1%2F%2FEN%22%20%22http%3A%2F%2Fwww.w3.org%2FGraphics%2FSVG%2F1.1%2FDTD%2Fsvg11.dtd%22%3E%3Csvg%20width%3D%2214px%22%20height%3D%2212px%22%20viewBox%3D%220%200%2018%2015%22%20version%3D%221.1%22%20xmlns%3D%22http%3A%2F%2Fwww.w3.org%2F2000%2Fsvg%22%20xmlns%3Axlink%3D%22http%3A%2F%2Fwww.w3.org%2F1999%2Fxlink%22%3E%3Cpolygon%20id%3D%22Combined-Shape%22%20fill%3D%22%23ebebeb%22%20points%3D%228.98762301%200%200%209.12771969%200%2014.519983%209%205.40479869%2018%2014.519983%2018%209.12771969%22%3E%3C%2Fpolygon%3E%3C%2Fsvg%3E&#039;);\"><\/div><\/div>\n\t<div class=\"wpb_text_column wpb_content_element\" >\n\t\t<div class=\"wpb_wrapper\">\n\t\t\t<p><strong style=\"color: #000;\">Bu sitede nas\u0131l geli\u015fmi\u015f arama yapabilirim?<\/strong><\/p>\n\n\t\t<\/div>\n\t<\/div>\n\n\t<div class=\"wpb_text_column wpb_content_element\" >\n\t\t<div class=\"wpb_wrapper\">\n\t\t\t<p>Arama kutusuna istedi\u011finiz szie'yi girin.<\/p>\n\n\t\t<\/div>\n\t<\/div>\n\n\t<div class=\"wpb_text_column wpb_content_element\" >\n\t\t<div class=\"wpb_wrapper\">\n\t\t\t<p><strong style=\"color: #000;\">Bir anahtar\u0131n y\u0131kanabilir veya s\u0131zd\u0131rmaz oldu\u011funu nas\u0131l anlar\u0131m?<\/strong><\/p>\n\n\t\t<\/div>\n\t<\/div>\n\n\t<div class=\"wpb_text_column wpb_content_element\" >\n\t\t<div class=\"wpb_wrapper\">\n\t\t\t<p>Her serinin \u00fcr\u00fcn detay sayfas\u0131nda anahtar hakk\u0131nda bilgi bulacaks\u0131n\u0131z. Y\u0131kanabilir veya belirli bir IP derecesine g\u00f6re m\u00fch\u00fcrlenmi\u015fse, \u00fcr\u00fcn ayr\u0131nt\u0131 sayfas\u0131nda listelenecektir. \u00dcr\u00fcn detay sayfas\u0131na ula\u015fmak i\u00e7in \u015fu adrese gidin <a href=\"https:\/\/www.langir.com\/tr\/catalogues\/\" rel=\"noopener\">\u00fcr\u00fcn katalo\u011fu<\/a> ve t\u00fcre veya \u00f6zelli\u011fe g\u00f6re arama yap\u0131n.<br \/>\nT\u00fcm Langir anahtarlar\u0131n\u0131n a\u015fa\u011f\u0131dakilerle uyumlu oldu\u011funu belirtmek g\u00fcvenli bir varsay\u0131md\u0131r <a href=\"https:\/\/www.langir.com\/tr\/protection-ratings\/\">EN 60529<\/a>.<\/p>\n\n\t\t<\/div>\n\t<\/div>\n\n\t<div class=\"wpb_text_column wpb_content_element\" >\n\t\t<div class=\"wpb_wrapper\">\n\t\t\t<p><strong style=\"color: #000;\">Bir par\u00e7a numaras\u0131n\u0131n RoHS sertifikal\u0131 olup olmad\u0131\u011f\u0131n\u0131 nas\u0131l anlar\u0131m?<\/strong><\/p>\n\n\t\t<\/div>\n\t<\/div>\n\n\t<div class=\"wpb_text_column wpb_content_element\" >\n\t\t<div class=\"wpb_wrapper\">\n\t\t\t<p>T\u00fcm anahtarlar\u0131m\u0131z\u0131n RoHS standartlar\u0131na uygun oldu\u011funu belirtmek g\u00fcvenli bir varsay\u0131md\u0131r. RoHS sertifikalar\u0131 k\u00fct\u00fcphanemizin tamam\u0131n\u0131 par\u00e7a numaras\u0131na g\u00f6re bulabilirsiniz, <a href=\"https:\/\/www.langir.com\/tr\/certifications\/\" rel=\"noopener\">Sertifikalar<\/a>.<\/p>\n\n\t\t<\/div>\n\t<\/div>\n\n\t<div class=\"wpb_text_column wpb_content_element\" >\n\t\t<div class=\"wpb_wrapper\">\n\t\t\t<p><strong style=\"color: #000;\">Tavsiye etti\u011finiz lehim profili nedir?<\/strong><\/p>\n\n\t\t<\/div>\n\t<\/div>\n\n\t<div class=\"wpb_text_column wpb_content_element\" >\n\t\t<div class=\"wpb_wrapper\">\n\t\t\t<p>Elle lehimleme, SMT reflow ve dalga lehimleme i\u015flemleri i\u00e7in lehim profili \u00f6nerilerimiz var. \u00d6nerilerimizi bulabilirsiniz <a href=\"https:\/\/www.langir.com\/tr\/soldering-profiles\/\">Lehimleme Profilleri<\/a>.<\/p>\n\n\t\t<\/div>\n\t<\/div>\n\n\t<div class=\"wpb_text_column wpb_content_element\" >\n\t\t<div class=\"wpb_wrapper\">\n\t\t\t<p><strong style=\"color: #000;\">Langir ne kadar b\u00fcy\u00fck?<\/strong><\/p>\n\n\t\t<\/div>\n\t<\/div>\n\n\t<div class=\"wpb_text_column wpb_content_element\" >\n\t\t<div class=\"wpb_wrapper\">\n\t\t\t<p>\u00dcr\u00fcn\u00fcn 80%'si Amerika, Japonya, G\u00fcney Kore, Kanada, Avrupa, G\u00fcney Amerika, Avustralya, G\u00fcneydo\u011fu Asya, Afrika ve benzeri gibi 50'den fazla \u00fclke ve b\u00f6lgeye sat\u0131lmaktad\u0131r ve \u00e7e\u015fitli \u00fclkeler ve b\u00f6lgeler aras\u0131nda pop\u00fclerli\u011fe sahiptir.<\/p>\n\n\t\t<\/div>\n\t<\/div>\n\n\t<div class=\"wpb_text_column wpb_content_element\" >\n\t\t<div class=\"wpb_wrapper\">\n\t\t\t<p><strong style=\"color: #000;\">Langir'in temel de\u011feri nedir?<\/strong><\/p>\n\n\t\t<\/div>\n\t<\/div>\n\n\t<div class=\"wpb_text_column wpb_content_element\" >\n\t\t<div class=\"wpb_wrapper\">\n\t\t\t<p>Markan\u0131n temel de\u011feri Langir k\u00fclt\u00fcr\u00fcd\u00fcr, \u00f6zellikle <a title=\"Anti vandal anahtar, Piezo anahtar, Kapasitif anahtar ve Mesafe sens\u00f6r\u00fc anahtar\u0131\" href=\"\/tr\/category\/panel-switches\/\">Panel anahtar\u0131<\/a>, <a title=\"Piezo tu\u015f tak\u0131mlar\u0131 ve Dokunmatik tu\u015f tak\u0131mlar\u0131\" href=\"\/tr\/category\/control-panels\/\">Kontrol panelleri<\/a>\u00a0ve <a title=\"Devre Korumas\u0131\" href=\"\/tr\/category\/circuit-protection\/\">Devre Korumas\u0131<\/a> vb. ve \u00fcr\u00fcn kalitesini s\u00fcrekli olarak her insana, her m\u00fc\u015fterinin kalbine yaymak. \"Ak\u0131ll\u0131 Zaman Yarat\u0131n\" Tam bir Langir markas\u0131 olu\u015fturun.<\/p>\n\n\t\t<\/div>\n\t<\/div>\n\n\t<div class=\"wpb_text_column wpb_content_element\" >\n\t\t<div class=\"wpb_wrapper\">\n\t\t\t<p class=\"accordion-head title-color gdl-title\"><strong style=\"color: #000;\">Langir'in ana \u00fcr\u00fcnleri nelerdir?<\/strong><\/p>\n\n\t\t<\/div>\n\t<\/div>\n\n\t<div class=\"wpb_text_column wpb_content_element\" >\n\t\t<div class=\"wpb_wrapper\">\n\t\t\t<p>Langir \u00fcretim, pazarlama ve Ar-Ge konular\u0131nda uzmanla\u015fm\u0131\u015ft\u0131r. <a title=\"Anti vandal anahtar, Piezo anahtar, Kapasitif anahtar ve Mesafe sens\u00f6r\u00fc anahtar\u0131\" href=\"\/tr\/category\/panel-switches\/\">Panel anahtar\u0131<\/a>, <a title=\"Piezo tu\u015f tak\u0131mlar\u0131 ve Dokunmatik tu\u015f tak\u0131mlar\u0131\" href=\"\/tr\/category\/control-panels\/\">Kontrol panelleri<\/a>\u00a0ve <a title=\"Devre Korumas\u0131\" href=\"\/tr\/category\/circuit-protection\/\">Devre Korumas\u0131<\/a> ve bunun gibi.<\/p>\n\n\t\t<\/div>\n\t<\/div>\n\n\t<div class=\"wpb_text_column wpb_content_element\" >\n\t\t<div class=\"wpb_wrapper\">\n\t\t\t<p><strong style=\"color: #000;\">\u00dcr\u00fcnleriniz ne i\u00e7in kullan\u0131labilir veya uygulanabilir?<\/strong><\/p>\n\n\t\t<\/div>\n\t<\/div>\n\n\t<div class=\"wpb_text_column wpb_content_element\" >\n\t\t<div class=\"wpb_wrapper\">\n\t\t\t<p>\u00dcr\u00fcn, elektronik ve elektrik, bilgi ileti\u015fimi, otomobil elektroni\u011fi, g\u00fcvenlik \u00fcretimi, uzay ve havac\u0131l\u0131k, petrokimya end\u00fcstrisi ve in\u015faat end\u00fcstrisinde yayg\u0131n olarak kullan\u0131lmaktad\u0131r. Vb.<\/p>\n\n\t\t<\/div>\n\t<\/div>\n\n\t<div class=\"wpb_text_column wpb_content_element\" >\n\t\t<div class=\"wpb_wrapper\">\n\t\t\t<p class=\"accordion-head title-color gdl-title\"><strong style=\"color: #000;\">Teslimat s\u00fcreleri nedir?<\/strong><\/p>\n\n\t\t<\/div>\n\t<\/div>\n\n\t<div class=\"wpb_text_column wpb_content_element\" >\n\t\t<div class=\"wpb_wrapper\">\n\t\t\t<p>Bu, \u00fcr\u00fcnlere g\u00f6re de\u011fi\u015fir. Genellikle standart \u00fcr\u00fcnler 5-25 g\u00fcn i\u00e7inde teslim edilir. \u00d6zel \u00fcr\u00fcnlerin teslim s\u00fcresi \u00fcr\u00fcnlerin tamamlanma s\u00fcresine g\u00f6re de\u011fi\u015fmektedir.<\/p>\n\n\t\t<\/div>\n\t<\/div>\n\n\t<div class=\"wpb_text_column wpb_content_element\" >\n\t\t<div class=\"wpb_wrapper\">\n\t\t\t<p><strong style=\"color: #000;\">Langir'in \u00fcr\u00fcn ihracat\u0131 konusunda herhangi bir avantaj\u0131 var m\u0131?<\/strong><\/p>\n\n\t\t<\/div>\n\t<\/div>\n\n\t<div class=\"wpb_text_column wpb_content_element\" >\n\t\t<div class=\"wpb_wrapper\">\n\t\t\t<p>Langir, bir dizi y\u00f6netim sistemi kurmu\u015f ve ISO9001: 2008 Uluslararas\u0131 Kalite Y\u00f6netim Sistemini ge\u00e7mi\u015ftir, ayr\u0131ca bir\u00e7ok \u0130lk 500 \u0130\u015fletmeden SGS fabrika denetim raporu alm\u0131\u015ft\u0131r.<\/p>\n\n\t\t<\/div>\n\t<\/div>\n\n\t<div class=\"wpb_text_column wpb_content_element\" >\n\t\t<div class=\"wpb_wrapper\">\n\t\t\t<p><strong style=\"color: #000;\">Normal \u00f6deme y\u00f6ntemleriniz nelerdir?<\/strong><\/p>\n\n\t\t<\/div>\n\t<\/div>\n\n\t<div class=\"wpb_text_column wpb_content_element\" >\n\t\t<div class=\"wpb_wrapper\">\n\t\t\t<p>T \/ T, L \/ C, PayPal, Western Union, MoneyGram, Emanet ve Alipay<\/p>\n\n\t\t<\/div>\n\t<\/div>\n\n\t<div class=\"wpb_text_column wpb_content_element\" >\n\t\t<div class=\"wpb_wrapper\">\n\t\t\t<p><strong style=\"color: #000;\">\u00dcr\u00fcnler garanti kapsam\u0131nda m\u0131?<\/strong><\/p>\n\n\t\t<\/div>\n\t<\/div>\n\n\t<div class=\"wpb_text_column wpb_content_element\" >\n\t\t<div class=\"wpb_wrapper\">\n\t\t\t<p>T\u00fcm \u00fcr\u00fcnlerimiz, h\u0131zl\u0131 a\u015f\u0131nma par\u00e7as\u0131 olmadan tam 1 y\u0131l ana par\u00e7a garantisi ta\u015f\u0131r.<\/p>\n\n\t\t<\/div>\n\t<\/div>\n\n\t<div class=\"wpb_text_column wpb_content_element\" >\n\t\t<div class=\"wpb_wrapper\">\n\t\t\t<p><strong style=\"color: #000;\">Bir sorun olmas\u0131 durumunda \u00fcr\u00fcnleri bizim i\u00e7in nas\u0131l d\u00fczeltebilirsiniz?<\/strong><\/p>\n\n\t\t<\/div>\n\t<\/div>\n\n\t<div class=\"wpb_text_column wpb_content_element\" >\n\t\t<div class=\"wpb_wrapper\">\n\t\t\t<p>Yard\u0131m, tamir par\u00e7alar\u0131n\u0131 size g\u00f6ndererek telefon \u00fczerinden verilebilir veya tamir i\u00e7in \u00fcr\u00fcnleri bize geri g\u00f6ndermenizi isteyece\u011fiz.<\/p>\n\n\t\t<\/div>\n\t<\/div>\n\n<div class=\"vc-zigzag-wrapper vc-zigzag-align-center\"><div class=\"vc-zigzag-inner\" style=\"width: 100%;min-height: 14px;background: 0 repeat-x url(&#039;data:image\/svg+xml;utf-8,%3C%3Fxml%20version%3D%221.0%22%20encoding%3D%22utf-8%22%3F%3E%3C%21DOCTYPE%20svg%20PUBLIC%20%22-%2F%2FW3C%2F%2FDTD%20SVG%201.1%2F%2FEN%22%20%22http%3A%2F%2Fwww.w3.org%2FGraphics%2FSVG%2F1.1%2FDTD%2Fsvg11.dtd%22%3E%3Csvg%20width%3D%2214px%22%20height%3D%2212px%22%20viewBox%3D%220%200%2018%2015%22%20version%3D%221.1%22%20xmlns%3D%22http%3A%2F%2Fwww.w3.org%2F2000%2Fsvg%22%20xmlns%3Axlink%3D%22http%3A%2F%2Fwww.w3.org%2F1999%2Fxlink%22%3E%3Cpolygon%20id%3D%22Combined-Shape%22%20fill%3D%22%23ebebeb%22%20points%3D%228.98762301%200%200%209.12771969%200%2014.519983%209%205.40479869%2018%2014.519983%2018%209.12771969%22%3E%3C%2Fpolygon%3E%3C%2Fsvg%3E&#039;);\"><\/div><\/div>\n\t<div class=\"wpb_text_column wpb_content_element vc_custom_1774859208569\" >\n\t\t<div class=\"wpb_wrapper\">\n\t\t\t<p><iframe style=\"width: 100%; border: none;\" title=\"G\u00f6m\u00fcl\u00fc Wufoo Formu\" src=\"https:\/\/langir.wufoo.com\/embed\/zcdgace1ql3iv4\/\" height=\"766\" frameborder=\"0\" scrolling=\"no\" sandbox=\"allow-popups-to-escape-sandbox allow-top-navigation allow-scripts allow-popups allow-forms allow-same-origin\"> <a href=\"https:\/\/langir.wufoo.com\/forms\/zcdgace1ql3iv4\/\" target=\"_blank\" rel=\"noopener\">Wufoo formumu doldurun!<\/a> <\/iframe><\/p>\n\n\t\t<\/div>\n\t<\/div>\n<\/div><\/div><\/div><\/div>\n<\/div>","protected":false},"excerpt":{"rendered":"Below are some of our most frequently asked questions. If you have a question that is not on here, please contact us. How can I perform an advanced search on this site? Fill in you want the szie in search box. How do I know if a switch is washable or sealed? On the product [...]","protected":false},"author":1,"featured_media":7442,"parent":0,"menu_order":34,"comment_status":"closed","ping_status":"closed","template":"page-default.php","meta":{"_acf_changed":false,"footnotes":""},"class_list":["post-7441","page","type-page","status-publish","has-post-thumbnail","hentry","entry"],"acf":[],"post_mailing_queue_ids":[],"_links":{"self":[{"href":"https:\/\/www.langir.com\/tr\/wp-json\/wp\/v2\/pages\/7441","targetHints":{"allow":["GET"]}}],"collection":[{"href":"https:\/\/www.langir.com\/tr\/wp-json\/wp\/v2\/pages"}],"about":[{"href":"https:\/\/www.langir.com\/tr\/wp-json\/wp\/v2\/types\/page"}],"author":[{"embeddable":true,"href":"https:\/\/www.langir.com\/tr\/wp-json\/wp\/v2\/users\/1"}],"replies":[{"embeddable":true,"href":"https:\/\/www.langir.com\/tr\/wp-json\/wp\/v2\/comments?post=7441"}],"version-history":[{"count":2,"href":"https:\/\/www.langir.com\/tr\/wp-json\/wp\/v2\/pages\/7441\/revisions"}],"predecessor-version":[{"id":16173,"href":"https:\/\/www.langir.com\/tr\/wp-json\/wp\/v2\/pages\/7441\/revisions\/16173"}],"wp:featuredmedia":[{"embeddable":true,"href":"https:\/\/www.langir.com\/tr\/wp-json\/wp\/v2\/media\/7442"}],"wp:attachment":[{"href":"https:\/\/www.langir.com\/tr\/wp-json\/wp\/v2\/media?parent=7441"}],"curies":[{"name":"wp","href":"https:\/\/api.w.org\/{rel}","templated":true}]}}