{"id":7449,"date":"2019-11-21T08:50:32","date_gmt":"2019-11-21T08:50:32","guid":{"rendered":"https:\/\/www.langir.com\/?page_id=7449"},"modified":"2020-08-31T07:22:55","modified_gmt":"2020-08-31T07:22:55","slug":"jobs-careers","status":"publish","type":"page","link":"https:\/\/www.langir.com\/tr\/jobs-careers\/","title":{"rendered":"\u0130\u015f &amp; Kariyer"},"content":{"rendered":"<div class=\"wpb-content-wrapper\"><div class=\"vc_row wpb_row vc_row-fluid\"><div class=\"wpb_column vc_column_container vc_col-sm-12\"><div class=\"vc_column-inner\"><div class=\"wpb_wrapper\">\n\t<div class=\"wpb_text_column wpb_content_element vc_custom_1428396705815\" >\n\t\t<div class=\"wpb_wrapper\">\n\t\t\t<p>LANGIR'da ba\u015far\u0131m\u0131z\u0131n anahtar\u0131n\u0131n insan oldu\u011funa inan\u0131yoruz.<\/p>\n\n\t\t<\/div>\n\t<\/div>\n\n\t<div class=\"wpb_text_column wpb_content_element\" >\n\t\t<div class=\"wpb_wrapper\">\n\t\t\t<p>LANGIR'da s\u00fcrekli de\u011fi\u015fen ve \u00f6d\u00fcllendirici bir \u00e7al\u0131\u015fma ortam\u0131 bulacaks\u0131n\u0131z. Kendinize meydan okuman\u0131z ve yeni beceriler \u00f6\u011frenmeniz i\u00e7in size d\u00fcnyan\u0131n d\u00f6rt bir yan\u0131nda kariyer f\u0131rsatlar\u0131 sunuyoruz.<\/p>\n\n\t\t<\/div>\n\t<\/div>\n\n\t<div class=\"wpb_text_column wpb_content_element\" >\n\t\t<div class=\"wpb_wrapper\">\n\t\t\t<p>S\u00fcrekli olarak d\u00fc\u015f\u00fcnme ve hareket etme bi\u00e7imlerinde esnek olan yetenekler ar\u0131yoruz; yenilikten ho\u015flanan ve ekip \u00e7al\u0131\u015fmas\u0131na, giri\u015fimcili\u011fe ve a\u00e7\u0131k fikirlili\u011fe de\u011fer veren dinamik bir \u00e7al\u0131\u015fma ortam\u0131na kat\u0131lmak i\u00e7in motive olan gelece\u011fin meslekta\u015flar\u0131.<\/p>\n\n\t\t<\/div>\n\t<\/div>\n<\/div><\/div><\/div><\/div><div class=\"vc_row wpb_row vc_row-fluid\"><div class=\"wpb_column vc_column_container vc_col-sm-12\"><div class=\"vc_column-inner\"><div class=\"wpb_wrapper\">\n\t<div class=\"wpb_text_column wpb_content_element\" >\n\t\t<div class=\"wpb_wrapper\">\n\t\t\t<p><strong>A\u00e7\u0131k pozisyonlar<\/strong><\/p>\n\n\t\t<\/div>\n\t<\/div>\n<\/div><\/div><\/div><\/div><div class=\"vc_row wpb_row vc_row-fluid jobscareers\"><div class=\"wpb_column vc_column_container vc_col-sm-4\"><div class=\"vc_column-inner\"><div class=\"wpb_wrapper\">\n\t<div class=\"wpb_raw_code wpb_raw_html wpb_content_element\" >\n\t\t<div class=\"wpb_wrapper\">\n\t\t\t<h4><span style=\"color: #ff0000;\">Mezunlar<\/span><\/h4>\n<p>Wenzhou, \u00c7in<br>\n13 Nisan 2015<\/p>\n\t\t<\/div>\n\t<\/div>\n<\/div><\/div><\/div><div class=\"wpb_column vc_column_container vc_col-sm-8\"><div class=\"vc_column-inner\"><div class=\"wpb_wrapper\">\n\t<div class=\"wpb_text_column wpb_content_element\" >\n\t\t<div class=\"wpb_wrapper\">\n\t\t\t<p>Y\u00f6netim, Uluslararas\u0131 ticaret veya otomasyon b\u00f6l\u00fcmlerinden mezun olan \u00f6\u011frenciler.<\/p>\n<ul>\n<li>Uluslararas\u0131 ticaret, mekanik end\u00fcstrisi ve \u00e7evrimi\u00e7i sat\u0131\u015f konusunda gayretli.<\/li>\n<li>Pazara duyarl\u0131, markaya sad\u0131k.<\/li>\n<li>\u00e7ok \u00e7al\u0131\u015f.<\/li>\n<li>m\u00fctevaz\u0131 ve yeni \u015feyler \u00f6\u011frenmeye istekli.<\/li>\n<li>sa\u011flam mesleki bilgi, g\u00fc\u00e7l\u00fc \u00f6z disiplin yetene\u011fi<\/li>\n<\/ul>\n\n\t\t<\/div>\n\t<\/div>\n<\/div><\/div><\/div><\/div><div class=\"vc_row wpb_row vc_row-fluid jobscareers\"><div class=\"wpb_column vc_column_container vc_col-sm-4\"><div class=\"vc_column-inner\"><div class=\"wpb_wrapper\">\n\t<div class=\"wpb_raw_code wpb_raw_html wpb_content_element\" >\n\t\t<div class=\"wpb_wrapper\">\n\t\t\t<h4><span style=\"color: #ff0000;\">Kalite Kontrol M\u00fcd\u00fcr\u00fc<\/span><\/h4>\n<p>Wenzhou, \u00c7in<br>\n15 Nisan 2015<\/p>\n\t\t<\/div>\n\t<\/div>\n<\/div><\/div><\/div><div class=\"wpb_column vc_column_container vc_col-sm-8\"><div class=\"vc_column-inner\"><div class=\"wpb_wrapper\">\n\t<div class=\"wpb_text_column wpb_content_element\" >\n\t\t<div class=\"wpb_wrapper\">\n\t\t\t<p>A\u00e7\u0131klama:<\/p>\n<ul>\n<li>Kalite endeksini uygulamak, kalite kontrol kural ve y\u00f6netmeliklerini haz\u0131rlamak, kalite y\u00f6netim sistemini kurmak<\/li>\n<li>\u00c7e\u015fitli operasyon talimatlar\u0131n\u0131 d\u00fczenleyin, inceleyin ve tamamlay\u0131n<\/li>\n<li>Numuneleri, sipari\u015fleri ve kalifiye olmayan \u00fcr\u00fcnleri test edin<\/li>\n<li>Nitelikli tedarik\u00e7ilerin se\u00e7ilmesine yard\u0131mc\u0131 olun<\/li>\n<li>Kalite kontrol durumunun analizini yapmak, kalite hatalar\u0131n\u0131 d\u00fczeltmek ve \u00f6nlemek i\u00e7in \u00f6nlemler almak<\/li>\n<li>D\u00fczenli toplant\u0131lar organize etmek, kalite kontrol durumu hakk\u0131nda Genel M\u00fcd\u00fcr'e rapor vermek ve profesyonel tavsiyelerde bulunmak<\/li>\n<\/ul>\n\n\t\t<\/div>\n\t<\/div>\n<\/div><\/div><\/div><\/div><div class=\"vc_row wpb_row vc_row-fluid jobscareers\"><div class=\"wpb_column vc_column_container vc_col-sm-4\"><div class=\"vc_column-inner\"><div class=\"wpb_wrapper\">\n\t<div class=\"wpb_raw_code wpb_raw_html wpb_content_element\" >\n\t\t<div class=\"wpb_wrapper\">\n\t\t\t<h4><span style=\"color: #ff0000;\">Uluslararas\u0131 Sat\u0131\u015flar<\/span><\/h4>\n<p>Wenzhou, \u00c7in<br>\n15 Nisan 2015<\/p>\n\t\t<\/div>\n\t<\/div>\n<\/div><\/div><\/div><div class=\"wpb_column vc_column_container vc_col-sm-8\"><div class=\"vc_column-inner\"><div class=\"wpb_wrapper\">\n\t<div class=\"wpb_text_column wpb_content_element\" >\n\t\t<div class=\"wpb_wrapper\">\n\t\t\t<p>Nitelikler:<\/p>\n<ul>\n<li>Pazarlama, Uluslararas\u0131 Ticaret veya \u0130ngilizce alanlar\u0131nda lisans derecesine sahip olanlar.<\/li>\n<li>Donan\u0131m, mekanik veya elektrikli ekipman alanlar\u0131nda en az 2 y\u0131l \u00e7al\u0131\u015fma deneyimi.<\/li>\n<li>Pazarlama, \u00fcr\u00fcn tan\u0131t\u0131m\u0131, d\u0131\u015f ticaret ve bilgisayar becerileri.<\/li>\n<li>Deniza\u015f\u0131r\u0131 Pazar Ara\u015ft\u0131rmas\u0131 ve D\u0131\u015f Ticaret S\u00fcrecine A\u015fina<\/li>\n<li>Derinlemesine pazar bilgisi ve sat\u0131\u015f planlama yetene\u011fi<\/li>\n<li>Etkileyici \u0130ngilizce ve \u00c7ince yazma, konu\u015fma ve anlama yetene\u011fi<\/li>\n<\/ul>\n\n\t\t<\/div>\n\t<\/div>\n<\/div><\/div><\/div><\/div><div class=\"vc_row wpb_row vc_row-fluid\"><div class=\"wpb_column vc_column_container vc_col-sm-4\"><div class=\"vc_column-inner\"><div class=\"wpb_wrapper\">\n\t<div class=\"wpb_raw_code wpb_raw_js\" >\n\t\t<div class=\"wpb_wrapper\">\n\t\t\t<h4><span style=\"color: #ff0000;\">\u0130hracat M\u00fcd\u00fcr\u00fc<\/span><\/h4>\n<p>Wenzhou, \u00c7in<br>\n15 Nisan 2015<\/p>\n\t\t<\/div>\n\t<\/div>\n\n\t<div class=\"wpb_text_column wpb_content_element\" >\n\t\t<div class=\"wpb_wrapper\">\n\t\t\t\n\t\t<\/div>\n\t<\/div>\n<\/div><\/div><\/div><div class=\"wpb_column vc_column_container vc_col-sm-8\"><div class=\"vc_column-inner\"><div class=\"wpb_wrapper\">\n\t<div class=\"wpb_text_column wpb_content_element\" >\n\t\t<div class=\"wpb_wrapper\">\n\t\t\t<p>Donan\u0131m, mekanik ve elektrik alanlar\u0131nda 2 y\u0131ldan fazla i\u015f tecr\u00fcbesine sahip \u0130hracat M\u00fcd\u00fcrleri ar\u0131yoruz. Bu pozisyon size bir\u00e7ok y\u00fckselme \u015fans\u0131 sa\u011flayacakt\u0131r.<br \/>\n<strong>Temel Nitelikler:<\/strong><\/p>\n<ul>\n<li>\u0130\u015f Deneyimi: 1-3 y\u0131l<\/li>\n<li>E\u011fitim : Lisans Derecesi<\/li>\n<li>Y\u00f6neticilik Deneyimi : GEREK YOK<\/li>\n<li>Stat\u00fc Tam Zamanl\u0131<\/li>\n<\/ul>\n\n\t\t<\/div>\n\t<\/div>\n<\/div><\/div><\/div><\/div>\n<\/div>","protected":false},"excerpt":{"rendered":"At LANGIR we are convinced that people are the key to our success. At LANGIR you will find an ever-changing and rewarding work environment. We give you career opportunities around the world to challenge yourself and to learn new skills. We are continuously looking for talents that are flexible in the way they think and [...]","protected":false},"author":1,"featured_media":7439,"parent":0,"menu_order":32,"comment_status":"closed","ping_status":"closed","template":"page-default.php","meta":{"_acf_changed":false,"_metasync_otto_title":"","_metasync_otto_description":"","rank_math_title":"%title% | Electric Switches - %sitename%","rank_math_description":"At LANGIR you will find an rewarding work environment. We give you career opportunities around the world to challenge yourself.","_yoast_wpseo_title":"","_yoast_wpseo_metadesc":"","footnotes":""},"class_list":["post-7449","page","type-page","status-publish","has-post-thumbnail","hentry","entry"],"acf":[],"post_mailing_queue_ids":[],"_links":{"self":[{"href":"https:\/\/www.langir.com\/tr\/wp-json\/wp\/v2\/pages\/7449","targetHints":{"allow":["GET"]}}],"collection":[{"href":"https:\/\/www.langir.com\/tr\/wp-json\/wp\/v2\/pages"}],"about":[{"href":"https:\/\/www.langir.com\/tr\/wp-json\/wp\/v2\/types\/page"}],"author":[{"embeddable":true,"href":"https:\/\/www.langir.com\/tr\/wp-json\/wp\/v2\/users\/1"}],"replies":[{"embeddable":true,"href":"https:\/\/www.langir.com\/tr\/wp-json\/wp\/v2\/comments?post=7449"}],"version-history":[{"count":0,"href":"https:\/\/www.langir.com\/tr\/wp-json\/wp\/v2\/pages\/7449\/revisions"}],"wp:featuredmedia":[{"embeddable":true,"href":"https:\/\/www.langir.com\/tr\/wp-json\/wp\/v2\/media\/7439"}],"wp:attachment":[{"href":"https:\/\/www.langir.com\/tr\/wp-json\/wp\/v2\/media?parent=7449"}],"curies":[{"name":"wp","href":"https:\/\/api.w.org\/{rel}","templated":true}]}}