{"id":7463,"date":"2019-11-21T08:58:30","date_gmt":"2019-11-21T08:58:30","guid":{"rendered":"https:\/\/www.langir.com\/?page_id=7463"},"modified":"2026-03-30T08:51:20","modified_gmt":"2026-03-30T08:51:20","slug":"privacy-policy","status":"publish","type":"page","link":"https:\/\/www.langir.com\/tr\/privacy-policy\/","title":{"rendered":"Gizlilik Politikas\u0131"},"content":{"rendered":"<div class=\"wpb-content-wrapper\"><div class=\"vc_row wpb_row vc_row-fluid\"><div class=\"wpb_column vc_column_container vc_col-sm-12\"><div class=\"vc_column-inner\"><div class=\"wpb_wrapper\">\n\t<div class=\"wpb_text_column wpb_content_element vc_custom_1426432726294\" >\n\t\t<div class=\"wpb_wrapper\">\n\t\t\t<h3 style=\"text-align: center;\">KULLANIM KO\u015eULLARI<\/h3>\n\n\t\t<\/div>\n\t<\/div>\n\n\t<div class=\"wpb_text_column wpb_content_element\" >\n\t\t<div class=\"wpb_wrapper\">\n\t\t\t<p><strong style=\"color: #000;\">Telif Hakk\u0131 Bildirimi<\/strong><\/p>\n<div id=\"xunlei_com_thunder_helper_plugin_d462f475-c18e-46be-bd10-327458d045bd\"><\/div>\n\n\t\t<\/div>\n\t<\/div>\n\n\t<div class=\"wpb_text_column wpb_content_element vc_custom_1774860608072\" >\n\t\t<div class=\"wpb_wrapper\">\n\t\t\t<p>Web sitesinin i\u00e7eri\u011finin telif hakk\u0131 \u00a9 2015 LANGIR (veya belirtildi\u011fi yerlerde yan kurulu\u015flar\u0131 ve\/veya lisans verenleri), 2F, No.10 Longhe East Road, Liushi, Wenzhou, Zhejiang, China 325604 T\u00fcm Haklar\u0131 Sakl\u0131d\u0131r.<\/p>\n\n\t\t<\/div>\n\t<\/div>\n\n\t<div class=\"wpb_text_column wpb_content_element vc_custom_1426429652776\" >\n\t\t<div class=\"wpb_wrapper\">\n\t\t\t<p>Metin, g\u00f6r\u00fcnt\u00fc ve ses dahil ancak bunlarla s\u0131n\u0131rl\u0131 olmamak \u00fczere web sitesindeki bilgiler, kesinlikle \u00f6zel ama\u00e7lar d\u0131\u015f\u0131nda veya aksi belirtilmedik\u00e7e, LANGIR taraf\u0131ndan \u00f6nceden yaz\u0131l\u0131 izin al\u0131nmadan \u00e7o\u011falt\u0131lamaz, aktar\u0131lamaz, da\u011f\u0131t\u0131lamaz veya saklanamaz. Web sitesinin i\u00e7eri\u011finde de\u011fi\u015fiklik yap\u0131lmas\u0131 a\u00e7\u0131k\u00e7a yasakt\u0131r. Web sitesinin baz\u0131 b\u00f6l\u00fcmleri, sa\u011flay\u0131c\u0131lar\u0131n\u0131n telif haklar\u0131na tabi olan g\u00f6r\u00fcnt\u00fcler i\u00e7erir.<\/p>\n\n\t\t<\/div>\n\t<\/div>\n\n\t<div class=\"wpb_text_column wpb_content_element vc_custom_1426478451014\" >\n\t\t<div class=\"wpb_wrapper\">\n\t\t\t<p><strong style=\"color: #000;\">Ticari Markalar<\/strong> <\/p>\n\n\t\t<\/div>\n\t<\/div>\n\n\t<div class=\"wpb_text_column wpb_content_element\" >\n\t\t<div class=\"wpb_wrapper\">\n\t\t\t<p>Web sitesinde aksi belirtilmedik\u00e7e, g\u00f6r\u00fcnt\u00fclenen i\u015faretler, kurumsal logolar ve amblemler LANGIR'\u0131n (veya yan kurulu\u015flar\u0131n\u0131n) ticari marka haklar\u0131na tabidir.<\/p>\n\n\t\t<\/div>\n\t<\/div>\n\n\t<div class=\"wpb_text_column wpb_content_element\" >\n\t\t<div class=\"wpb_wrapper\">\n\t\t\t<p><strong style=\"color: #000;\">HI\u0307\u00c7BI\u0307R GARANTI\u0307 VEYA BEYAN YOK<\/strong> <\/p>\n\n\t\t<\/div>\n\t<\/div>\n\n\t<div class=\"wpb_text_column wpb_content_element\" >\n\t\t<div class=\"wpb_wrapper\">\n\t\t\t<p>BU WEB SI\u0307TESI\u0307NDEKI\u0307 BI\u0307LGI\u0307LER \"OLDU\u011eU GI\u0307BI\u0307\" SUNULMAKTADIR. LANGIR ELECTRIC HI\u0307\u00c7BI\u0307R DURUMDA, BU WEB SI\u0307TESI\u0307NI\u0307N VEYA BA\u015eKA BI\u0307R K\u00d6PR\u00dcL\u00dc WEB SI\u0307TESI\u0307NI\u0307N HERHANGI\u0307 BI\u0307R \u015eEKI\u0307LDE KULLANILMASI NEDENI\u0307YLE, HERHANGI\u0307 BI\u0307R SINIRLAMA OLMAKSIZIN, KAR KAYBI, I\u0307\u015e KESI\u0307NTI\u0307SI\u0307, PROGRAMLARIN VEYA BI\u0307LGI\u0307 I\u0307\u015eLEM SI\u0307STEMI\u0307NI\u0307ZDEKI\u0307 DI\u0307\u011eER VERI\u0307LERI\u0307N KAYBI DAHI\u0307L OLMAK \u00dcZERE, DO\u011eRUDAN, DOLAYLI, \u00d6ZEL VEYA DI\u0307\u011eER DOLAYLI ZARARLARDAN, BU T\u00dcR ZARARLARIN OLABI\u0307LECE\u011eI\u0307 BI\u0307ZE A\u00c7IK\u00c7A BI\u0307LDI\u0307RI\u0307LMI\u0307\u015e OLSA DAHI\u0307, SORUMLU OLMAYACAKTIR.<\/p>\n\n\t\t<\/div>\n\t<\/div>\n\n\t<div class=\"wpb_text_column wpb_content_element\" >\n\t\t<div class=\"wpb_wrapper\">\n\t\t\t<p>LANGIR, bu site arac\u0131l\u0131\u011f\u0131yla eri\u015febilece\u011finiz di\u011fer web siteleri hakk\u0131nda hi\u00e7bir garanti ve\/veya beyanda bulunmamaktad\u0131r. Bu t\u00fcr garantiler ve\/veya beyanlar yaln\u0131zca kolayl\u0131k sa\u011flamak amac\u0131yla verilmektedir ve LANGIR'\u0131n s\u00f6z konusu web sitesinin i\u00e7eri\u011fi veya kullan\u0131m\u0131yla ilgili herhangi bir sorumlulu\u011fu onaylad\u0131\u011f\u0131 veya kabul etti\u011fi anlam\u0131na gelmez. Ayr\u0131ca, kullan\u0131m\u0131n\u0131z i\u00e7in se\u00e7ti\u011finiz her \u015feyin vir\u00fcs, solucan, Truva at\u0131 ve y\u0131k\u0131c\u0131 nitelikteki di\u011fer \u00f6\u011felerden ar\u0131nm\u0131\u015f oldu\u011fundan emin olmak ve \u00f6nlem almak sizin sorumlulu\u011funuzdad\u0131r. Bu web sitesindeki bilgiler teknik yanl\u0131\u015fl\u0131klar veya yaz\u0131m hatalar\u0131 i\u00e7erebilir. Bu web sitesinde yer alan bilgiler herhangi bir zamanda \u00f6nceden bildirimde bulunmaks\u0131z\u0131n veya y\u00fck\u00fcml\u00fcl\u00fck alt\u0131na girmeksizin de\u011fi\u015ftirilebilir. Web sitesinde yay\u0131nlanan bilgiler, \u00fclkenizde duyurulmam\u0131\u015f veya mevcut olmayan LANGIR \u00fcr\u00fcnlerine, hizmetlerine vb. referanslar veya \u00e7apraz referanslar i\u00e7erebilir. Bu t\u00fcr bilgilerin do\u011frulu\u011fu garanti edilemez, \u00f6zellikle bu bilgiler de\u011fi\u015fikli\u011fe, \u00f6zel gereksinimlere veya kullan\u0131labilirli\u011fe tabi oldu\u011fundan ve bu t\u00fcr referanslar LANGIR'\u0131n bu t\u00fcr \u00fcr\u00fcnleri, hizmetleri vb. \u00fclkenizde duyurma niyetinde oldu\u011fu anlam\u0131na gelmez. Kullanabilece\u011finiz \u00fcr\u00fcnler, hizmetler vb. ile ilgili t\u00fcm ayr\u0131nt\u0131lar ve sipari\u015f i\u00e7in yerel bayinizle ileti\u015fime ge\u00e7in.<\/p>\n\n\t\t<\/div>\n\t<\/div>\n\n\t<div class=\"wpb_text_column wpb_content_element\" >\n\t\t<div class=\"wpb_wrapper\">\n\t\t\t<p><strong style=\"color: #000;\">Yorumlar, Sorular veya \u00d6neriler<\/strong> <\/p>\n\n\t\t<\/div>\n\t<\/div>\n\n\t<div class=\"wpb_text_column wpb_content_element\" >\n\t\t<div class=\"wpb_wrapper\">\n\t\t\t<p>L\u00fctfen herhangi bir bilgi, talep edilmemi\u015f \u00f6neri, fikir veya di\u011fer g\u00f6nderimlerin gizli ve tescilli olmad\u0131\u011f\u0131 kabul edilecektir. Herhangi bir bilgi veya materyal g\u00f6ndererek, LANGIR ve\/veya i\u015ftiraklerine bu materyalleri veya bilgileri kullanmak, \u00e7o\u011faltmak, g\u00f6r\u00fcnt\u00fclemek, ger\u00e7ekle\u015ftirmek, de\u011fi\u015ftirmek, iletmek ve da\u011f\u0131tmak i\u00e7in s\u0131n\u0131rs\u0131z, geri al\u0131namaz bir lisans vermi\u015f olursunuz ve ayr\u0131ca LANGIR ve\/veya i\u015ftiraklerinin bize g\u00f6nderdi\u011finiz herhangi bir fikri, kavram\u0131, know-how'\u0131 veya tekni\u011fi herhangi bir ama\u00e7la kullanmakta \u00f6zg\u00fcr oldu\u011funu kabul edersiniz.<\/p>\n\n\t\t<\/div>\n\t<\/div>\n\n\t<div class=\"wpb_text_column wpb_content_element\" >\n\t\t<div class=\"wpb_wrapper\">\n\t\t\t<p><strong style=\"color: #000;\">Web sitesinde bulunan belirli dosyalar<\/strong> <\/p>\n\n\t\t<\/div>\n\t<\/div>\n\n\t<div class=\"wpb_text_column wpb_content_element\" >\n\t\t<div class=\"wpb_wrapper\">\n\t\t\t<p>Bu web sitesinden indirilebilecek herhangi bir dosya, LANGIR'\u0131n (veya yan kurulu\u015flar\u0131ndan herhangi birinin) ve\/veya tedarik\u00e7ilerinin telif hakk\u0131yla korunan \u00e7al\u0131\u015fmas\u0131d\u0131r. Lisans S\u00f6zle\u015fmesi'nde aksi belirtilmedik\u00e7e, dosyalar yaln\u0131zca son kullan\u0131c\u0131lar taraf\u0131ndan kullan\u0131lmak \u00fczere indirilmeye haz\u0131r hale getirilir. Dosyalar\u0131n Lisans S\u00f6zle\u015fmesine uygun olmayan \u015fekilde \u00e7o\u011falt\u0131lmas\u0131 veya yeniden da\u011f\u0131t\u0131lmas\u0131 hukuki ve cezai yapt\u0131r\u0131mlara neden olabilir.<\/p>\n\n\t\t<\/div>\n\t<\/div>\n\n\t<div class=\"wpb_text_column wpb_content_element\" >\n\t\t<div class=\"wpb_wrapper\">\n\t\t\t<p>YUKARIDA BELI\u0307RTI\u0307LENLERI\u0307 SINIRLAMAKSIZIN, BU DOSYALARIN DAHA FAZLA \u00c7O\u011eALTILMASI VEYA YENI\u0307DEN DA\u011eITILMASI I\u0307\u00c7I\u0307N BA\u015eKA BI\u0307R SUNUCUYA VEYA KONUMA KOPYALANMASI VEYA \u00c7O\u011eALTILMASI A\u00c7IK\u00c7A YASAKTIR. YAZILIM, E\u011eER VARSA, SADECE LI\u0307SANS S\u00d6ZLE\u015eMESI\u0307NI\u0307N \u015eARTLARINA G\u00d6RE GARANTI\u0307 ALTINDADIR. LANGIR I\u0307\u015eBU BELGE I\u0307LE TI\u0307CARI\u0307 ELVERI\u0307\u015eLI\u0307LI\u0307K, BELI\u0307RLI\u0307 BI\u0307R AMACA UYGUNLUK, UNVAN VE I\u0307HLAL ETMEME GI\u0307BI\u0307 T\u00dcM ZIMNI\u0307 GARANTI\u0307LER VE KO\u015eULLAR DAHI\u0307L OLMAK \u00dcZERE DOSYALARA I\u0307LI\u0307\u015eKI\u0307N T\u00dcM GARANTI\u0307LERI\u0307 VE KO\u015eULLARI REDDEDER.<\/p>\n\n\t\t<\/div>\n\t<\/div>\n\n\t<div class=\"wpb_text_column wpb_content_element\" >\n\t\t<div class=\"wpb_wrapper\">\n\t\t\t<p><strong style=\"color: #000;\">Yarg\u0131 Yetkisi ve Ge\u00e7erli Kanunlar<\/strong> <\/p>\n\n\t\t<\/div>\n\t<\/div>\n\n\t<div class=\"wpb_text_column wpb_content_element\" >\n\t\t<div class=\"wpb_wrapper\">\n\t\t\t<p>Bu s\u00f6zle\u015fmenin ve bu siteyi kullan\u0131m\u0131n\u0131z\u0131n \u00c7in Halk Cumhuriyeti yasalar\u0131na tabi oldu\u011funu kabul etmektesiniz. Bu Siteden ve\/veya bu s\u00f6zle\u015fmeden kaynaklanan, bunlarla ilgili olan veya herhangi bir \u015fekilde bunlarla ilgili olan t\u00fcm ihtilaflarda \u00c7in Halk Cumhuriyeti'ndeki mahkemelerin, heyetlerin, ajanslar\u0131n ve di\u011fer ihtilaf \u00e7\u00f6z\u00fcm kurulu\u015flar\u0131n\u0131n m\u00fcnhas\u0131r yarg\u0131 yetkisini ve yerini kabul edersiniz.<\/p>\n\n\t\t<\/div>\n\t<\/div>\n\n\t<div class=\"wpb_text_column wpb_content_element\" >\n\t\t<div class=\"wpb_wrapper\">\n\t\t\t<p><strong style=\"color: #000;\">\u00c7e\u015fitli<\/strong> <\/p>\n\n\t\t<\/div>\n\t<\/div>\n\n\t<div class=\"wpb_text_column wpb_content_element\" >\n\t\t<div class=\"wpb_wrapper\">\n\t\t\t<p>LANGIR'\u0131n bu sitenin sunuldu\u011fu \u015fartlar\u0131, ko\u015fullar\u0131 ve bildirimleri herhangi bir zamanda ve bildirimde bulunmaks\u0131z\u0131n de\u011fi\u015ftirebilece\u011fini kabul edersiniz. LANGIR, tamamen kendi takdirine ba\u011fl\u0131 olarak, herhangi bir ki\u015fiye veya kullan\u0131c\u0131ya bildirimde bulunmaks\u0131z\u0131n Siteye veya herhangi bir b\u00f6l\u00fcm\u00fcne eri\u015fimi reddetme hakk\u0131n\u0131 sakl\u0131 tutar. Bu s\u00f6zle\u015fmenin veya bu Siteyi kullan\u0131m\u0131n\u0131z\u0131n bir sonucu olarak siz ve LANGIR aras\u0131nda hi\u00e7bir ortak giri\u015fim, ortakl\u0131k, istihdam veya temsilcilik ili\u015fkisi bulunmad\u0131\u011f\u0131n\u0131 kabul edersiniz. LANGIR'\u0131n bu s\u00f6zle\u015fmeyi yerine getirmesi mevcut yasalara ve yasal s\u00fcre\u00e7lere tabidir ve bu s\u00f6zle\u015fmede yer alan hi\u00e7bir \u015fey, LANGIR'\u0131n bu siteyi kullan\u0131m\u0131n\u0131zla veya bu kullan\u0131mla ilgili olarak LANGIR taraf\u0131ndan sa\u011flanan veya toplanan bilgilerle ilgili yasa uygulama taleplerine veya gereksinimlerine uyma hakk\u0131n\u0131 ihlal etmez.<\/p>\n\n\t\t<\/div>\n\t<\/div>\n\n\t<div class=\"wpb_text_column wpb_content_element\" >\n\t\t<div class=\"wpb_wrapper\">\n\t\t\t<p>Bu anla\u015fma ve LANGIR Gizlilik Politikas\u0131, bu site ile ilgili olarak siz ve LANGIR aras\u0131ndaki anla\u015fman\u0131n tamam\u0131n\u0131 olu\u015fturur. Bu anla\u015fma ve LANGIR Gizlilik Politikas\u0131, bu siteyle ilgili olarak sizinle LANGIR aras\u0131ndaki elektronik, s\u00f6zl\u00fc veya yaz\u0131l\u0131, \u00f6nceki veya e\u015fzamanl\u0131 t\u00fcm ileti\u015fim ve tekliflerin yerine ge\u00e7er. Bu s\u00f6zle\u015fmede yap\u0131lan hi\u00e7bir de\u011fi\u015fiklik, LANGIR veya ba\u011fl\u0131 kurulu\u015flar\u0131 taraf\u0131ndan yaz\u0131lmad\u0131k\u00e7a veya bir LANGIR yetkilisi taraf\u0131ndan fiziksel olarak imzalanmad\u0131k\u00e7a ge\u00e7erli olmayacakt\u0131r. Bu s\u00f6zle\u015fmenin herhangi bir ihlalinden feragat edildi\u011fi iddias\u0131, gelecekteki herhangi bir ihlalden feragat edildi\u011fi anlam\u0131na gelmez.<\/p>\n\n\t\t<\/div>\n\t<\/div>\n\n\t<div class=\"wpb_text_column wpb_content_element\" >\n\t\t<div class=\"wpb_wrapper\">\n\t\t\t<p><strong style=\"color: #000;\">\u0130leti\u015fim<\/strong> <\/p>\n\n\t\t<\/div>\n\t<\/div>\n\n\t<div class=\"wpb_text_column wpb_content_element\" >\n\t\t<div class=\"wpb_wrapper\">\n\t\t\t<p>Yukar\u0131daki b\u00f6l\u00fcmlerle ilgili sorular\u0131n\u0131z olmas\u0131 durumunda, LANGIR - 2F, No.10 Longhe East Road, Liushi, Wenzhou, Zhejiang, China 325604 ile ileti\u015fime ge\u00e7mekten \u00e7ekinmeyin.<\/p>\n\n\t\t<\/div>\n\t<\/div>\n\n\t<div class=\"wpb_text_column wpb_content_element\" >\n\t\t<div class=\"wpb_wrapper\">\n\t\t\t<p><strong style=\"color: #000;\">G\u0130ZL\u0130L\u0130K POL\u0130T\u0130KASI<\/strong> <\/p>\n\n\t\t<\/div>\n\t<\/div>\n\n\t<div class=\"wpb_text_column wpb_content_element\" >\n\t\t<div class=\"wpb_wrapper\">\n\t\t\t<p>\u0130\u00e7erdi\u011fi bilgilere g\u00f6z atmak i\u00e7in LANGIR web sitesini ziyaret etti\u011finizde, bize kendiniz hakk\u0131nda bilgi vermeyi se\u00e7medi\u011finiz s\u00fcrece bunu anonim olarak yapars\u0131n\u0131z.<\/p>\n\n\t\t<\/div>\n\t<\/div>\n\n\t<div class=\"wpb_text_column wpb_content_element\" >\n\t\t<div class=\"wpb_wrapper\">\n\t\t\t<p>Gizlili\u011finiz bizim i\u00e7in \u00f6nemlidir. Vermeyi se\u00e7ti\u011finiz t\u00fcm bilgiler, ilgilendi\u011finiz \u00fcr\u00fcn ve hizmetler hakk\u0131nda size bilgi g\u00f6ndermemizi sa\u011flar. Bilgiler bu ama\u00e7la LANGIR'daki di\u011fer \u015firketlere verilebilir. Bize bilgilerinizi vererek, bu bilgileri yukar\u0131da belirtilen ama\u00e7lar do\u011frultusunda i\u015flememize izin vermi\u015f olursunuz. Bu bilgileri LANGIR d\u0131\u015f\u0131nda herhangi bir \u00fc\u00e7\u00fcnc\u00fc tarafa aktarmayaca\u011f\u0131z. Bu gizlilik ve yasal bildirim LANGIR web siteleri i\u00e7in geneldir. Ancak, LANGIR b\u00fcnyesindeki farkl\u0131 \u015firketlerin \u00f6zel i\u015flev sa\u011flayan web sitelerinde ek gizlilik bilgileri bulunabilir.<\/p>\n\n\t\t<\/div>\n\t<\/div>\n\n\t<div class=\"wpb_text_column wpb_content_element\" >\n\t\t<div class=\"wpb_wrapper\">\n\t\t\t<p><strong style=\"color: #000;\">Ki\u015fisel Veriler<\/strong> <\/p>\n\n\t\t<\/div>\n\t<\/div>\n\n\t<div class=\"wpb_text_column wpb_content_element\" >\n\t\t<div class=\"wpb_wrapper\">\n\t\t\t<p>LANGIR olarak ki\u015fisel bilgileriniz \u00fczerinde m\u00fcmk\u00fcn oldu\u011funca fazla kontrol sahibi olman\u0131z\u0131 ama\u00e7l\u0131yoruz. Bizim i\u00e7in web sitelerimizi ziyaret ederken kendinizi rahat hissetmeniz \u00f6nemlidir. Ancak baz\u0131 durumlarda ki\u015fisel bilgilerinize ihtiya\u00e7 duyabiliriz. Bize verebilece\u011finiz her t\u00fcrl\u00fc ki\u015fisel bilgi (e-posta adresiniz dahil ancak bununla s\u0131n\u0131rl\u0131 olmamak \u00fczere) a\u015fa\u011f\u0131daki ama\u00e7larla kullan\u0131l\u0131r: Bizden bilgi almak i\u00e7in (\u00f6rne\u011fin bro\u015f\u00fcrler, kataloglar) bize ki\u015fisel bilgilerinizi verirseniz, bu bilgileri toplar ve saklar\u0131z Bu bilgiler, bilgi talebinizi yerine getirmemizi sa\u011flar. Bilgileri g\u00f6zden ge\u00e7irir veya indirirseniz, ziyareti takip ederiz. Bu, size \u00f6zel bilgi sa\u011flamak ve \u00e7erezlerin kullan\u0131m\u0131 yoluyla sitenin hangi b\u00f6l\u00fcmlerinin s\u0131k kullan\u0131ld\u0131\u011f\u0131 hakk\u0131nda bize bilgi sa\u011flamak i\u00e7in yararl\u0131d\u0131r, daha fazla a\u015fa\u011f\u0131ya bak\u0131n. Hakk\u0131n\u0131zda toplanan veya saklanan bilgileri yaln\u0131zca LANGIR dahilinde kullan\u0131r\u0131z. Web sitesi LANGIR d\u0131\u015f\u0131 web sitelerine ba\u011flant\u0131lar i\u00e7erebilir. LANGIR, bu t\u00fcr web sitelerinin gizlilik uygulamalar\u0131ndan sorumlu de\u011fildir. Sizinle ilgili ki\u015fisel verileri (\u00f6rne\u011fin isim, e-posta adresi) nas\u0131l i\u015fledi\u011fimizle ilgili herhangi bir sorunuz varsa, LANGIR'daki \u015firketlerle ileti\u015fime ge\u00e7ebilirsiniz. LANGIR'daki \u015firketlerin ileti\u015fim bilgileri bu sayfan\u0131n sonunda verilmi\u015ftir. Herhangi bir verinin yanl\u0131\u015f olmas\u0131 durumunda, bu verilerin d\u00fczeltilmesini talep etme hakk\u0131na sahipsiniz. Ayr\u0131ca, (yaz\u0131l\u0131 ve \u015fahsen imzal\u0131 talep \u00fczerine, takvim y\u0131l\u0131 ba\u015f\u0131na bir kez ve herhangi bir \u00fccret \u00f6demeden), sizinle ilgili hangi ki\u015fisel verileri i\u015fledi\u011fimiz ve neden i\u015fledi\u011fimiz konusunda bizden bilgi alma hakk\u0131na sahipsiniz.<\/p>\n\n\t\t<\/div>\n\t<\/div>\n\n\t<div class=\"wpb_text_column wpb_content_element\" >\n\t\t<div class=\"wpb_wrapper\">\n\t\t\t<p><strong style=\"color: #000;\">\u00c7erezler<\/strong> <\/p>\n\n\t\t<\/div>\n\t<\/div>\n\n\t<div class=\"wpb_text_column wpb_content_element\" >\n\t\t<div class=\"wpb_wrapper\">\n\t\t\t<p>LANGIR web sitesinde \u00e7erezler kullan\u0131lmaktad\u0131r. \u00c7erez, bilgisayar\u0131n\u0131zda depolanan metin bilgilerini i\u00e7eren k\u00fc\u00e7\u00fck bir metin dosyas\u0131d\u0131r. \u00c7erezleri kullanmaktaki amac\u0131m\u0131z, bir ziyaret\u00e7i olarak sizin i\u00e7in sitenin kullan\u0131m\u0131n\u0131 iyile\u015ftirmektir.<\/p>\n\n\t\t<\/div>\n\t<\/div>\n\n\t<div class=\"wpb_text_column wpb_content_element\" >\n\t\t<div class=\"wpb_wrapper\">\n\t\t\t<p>LANGIR web sitesinde a\u015fa\u011f\u0131da belirtilen \u00fc\u00e7 t\u00fcr \u00e7erez kullan\u0131lmaktad\u0131r:<\/p>\n<ol>\n<li>Birinci t\u00fcr, bir dosyay\u0131 bilgisayar\u0131n\u0131za kal\u0131c\u0131 olarak kaydeder ve web sitesini son ziyaretinizden bu yana eklenen yeni bilgilerle g\u00fcncellemek i\u00e7in kullan\u0131l\u0131r. Son ziyaretinizden bu yana de\u011fi\u015ftirilmemi\u015f olan web sitesindeki bilgiler, web sitesinin daha h\u0131zl\u0131 a\u00e7\u0131lmas\u0131 amac\u0131yla bilgisayar\u0131n\u0131zdan yerel olarak y\u00fcklenir.<\/li>\n<li>Oturum \u00e7erezi olarak adland\u0131r\u0131lan ikinci t\u00fcr, siz bir web sitesinde gezinirken kullan\u0131l\u0131r. Bilgisayar\u0131n\u0131z ve web sitesi aras\u0131nda ge\u00e7ici bir bilgi aktar\u0131m\u0131 gerektirir. Oturum \u00e7erezleri bilgisayar\u0131n\u0131za kal\u0131c\u0131 olarak kaydedilmez ve bilgisayar\u0131n\u0131zdaki taray\u0131c\u0131y\u0131 kapatt\u0131\u011f\u0131n\u0131zda kaybolur.<\/li>\n<li>\u00dc\u00e7\u00fcnc\u00fc t\u00fcr, istatistiksel ama\u00e7lar i\u00e7in, yani web sitemizin farkl\u0131 b\u00f6l\u00fcmlerinde ka\u00e7 ziyaret\u00e7imiz oldu\u011fu hakk\u0131nda bilgi almak i\u00e7in kullan\u0131l\u0131r.<\/li>\n<\/ol>\n\n\t\t<\/div>\n\t<\/div>\n\n\t<div class=\"wpb_text_column wpb_content_element\" >\n\t\t<div class=\"wpb_wrapper\">\n\t\t\t<p>Ba\u015fka bir yerde \u00f6zellikle belirtilmedi\u011fi s\u00fcrece, \u00e7erezler LANGIR taraf\u0131ndan ad\u0131n\u0131z, e-posta adresiniz vb. gibi ki\u015fisel bilgileri toplamak amac\u0131yla asla kullan\u0131lmaz. Bu nedenle, \u00e7erez kullan\u0131m\u0131m\u0131z yoluyla toplanan t\u00fcm bilgiler anonim olarak derlenir.<\/p>\n\n\t\t<\/div>\n\t<\/div>\n\n\t<div class=\"wpb_text_column wpb_content_element\" >\n\t\t<div class=\"wpb_wrapper\">\n\t\t\t<p>LANGIR'\u0131n web sitemizde \u00e7erez kullanmas\u0131n\u0131 kabul etmiyorsan\u0131z, taray\u0131c\u0131 ayarlar\u0131n\u0131 veya tercihlerini de\u011fi\u015ftirerek taray\u0131c\u0131n\u0131z\u0131 \u00e7erezleri reddedecek \u015fekilde yap\u0131land\u0131rman\u0131z m\u00fcmk\u00fcnd\u00fcr. Ancak, web sitemizde kulland\u0131\u011f\u0131m\u0131z teknoloji nedeniyle, web sitemiz \u00e7erezler kullan\u0131lmadan d\u00fczg\u00fcn bir \u015fekilde \u00e7al\u0131\u015fmayacakt\u0131r.<\/p>\n\n\t\t<\/div>\n\t<\/div>\n\n\t<div class=\"wpb_text_column wpb_content_element\" >\n\t\t<div class=\"wpb_wrapper\">\n\t\t\t<p>Bu web sitesi, Google Inc. (\"Google\") taraf\u0131ndan sa\u011flanan bir \u0130nternet analiz hizmeti olan Google Analytics'i kullanmaktad\u0131r. Google Analytics, \u0130nternet sitesinin kullan\u0131c\u0131lar\u0131 taraf\u0131ndan sitenin kullan\u0131m\u0131n\u0131 analiz etmesine yard\u0131mc\u0131 olmak i\u00e7in bilgisayar\u0131n\u0131za yerle\u015ftirilen metin dosyalar\u0131 olan \u00e7erezleri kullan\u0131r. Siteyi kullan\u0131m\u0131n\u0131zla ilgili olarak \u00e7erezler taraf\u0131ndan olu\u015fturulan veriler (IP adresiniz dahil) Google taraf\u0131ndan Amerika Birle\u015fik Devletleri'nde bulunan sunuculara aktar\u0131lacak ve burada saklanacakt\u0131r. Google bu bilgileri, siteyi kullan\u0131m\u0131n\u0131z\u0131 tahmin etmek, sitenin etkinli\u011fi hakk\u0131nda edit\u00f6r\u00fcne raporlar derlemek ve sitenin etkinli\u011fi ve \u0130nternet kullan\u0131m\u0131 ile ilgili di\u011fer hizmetleri sa\u011flamak amac\u0131yla kullanacakt\u0131r. Google, zorunluluk halinde bu verileri \u00fc\u00e7\u00fcnc\u00fc taraflara iletebilir.<\/p>\n\n\t\t<\/div>\n\t<\/div>\n\n\t<div class=\"wpb_text_column wpb_content_element\" >\n\t\t<div class=\"wpb_wrapper\">\n\t\t\t<p><strong style=\"color: #000;\">\u0130leti\u015fim<\/strong> <\/p>\n\n\t\t<\/div>\n\t<\/div>\n\n\t<div class=\"wpb_text_column wpb_content_element\" >\n\t\t<div class=\"wpb_wrapper\">\n\t\t\t<p>Yukar\u0131daki b\u00f6l\u00fcmlerle ilgili sorular\u0131n\u0131z olmas\u0131 durumunda, LANGIR - 2F, No.10 Longhe East Road, Liushi, Wenzhou, Zhejiang, China 325604 - langir@langir.com ile ileti\u015fime ge\u00e7mekten \u00e7ekinmeyin.<\/p>\n\n\t\t<\/div>\n\t<\/div>\n\n<div class=\"vc-zigzag-wrapper vc-zigzag-align-center\"><div class=\"vc-zigzag-inner\" style=\"width: 100%;min-height: 14px;background: 0 repeat-x url(&#039;data:image\/svg+xml;utf-8,%3C%3Fxml%20version%3D%221.0%22%20encoding%3D%22utf-8%22%3F%3E%3C%21DOCTYPE%20svg%20PUBLIC%20%22-%2F%2FW3C%2F%2FDTD%20SVG%201.1%2F%2FEN%22%20%22http%3A%2F%2Fwww.w3.org%2FGraphics%2FSVG%2F1.1%2FDTD%2Fsvg11.dtd%22%3E%3Csvg%20width%3D%2214px%22%20height%3D%2212px%22%20viewBox%3D%220%200%2018%2015%22%20version%3D%221.1%22%20xmlns%3D%22http%3A%2F%2Fwww.w3.org%2F2000%2Fsvg%22%20xmlns%3Axlink%3D%22http%3A%2F%2Fwww.w3.org%2F1999%2Fxlink%22%3E%3Cpolygon%20id%3D%22Combined-Shape%22%20fill%3D%22%23ebebeb%22%20points%3D%228.98762301%200%200%209.12771969%200%2014.519983%209%205.40479869%2018%2014.519983%2018%209.12771969%22%3E%3C%2Fpolygon%3E%3C%2Fsvg%3E&#039;);\"><\/div><\/div>\n\t<div class=\"wpb_text_column wpb_content_element\" >\n\t\t<div class=\"wpb_wrapper\">\n\t\t\t<p><iframe style=\"width: 100%; border: none;\" title=\"G\u00f6m\u00fcl\u00fc Wufoo Formu\" src=\"https:\/\/langir.wufoo.com\/embed\/zcdgace1ql3iv4\/\" height=\"766\" frameborder=\"0\" scrolling=\"no\" sandbox=\"allow-popups-to-escape-sandbox allow-top-navigation allow-scripts allow-popups allow-forms allow-same-origin\"> <a href=\"https:\/\/langir.wufoo.com\/forms\/zcdgace1ql3iv4\/\" target=\"_blank\" rel=\"noopener\">Wufoo formumu doldurun!<\/a> <\/iframe><\/p>\n\n\t\t<\/div>\n\t<\/div>\n<\/div><\/div><\/div><\/div>\n<\/div>","protected":false},"excerpt":{"rendered":"TERMS OF USE Copyright Notice The contents of the web site are copyright \u00a9 2015 LANGIR (or its subsidiaries where so indicated and\/or its licensors), 2F, No.10 Longhe East Road, Liushi, Wenzhou, Zhejiang, China 325604 All Rights Reserved. Information on the web site, including but not limited to, text, images and sound, may not, except [...]","protected":false},"author":1,"featured_media":7464,"parent":0,"menu_order":26,"comment_status":"closed","ping_status":"closed","template":"page-default.php","meta":{"_acf_changed":false,"_metasync_otto_title":"","_metasync_otto_description":"","rank_math_title":"%title% | Electric Switches - %sitename%","rank_math_description":"The contents of the web site are copyright \u00a9 2015 LANGIR (or its subsidiaries where so indicated and\/or its licensors)","_yoast_wpseo_title":"","_yoast_wpseo_metadesc":"","footnotes":""},"class_list":["post-7463","page","type-page","status-publish","has-post-thumbnail","hentry","entry"],"acf":[],"post_mailing_queue_ids":[],"_links":{"self":[{"href":"https:\/\/www.langir.com\/tr\/wp-json\/wp\/v2\/pages\/7463","targetHints":{"allow":["GET"]}}],"collection":[{"href":"https:\/\/www.langir.com\/tr\/wp-json\/wp\/v2\/pages"}],"about":[{"href":"https:\/\/www.langir.com\/tr\/wp-json\/wp\/v2\/types\/page"}],"author":[{"embeddable":true,"href":"https:\/\/www.langir.com\/tr\/wp-json\/wp\/v2\/users\/1"}],"replies":[{"embeddable":true,"href":"https:\/\/www.langir.com\/tr\/wp-json\/wp\/v2\/comments?post=7463"}],"version-history":[{"count":2,"href":"https:\/\/www.langir.com\/tr\/wp-json\/wp\/v2\/pages\/7463\/revisions"}],"predecessor-version":[{"id":16182,"href":"https:\/\/www.langir.com\/tr\/wp-json\/wp\/v2\/pages\/7463\/revisions\/16182"}],"wp:featuredmedia":[{"embeddable":true,"href":"https:\/\/www.langir.com\/tr\/wp-json\/wp\/v2\/media\/7464"}],"wp:attachment":[{"href":"https:\/\/www.langir.com\/tr\/wp-json\/wp\/v2\/media?parent=7463"}],"curies":[{"name":"wp","href":"https:\/\/api.w.org\/{rel}","templated":true}]}}