{"id":7477,"date":"2019-11-21T09:07:47","date_gmt":"2019-11-21T09:07:47","guid":{"rendered":"https:\/\/www.langir.com\/?page_id=7477"},"modified":"2026-03-30T08:55:45","modified_gmt":"2026-03-30T08:55:45","slug":"soldering-profiles","status":"publish","type":"page","link":"https:\/\/www.langir.com\/tr\/soldering-profiles\/","title":{"rendered":"Lehimleme Profilleri"},"content":{"rendered":"<div class=\"wpb-content-wrapper\"><div class=\"vc_row wpb_row vc_row-fluid\"><div class=\"wpb_column vc_column_container vc_col-sm-12\"><div class=\"vc_column-inner\"><div class=\"wpb_wrapper\">\n\t<div class=\"wpb_text_column wpb_content_element\" >\n\t\t<div class=\"wpb_wrapper\">\n\t\t\t<p><strong>\u00d6NERILEN LEHIMLEME PROFILLERI<\/strong><\/p>\n\n\t\t<\/div>\n\t<\/div>\n\n\t<div class=\"wpb_text_column wpb_content_element\" >\n\t\t<div class=\"wpb_wrapper\">\n\t\t\t<p>Lehimleme ko\u015fullar\u0131 montaj ve PCB parametrelerinden etkilenir. L\u00fctfen bu lehim profillerini kullan\u0131rken bu fakt\u00f6rleri g\u00f6z \u00f6n\u00fcnde bulundurun. Bunlar sadece tavsiye niteli\u011findedir ve hi\u00e7bir garanti vermemektedir.<\/p>\n\n\t\t<\/div>\n\t<\/div>\n\n\t<div class=\"wpb_text_column wpb_content_element\" >\n\t\t<div class=\"wpb_wrapper\">\n\t\t\t<p><strong>MLCC'LER I\u00c7IN YENIDEN AKI\u015e \/ YENIDEN I\u015eLEME SONRASI BILE\u015eEN TESTI:<\/strong><\/p>\n\n\t\t<\/div>\n\t<\/div>\n\n\t<div class=\"wpb_text_column wpb_content_element\" >\n\t\t<div class=\"wpb_wrapper\">\n\t\t\t<p>Do\u011fru kapasitans de\u011feri \u00f6l\u00e7\u00fcmlerini sa\u011flamak i\u00e7in yeniden ak\u0131tma\/yeniden i\u015fleme sonras\u0131 t\u00fcm bile\u015fen testleri \u2265 24 saat sonra yap\u0131lmal\u0131d\u0131r. Kondansat\u00f6rler, seramik malzemenin s\u0131f\u0131rlanmas\u0131na (ya\u015flanmas\u0131na) izin vermek i\u00e7in en az 24 saat oda s\u0131cakl\u0131\u011f\u0131nda so\u011futulmal\u0131d\u0131r.<\/p>\n\n\t\t<\/div>\n\t<\/div>\n\n\t<div class=\"wpb_text_column wpb_content_element\" >\n\t\t<div class=\"wpb_wrapper\">\n\t\t\t<p><strong>MSL SEV\u0130YES\u0130<\/strong><\/p>\n\n\t\t<\/div>\n\t<\/div>\n\n\t<div class=\"wpb_text_column wpb_content_element\" >\n\t\t<div class=\"wpb_wrapper\">\n\t\t\t<p>MSL (Nem Hassasiyet Seviyesi) 1'dir<\/p>\n\n\t\t<\/div>\n\t<\/div>\n\n\t<div class=\"wpb_text_column wpb_content_element\" >\n\t\t<div class=\"wpb_wrapper\">\n\t\t\t<p><strong>\u00d6NERILEN LEHIMLEME PROFILLERI (REFERANS)<\/strong><\/p>\n\n\t\t<\/div>\n\t<\/div>\n\n\t<div class=\"wpb_text_column wpb_content_element\" >\n\t\t<div class=\"wpb_wrapper\">\n\t\t\t<p>Normalde, kullan\u0131c\u0131, tip, \u00fcreticinin lehimleme testi ve PCB \u00fczerindeki bile\u015fenlerin yak\u0131nl\u0131\u011f\u0131, ekipman vb. gibi fakt\u00f6rleri dikkate alarak kendi uygulamalar\u0131 i\u00e7in en uygun y\u00f6ntemi ve s\u00fcreci benimser.<\/p>\n<p>Ayn\u0131 kriterler kur\u015fun (Pb) i\u00e7ermeyen terminaller i\u00e7in de ge\u00e7erlidir. A\u00e7\u0131k\u00e7as\u0131, standartlar kur\u015fun (Pb) i\u00e7ermeyen montaj macunlar\u0131 ile ilgili olmal\u0131d\u0131r.<\/p>\n<p>Kaplama ala\u015f\u0131m\u0131n\u0131n \u00f6tektik s\u0131cakl\u0131\u011f\u0131, lehimleme i\u015flemi s\u0131cakl\u0131\u011f\u0131n\u0131n minimum s\u0131n\u0131rlar\u0131n\u0131 belirler.<\/p>\n<p>Minimum lehimleme s\u0131cakl\u0131\u011f\u0131 aral\u0131\u011f\u0131, kaplama ala\u015f\u0131m\u0131n\u0131n \u00f6tektik s\u0131cakl\u0131\u011f\u0131ndan en az 5 \u00b0C ila 10 \u00b0C daha y\u00fcksek olmal\u0131d\u0131r (teknik literat\u00fcre g\u00f6re).<\/p>\n<p>Cihazlar, lehim ba\u011flant\u0131lar\u0131n\u0131n uygun \u015fekilde \u0131slanmas\u0131n\u0131 sa\u011flamak i\u00e7in en y\u00fcksek lehimleme s\u0131cakl\u0131\u011f\u0131nda yeterince uzun s\u00fcre tutulmal\u0131d\u0131r. Ancak, cihazlar\u0131n hasar g\u00f6rme olas\u0131l\u0131\u011f\u0131n\u0131 \u00f6nlemek i\u00e7in en y\u00fcksek lehimleme s\u00fcresinin minimumda tutulmas\u0131 \u00f6nerilir (teknik literat\u00fcre g\u00f6re).<\/p>\n\n\t\t<\/div>\n\t<\/div>\n\n\t<div class=\"wpb_text_column wpb_content_element\" >\n\t\t<div class=\"wpb_wrapper\">\n\t\t\t<p><img decoding=\"async\" class=\"size-full wp-image-6080\" title=\"Reflow Lehimleme Profilleri\" src=\"https:\/\/www.langir.com\/wp-content\/uploads\/2019\/04\/reflow-solder-profiles.png\" alt=\"Reflow Lehimleme Profilleri\" \/><\/p>\n\n\t\t<\/div>\n\t<\/div>\n\n\t<div class=\"wpb_text_column wpb_content_element\" >\n\t\t<div class=\"wpb_wrapper\">\n\t\t\t<table border=\"0\" width=\"100%\" cellspacing=\"1\" cellpadding=\"10\" bgcolor=\"#dcdcdc\">\n<tbody>\n<tr bgcolor=\"#ffffff\">\n<td colspan=\"3\" align=\"center\" bgcolor=\"#f0f9ff\"><strong>Reflow Profillerinin S\u0131n\u0131fland\u0131r\u0131lmas\u0131<\/strong><\/td>\n<\/tr>\n<tr bgcolor=\"#ffffff\">\n<td align=\"center\" bgcolor=\"#f0f9ff\"><strong>Profil \u00d6zelli\u011fi<\/strong><\/td>\n<td align=\"center\" bgcolor=\"#f0f9ff\"><strong>Sn - Pb \u00d6tektik Tertibat\u0131<\/strong><\/td>\n<td align=\"center\" bgcolor=\"#f0f9ff\"><strong>Kur\u015fun (Pb)-Serbest Montaj<\/strong><\/p>\n<p>(\u00f6rn. SnAgCu)<\/td>\n<\/tr>\n<tr bgcolor=\"#ffffff\">\n<td bgcolor=\"#ffffff\">Ortalama h\u0131zlanma oran\u0131 (T<sub>(Smax.)<\/sub> T'ye<sub>P<\/sub>)<\/td>\n<td bgcolor=\"#ffffff\">3 \u00b0C\/s maksimum<\/td>\n<td bgcolor=\"#ffffff\"><\/td>\n<\/tr>\n<tr bgcolor=\"#ffffff\">\n<td bgcolor=\"#ffffff\"><strong>\u00d6n \u0131s\u0131tma<\/strong><\/p>\n<ul>\n<li>Minimum s\u0131cakl\u0131k (T<sub>S(min.)<\/sub>)<\/li>\n<li>Maksimum s\u0131cakl\u0131k (T<sub>S (maks.)<\/sub>)<\/li>\n<li>Zaman (T<sub>S(min.)<\/sub> T'ye<sub>S (maks.)<\/sub>) (t<sub>S<\/sub>)<\/li>\n<\/ul>\n<\/td>\n<td bgcolor=\"#ffffff\">100\u00baC<\/p>\n<p>150\u00baC<\/p>\n<p>60 sn ila 120 sn<\/td>\n<td bgcolor=\"#ffffff\">150\u00baC<\/p>\n<p>200\u00baC<\/p>\n<p>60 sn ila 180 sn<\/td>\n<\/tr>\n<tr bgcolor=\"#ffffff\">\n<td bgcolor=\"#ffffff\"><strong>Yukar\u0131da tutulan s\u00fcre <\/strong><\/p>\n<ul>\n<li>Minimum s\u0131cakl\u0131k (T<sub>L (min.)<\/sub>)<\/li>\n<li>Zaman (T<sub>L<\/sub>)<\/li>\n<\/ul>\n<\/td>\n<td>183\u00baC<\/p>\n<p>60 sn ila 150 sn<\/td>\n<td>217\u00baC<\/p>\n<p>60 sn ila 150 sn<\/td>\n<\/tr>\n<tr bgcolor=\"#ffffff\">\n<td bgcolor=\"#ffffff\">Minimum tepe s\u0131cakl\u0131\u011f\u0131 (T<sub>P(min.)<\/sub>)<\/td>\n<td bgcolor=\"#ffffff\">215\u00baC<\/td>\n<td bgcolor=\"#ffffff\">235\u00baC<\/td>\n<\/tr>\n<tr bgcolor=\"#ffffff\">\n<td bgcolor=\"#ffffff\">\u00d6nerilen tepe s\u0131cakl\u0131\u011f\u0131 (T<sub>P<\/sub>)<\/td>\n<td bgcolor=\"#ffffff\">235\u00baC<\/td>\n<td bgcolor=\"#ffffff\">250\u00baC<\/td>\n<\/tr>\n<tr bgcolor=\"#ffffff\">\n<td bgcolor=\"#ffffff\">Maksimum tepe s\u0131cakl\u0131\u011f\u0131 (T<sub>P(maks.)<\/sub>)<\/td>\n<td bgcolor=\"#ffffff\">260\u00baC<\/td>\n<td bgcolor=\"#ffffff\">260\u00baC<\/td>\n<\/tr>\n<tr bgcolor=\"#ffffff\">\n<td bgcolor=\"#ffffff\">Ger\u00e7ek tepe s\u0131cakl\u0131\u011f\u0131n\u0131n 5\u00b0C'si i\u00e7inde kalan s\u00fcre (t<sub>P<\/sub>)<\/td>\n<td bgcolor=\"#ffffff\">10 sn ila 40 sn<\/td>\n<td bgcolor=\"#ffffff\">20 sn ila 40 sn<\/td>\n<\/tr>\n<tr bgcolor=\"#ffffff\">\n<td bgcolor=\"#ffffff\">Rampa a\u015fa\u011f\u0131 oran\u0131<\/td>\n<td bgcolor=\"#ffffff\">Maksimum 6\u00baC\/s<\/td>\n<td bgcolor=\"#ffffff\">Maksimum 6\u00baC\/s<\/td>\n<\/tr>\n<tr bgcolor=\"#ffffff\">\n<td bgcolor=\"#ffffff\">25\u00b0C'den en y\u00fcksek s\u0131cakl\u0131\u011fa kadar ge\u00e7en s\u00fcre<\/td>\n<td bgcolor=\"#ffffff\">Maksimum 6 dakika<\/td>\n<td bgcolor=\"#ffffff\">Maksimum 8 dakika<\/td>\n<\/tr>\n<\/tbody>\n<\/table>\n\n\t\t<\/div>\n\t<\/div>\n\n\t<div class=\"wpb_text_column wpb_content_element\" >\n\t\t<div class=\"wpb_wrapper\">\n\t\t\t<p><img decoding=\"async\" class=\"size-full wp-image-6079\" title=\"Dalga Lehimleme Profili\" src=\"https:\/\/www.langir.com\/wp-content\/uploads\/2019\/04\/wave-soldering-profile.png\" alt=\"Dalga Lehimleme Profili\" \/><\/p>\n\n\t\t<\/div>\n\t<\/div>\n\n\t<div class=\"wpb_text_column wpb_content_element\" >\n\t\t<div class=\"wpb_wrapper\">\n\t\t\t<p><strong>Elle Lehimleme ve S\u0131cakl\u0131klar<\/strong><\/p>\n\n\t\t<\/div>\n\t<\/div>\n\n\t<div class=\"wpb_text_column wpb_content_element\" >\n\t\t<div class=\"wpb_wrapper\">\n\t\t\t<p style=\"text-align: center;\"><strong>Notlar<\/strong><\/p>\n<ul>\n<li>Bu belge sadece tavsiye niteli\u011finde olmal\u0131d\u0131r. Di\u011fer parametreler de lehimlemeyi etkileyebilir, bu nedenle bu profiller mutlak ba\u015far\u0131y\u0131 garanti etmez.<\/li>\n<li>Lehimleme profili, bu belgedeki \u00f6nerilerle \u00e7eli\u015fmemek kayd\u0131yla, lehim pastas\u0131 \u00fcreticisi taraf\u0131ndan belirlenmelidir.<\/li>\n<\/ul>\n\n\t\t<\/div>\n\t<\/div>\n\n\t<div class=\"wpb_text_column wpb_content_element\" >\n\t\t<div class=\"wpb_wrapper\">\n\t\t\t<table class=\"speical_table\" border=\"0\" width=\"100%\" cellspacing=\"1\" cellpadding=\"8\" bgcolor=\"#dcdcdc\">\n<tbody>\n<tr bgcolor=\"#ffffff\">\n<td colspan=\"8\" align=\"center\" bgcolor=\"#f0f9ff\"><strong>Havya \u00d6nerilen \u00d6zellikler<\/strong><\/td>\n<\/tr>\n<tr bgcolor=\"#ffffff\">\n<td align=\"center\" bgcolor=\"#f0f9ff\"><strong>Lehimleme S\u0131cakl\u0131\u011f\u0131 (\u00b0C)<\/strong><\/td>\n<td align=\"center\" bgcolor=\"#f0f9ff\"><strong>\u00d6n Is\u0131tma S\u0131cakl\u0131\u011f\u0131 (\u00b0C)<br \/>\n(bile\u015fen veya kart)<\/strong><\/td>\n<td align=\"center\" bgcolor=\"#f0f9ff\"><strong>\u00d6n Is\u0131tma S\u00fcresi (sn)<\/strong><\/td>\n<td align=\"center\" bgcolor=\"#f0f9ff\"><strong>Maks. Varyasyon S\u0131cakl\u0131k (\u00b0C)<\/strong><\/td>\n<td align=\"center\" bgcolor=\"#f0f9ff\"><strong>Maks. Lehimleme S\u00fcresi (sn)<\/strong><\/td>\n<td align=\"center\" bgcolor=\"#f0f9ff\"><strong>Watt<\/strong><\/td>\n<td align=\"center\" bgcolor=\"#f0f9ff\"><strong>U\u00e7 \u00c7ap\u0131<\/strong><\/td>\n<td align=\"center\" bgcolor=\"#f0f9ff\"><strong>Lehimleme S\u00fcresi<\/strong><\/td>\n<\/tr>\n<tr bgcolor=\"#ffffff\">\n<td bgcolor=\"#ffffff\">280~300<\/td>\n<td bgcolor=\"#ffffff\">\u2265150\u00b0C<\/td>\n<td bgcolor=\"#ffffff\">\u226560 saniye<\/td>\n<td bgcolor=\"#ffffff\">\u25b3T\u2264130<\/td>\n<td>\u22645 saniye<\/td>\n<td>30W maks.<\/td>\n<td>3mm Maks.<\/td>\n<td>2~3 sn. maks.<\/td>\n<\/tr>\n<\/tbody>\n<\/table>\n\n\t\t<\/div>\n\t<\/div>\n\n<div class=\"vc-zigzag-wrapper vc-zigzag-align-center\"><div class=\"vc-zigzag-inner\" style=\"width: 100%;min-height: 14px;background: 0 repeat-x url(&#039;data:image\/svg+xml;utf-8,%3C%3Fxml%20version%3D%221.0%22%20encoding%3D%22utf-8%22%3F%3E%3C%21DOCTYPE%20svg%20PUBLIC%20%22-%2F%2FW3C%2F%2FDTD%20SVG%201.1%2F%2FEN%22%20%22http%3A%2F%2Fwww.w3.org%2FGraphics%2FSVG%2F1.1%2FDTD%2Fsvg11.dtd%22%3E%3Csvg%20width%3D%2214px%22%20height%3D%2212px%22%20viewBox%3D%220%200%2018%2015%22%20version%3D%221.1%22%20xmlns%3D%22http%3A%2F%2Fwww.w3.org%2F2000%2Fsvg%22%20xmlns%3Axlink%3D%22http%3A%2F%2Fwww.w3.org%2F1999%2Fxlink%22%3E%3Cpolygon%20id%3D%22Combined-Shape%22%20fill%3D%22%23ebebeb%22%20points%3D%228.98762301%200%200%209.12771969%200%2014.519983%209%205.40479869%2018%2014.519983%2018%209.12771969%22%3E%3C%2Fpolygon%3E%3C%2Fsvg%3E&#039;);\"><\/div><\/div>\n\t<div class=\"wpb_text_column wpb_content_element\" >\n\t\t<div class=\"wpb_wrapper\">\n\t\t\t<p><iframe style=\"width: 100%; border: none;\" title=\"G\u00f6m\u00fcl\u00fc Wufoo Formu\" src=\"https:\/\/langir.wufoo.com\/embed\/zcdgace1ql3iv4\/\" height=\"766\" frameborder=\"0\" scrolling=\"no\" sandbox=\"allow-popups-to-escape-sandbox allow-top-navigation allow-scripts allow-popups allow-forms allow-same-origin\"> <a href=\"https:\/\/langir.wufoo.com\/forms\/zcdgace1ql3iv4\/\" target=\"_blank\" rel=\"noopener\">Wufoo formumu doldurun!<\/a> <\/iframe><\/p>\n\n\t\t<\/div>\n\t<\/div>\n<\/div><\/div><\/div><\/div>\n<\/div>","protected":false},"excerpt":{"rendered":"RECOMMENDED SOLDERING PROFILES Soldering conditions are affected by mounting and PCB parameters. Please take these factors into account when using these solder profiles. These are recommendations only and no guarantees are implied by them. COMPONENT TESTING AFTER REFLOW\/REWORK FOR MLCC'S: All component testing after reflow\/rework should be performed after \u2265 24hrs to ensure accurate capacitance [...]","protected":false},"author":1,"featured_media":7426,"parent":0,"menu_order":21,"comment_status":"closed","ping_status":"closed","template":"page-default.php","meta":{"_acf_changed":false,"_metasync_otto_title":"","_metasync_otto_description":"","rank_math_title":"","rank_math_description":"Soldering conditions are affected by mounting and PCB parameters. Please take these factors into account when using these soldering profiles. ","_yoast_wpseo_title":"","_yoast_wpseo_metadesc":"","footnotes":""},"class_list":["post-7477","page","type-page","status-publish","has-post-thumbnail","hentry","entry"],"acf":[],"post_mailing_queue_ids":[],"_links":{"self":[{"href":"https:\/\/www.langir.com\/tr\/wp-json\/wp\/v2\/pages\/7477","targetHints":{"allow":["GET"]}}],"collection":[{"href":"https:\/\/www.langir.com\/tr\/wp-json\/wp\/v2\/pages"}],"about":[{"href":"https:\/\/www.langir.com\/tr\/wp-json\/wp\/v2\/types\/page"}],"author":[{"embeddable":true,"href":"https:\/\/www.langir.com\/tr\/wp-json\/wp\/v2\/users\/1"}],"replies":[{"embeddable":true,"href":"https:\/\/www.langir.com\/tr\/wp-json\/wp\/v2\/comments?post=7477"}],"version-history":[{"count":1,"href":"https:\/\/www.langir.com\/tr\/wp-json\/wp\/v2\/pages\/7477\/revisions"}],"predecessor-version":[{"id":16185,"href":"https:\/\/www.langir.com\/tr\/wp-json\/wp\/v2\/pages\/7477\/revisions\/16185"}],"wp:featuredmedia":[{"embeddable":true,"href":"https:\/\/www.langir.com\/tr\/wp-json\/wp\/v2\/media\/7426"}],"wp:attachment":[{"href":"https:\/\/www.langir.com\/tr\/wp-json\/wp\/v2\/media?parent=7477"}],"curies":[{"name":"wp","href":"https:\/\/api.w.org\/{rel}","templated":true}]}}