{"id":8222,"date":"2021-03-19T04:04:24","date_gmt":"2021-03-19T04:04:24","guid":{"rendered":"https:\/\/www.langir.com\/?page_id=8222"},"modified":"2026-03-30T08:53:34","modified_gmt":"2026-03-30T08:53:34","slug":"conflict-minerals-policy-statement","status":"publish","type":"page","link":"https:\/\/www.langir.com\/tr\/conflict-minerals-policy-statement\/","title":{"rendered":"\u00c7at\u0131\u015fma Mineralleri Politikas\u0131 Beyan\u0131"},"content":{"rendered":"<div class=\"wpb-content-wrapper\"><div class=\"vc_row wpb_row vc_row-fluid vc_custom_1616125721825\"><div class=\"wpb_column vc_column_container vc_col-sm-12\"><div class=\"vc_column-inner\"><div class=\"wpb_wrapper\">\n\t<div class=\"wpb_text_column wpb_content_element vc_custom_1640762081898\" >\n\t\t<div class=\"wpb_wrapper\">\n\t\t\t<h1 style=\"font-size: 40px; text-align: center;\"><strong>\u00c7ATI\u015eMA MINERALI POLITIKASI<\/strong><\/h1>\n<hr style=\"border-top: 5px solid #fe9901;\" \/>\n\n\t\t<\/div>\n\t<\/div>\n\n\t<div class=\"wpb_text_column wpb_content_element vc_custom_1616124179264\" >\n\t\t<div class=\"wpb_wrapper\">\n\t\t\t<p>Sosyal sorumluluk sahibi bir \u015firket olarak Langir, insanlar\u0131n ve toplumlar\u0131n refah\u0131 i\u00e7in endi\u015fe duymaktad\u0131r. \u0130\u015fimizi adil ve etik bir \u015fekilde y\u00fcr\u00fct\u00fcyor, insan haklar\u0131na sayg\u0131 g\u00f6steriyor, yasa ve y\u00f6netmeliklere uyuyor ve titiz bir Davran\u0131\u015f Kurallar\u0131 izliyoruz.<\/p>\n\n\t\t<\/div>\n\t<\/div>\n<\/div><\/div><\/div><\/div><div data-vc-full-width=\"true\" data-vc-full-width-temp=\"true\" data-vc-full-width-init=\"false\" data-vc-stretch-content=\"true\" class=\"vc_row wpb_row vc_row-fluid vc_custom_1616126469702 vc_row-has-fill\"><div class=\"wpb_column vc_column_container vc_col-sm-12\"><div class=\"vc_column-inner\"><div class=\"wpb_wrapper\"><div class=\"vc_row wpb_row vc_inner vc_row-fluid container\"><div class=\"wpb_column vc_column_container vc_col-sm-8\"><div class=\"vc_column-inner\"><div class=\"wpb_wrapper\">\n\t<div class=\"wpb_text_column wpb_content_element vc_custom_1616125897467\" >\n\t\t<div class=\"wpb_wrapper\">\n\t\t\t<h2 style=\"text-align: left; font-size: 30px; color: #fe9901;\">\u00c7at\u0131\u015fma Minerallerine \u0130li\u015fkin Politika Beyan\u0131<\/h2>\n\n\t\t<\/div>\n\t<\/div>\n\n\t<div class=\"wpb_text_column wpb_content_element\" >\n\t\t<div class=\"wpb_wrapper\">\n\t\t\t<p>Langir Electric (\"Langir\"), \u00fcr\u00fcn ve hizmetlerimizin yan\u0131 s\u0131ra i\u015fimizi y\u00fcr\u00fctme \u015feklimizde de en y\u00fcksek kalite standartlar\u0131n\u0131 kar\u015f\u0131lamay\u0131 taahh\u00fct eder.<\/p>\n<p>Tedarik zincirimizdeki \u00e7al\u0131\u015fma ko\u015fullar\u0131n\u0131n g\u00fcvenli olmas\u0131n\u0131, \u00e7al\u0131\u015fanlara sayg\u0131l\u0131 davran\u0131lmas\u0131n\u0131 ve \u00fcretim s\u00fcre\u00e7lerinin \u00e7evresel ve sosyal a\u00e7\u0131dan sorumlu olmas\u0131n\u0131 sa\u011flamak i\u00e7in tedarik\u00e7ilerimizle birlikte \u00e7al\u0131\u015f\u0131yoruz.<\/p>\n<p>ABD Menkul K\u0131ymetler ve Borsa Komisyonu (\"SEC\"), halka a\u00e7\u0131k \u015firketlerin Demokratik Kongo Cumhuriyeti (\"DRC\") veya kom\u015fu \u00fclkelerden (\"Kapsanan \u00dclkeler\") kaynaklanan tantal, kalay, alt\u0131n veya tungsten (\"\u00c7at\u0131\u015fma Mineralleri\") kullan\u0131p kullanmad\u0131klar\u0131n\u0131 a\u00e7\u0131klamalar\u0131n\u0131 ve e\u011fer kullan\u0131yorlarsa, \"\u015firketlerin bu \u00c7at\u0131\u015fma Minerallerinin kayna\u011f\u0131 ve g\u00f6zetim zinciri konusunda gerekli \u00f6zeni g\u00f6stermelerini ve ara\u015ft\u0131rma ve durum tespiti sonu\u00e7lar\u0131n\u0131 rapor etmelerini gerektiren kurallar\u0131 kabul etmi\u015ftir.<\/p>\n<p>Langir, Kapsam Dahilindeki \u00dclkelerdeki silahl\u0131 gruplar\u0131n finanse edilmesine veya bu gruplara fayda sa\u011flanmas\u0131na do\u011frudan veya dolayl\u0131 olarak yard\u0131mc\u0131 olan \u00c7at\u0131\u015fma Minerallerinin kullan\u0131m\u0131n\u0131 \u00f6nlemeyi ama\u00e7layan Dodd-Frank Yasas\u0131n\u0131n 1502. B\u00f6l\u00fcm\u00fcne uyum sa\u011flamak i\u00e7in \u00f6nlemler alm\u0131\u015ft\u0131r.<\/p>\n<p>Langir, \"\u00e7at\u0131\u015fmal\u0131 minerallerden ar\u0131nd\u0131r\u0131lm\u0131\u015f\" bir \u015firket olmak i\u00e7in \u00e7aba g\u00f6stermektedir ve \u00e7at\u0131\u015fmas\u0131z bir tedarik zinciri elde etme \u00e7abalar\u0131 kapsam\u0131nda tedarik zinciri boyunca s\u00fcre\u00e7leri g\u00f6zden ge\u00e7irmek ve kontrol etmek i\u00e7in gerekli \u00f6nlemleri almaktad\u0131r. Langir, y\u00fcr\u00fcrl\u00fckteki t\u00fcm yasalara uymakta ve \u00c7at\u0131\u015fma Minerallerinin izlenebilirli\u011fini iyile\u015ftirmek ve sorumlu kaynak kullan\u0131m\u0131n\u0131 sa\u011flamak i\u00e7in \u00e7al\u0131\u015fmay\u0131 taahh\u00fct etmektedir.<\/p>\n<p>Langir, \u00c7at\u0131\u015fma Mineralleri gerekliliklerinin ilkelerini i\u015f uygulamalar\u0131na dahil etmi\u015ftir. Yeni tedarik\u00e7iler i\u00e7in onay s\u00fcrecimiz \u00c7at\u0131\u015fma Mineralleri gerekliliklerini i\u00e7ermektedir. Langir bu politikay\u0131 tedarik\u00e7ilerine iletecek ve onlar\u0131 tedarik zincirleri i\u00e7in benzer politikalar belirlemeye te\u015fvik edecektir. \u00c7at\u0131\u015fma Mineralleri y\u00f6netmeliklerine uymayan veya uymak i\u00e7in \u00e7al\u0131\u015fmayan tedarik\u00e7iler, Langir ile gelecekteki i\u015f f\u0131rsatlar\u0131ndan elenecektir.<\/p>\n<p>\"DRC \u00c7at\u0131\u015fmas\u0131z\" tan\u0131m\u0131 alt\u0131nda Langir'e tedarik edilen \u00fcr\u00fcnler:<\/p>\n<p>1. \u00dcretimleri veya i\u015flevleri i\u00e7in gerekli elementler olarak tantal, kalay, tungsten veya alt\u0131n (3TG) i\u00e7ermeyin veya,<\/p>\n<p>2. Langir'e tedarik edilen \u00fcr\u00fcnler bu mineralleri i\u00e7eriyorsa, mineraller DRC d\u0131\u015f\u0131nda \u00fcretilmeli, hurda veya geri d\u00f6n\u00fc\u015ft\u00fcr\u00fclm\u00fc\u015f kaynaklardan gelmeli veya ba\u011f\u0131ms\u0131z bir \u00f6zel sekt\u00f6r taraf\u0131 taraf\u0131ndan \u00e7at\u0131\u015fmas\u0131z oldu\u011fu onaylanm\u0131\u015f eritme tesislerinden tedarik edilmelidir. Sertifikal\u0131 ihtilafs\u0131z izabe tesislerinin EICC (Elektronik End\u00fcstrisi Vatanda\u015fl\u0131k Koalisyonu) ihtilafs\u0131z izabe tesisi (CFS) protokol\u00fcne uygunlu\u011fu CFSCompliant Smelter List kullan\u0131larak onaylan\u0131r. CFS protokol\u00fc arac\u0131l\u0131\u011f\u0131yla izabe tesisleri k\u00fcresel olarak denetlenir; uyumlu izabe tesisleri ve rafinerilerin listesi www.conflictfreesmelter.org adresinde yay\u0131nlanmaktad\u0131r.<\/p>\n\n\t\t<\/div>\n\t<\/div>\n<\/div><\/div><\/div><div class=\"wpb_column vc_column_container vc_col-sm-4\"><div class=\"vc_column-inner\"><div class=\"wpb_wrapper\">\n\t<div class=\"wpb_text_column wpb_content_element\" >\n\t\t<div class=\"wpb_wrapper\">\n\t\t\t<p><img fetchpriority=\"high\" decoding=\"async\" class=\"size-full wp-image-8244 aligncenter\" src=\"https:\/\/www.langir.com\/wp-content\/uploads\/2021\/03\/Conflict-Minerals.jpg\" alt=\"\u00c7ATI\u015eMA MINERALI POLITIKASI\" width=\"634\" height=\"380\" srcset=\"https:\/\/www.langir.com\/wp-content\/uploads\/2021\/03\/Conflict-Minerals.jpg 634w, https:\/\/www.langir.com\/wp-content\/uploads\/2021\/03\/Conflict-Minerals-300x180.jpg 300w\" sizes=\"(max-width: 634px) 100vw, 634px\" \/><\/p>\n\n\t\t<\/div>\n\t<\/div>\n<\/div><\/div><\/div><\/div><\/div><\/div><\/div><\/div><div class=\"vc_row-full-width vc_clearfix\"><\/div><div class=\"vc_row wpb_row vc_row-fluid\"><div class=\"wpb_column vc_column_container vc_col-sm-12\"><div class=\"vc_column-inner\"><div class=\"wpb_wrapper\">\n<div class=\"vc-zigzag-wrapper vc-zigzag-align-center\"><div class=\"vc-zigzag-inner\" style=\"width: 100%;min-height: 14px;background: 0 repeat-x url(&#039;data:image\/svg+xml;utf-8,%3C%3Fxml%20version%3D%221.0%22%20encoding%3D%22utf-8%22%3F%3E%3C%21DOCTYPE%20svg%20PUBLIC%20%22-%2F%2FW3C%2F%2FDTD%20SVG%201.1%2F%2FEN%22%20%22http%3A%2F%2Fwww.w3.org%2FGraphics%2FSVG%2F1.1%2FDTD%2Fsvg11.dtd%22%3E%3Csvg%20width%3D%2214px%22%20height%3D%2212px%22%20viewBox%3D%220%200%2018%2015%22%20version%3D%221.1%22%20xmlns%3D%22http%3A%2F%2Fwww.w3.org%2F2000%2Fsvg%22%20xmlns%3Axlink%3D%22http%3A%2F%2Fwww.w3.org%2F1999%2Fxlink%22%3E%3Cpolygon%20id%3D%22Combined-Shape%22%20fill%3D%22%23ebebeb%22%20points%3D%228.98762301%200%200%209.12771969%200%2014.519983%209%205.40479869%2018%2014.519983%2018%209.12771969%22%3E%3C%2Fpolygon%3E%3C%2Fsvg%3E&#039;);\"><\/div><\/div>\n\t<div class=\"wpb_text_column wpb_content_element\" >\n\t\t<div class=\"wpb_wrapper\">\n\t\t\t<p><iframe style=\"width: 100%; border: none;\" title=\"G\u00f6m\u00fcl\u00fc Wufoo Formu\" src=\"https:\/\/langir.wufoo.com\/embed\/zcdgace1ql3iv4\/\" height=\"766\" frameborder=\"0\" scrolling=\"no\" sandbox=\"allow-popups-to-escape-sandbox allow-top-navigation allow-scripts allow-popups allow-forms allow-same-origin\"> <a href=\"https:\/\/langir.wufoo.com\/forms\/zcdgace1ql3iv4\/\" target=\"_blank\" rel=\"noopener\">Wufoo formumu doldurun!<\/a> <\/iframe><\/p>\n\n\t\t<\/div>\n\t<\/div>\n<\/div><\/div><\/div><\/div>\n<\/div>","protected":false},"excerpt":{"rendered":"CONFLICT MINERAL POLICY As a socially responsible company, Langir has concern for the well-being of people and communities. We conduct business fairly and ethically, respect human rights, comply with laws and regulations, and follow a rigorous Code of Conduct. Policy Statement on Conflict Minerals Langir Electric (\u201cLangir\u201d) is committed to the meeting the highest quality [...]","protected":false},"author":1,"featured_media":8244,"parent":0,"menu_order":17,"comment_status":"closed","ping_status":"closed","template":"page-newdemo.php","meta":{"_acf_changed":false,"footnotes":""},"class_list":["post-8222","page","type-page","status-publish","has-post-thumbnail","hentry","entry"],"acf":[],"post_mailing_queue_ids":[],"_links":{"self":[{"href":"https:\/\/www.langir.com\/tr\/wp-json\/wp\/v2\/pages\/8222","targetHints":{"allow":["GET"]}}],"collection":[{"href":"https:\/\/www.langir.com\/tr\/wp-json\/wp\/v2\/pages"}],"about":[{"href":"https:\/\/www.langir.com\/tr\/wp-json\/wp\/v2\/types\/page"}],"author":[{"embeddable":true,"href":"https:\/\/www.langir.com\/tr\/wp-json\/wp\/v2\/users\/1"}],"replies":[{"embeddable":true,"href":"https:\/\/www.langir.com\/tr\/wp-json\/wp\/v2\/comments?post=8222"}],"version-history":[{"count":1,"href":"https:\/\/www.langir.com\/tr\/wp-json\/wp\/v2\/pages\/8222\/revisions"}],"predecessor-version":[{"id":16184,"href":"https:\/\/www.langir.com\/tr\/wp-json\/wp\/v2\/pages\/8222\/revisions\/16184"}],"wp:featuredmedia":[{"embeddable":true,"href":"https:\/\/www.langir.com\/tr\/wp-json\/wp\/v2\/media\/8244"}],"wp:attachment":[{"href":"https:\/\/www.langir.com\/tr\/wp-json\/wp\/v2\/media?parent=8222"}],"curies":[{"name":"wp","href":"https:\/\/api.w.org\/{rel}","templated":true}]}}