{"id":8990,"date":"2022-12-20T01:37:43","date_gmt":"2022-12-20T01:37:43","guid":{"rendered":"https:\/\/www.langir.com\/terms-conditions\/"},"modified":"2026-04-08T03:29:31","modified_gmt":"2026-04-08T03:29:31","slug":"terms-conditions","status":"publish","type":"page","link":"https:\/\/www.langir.com\/tr\/terms-conditions\/","title":{"rendered":"Terms &#038; Conditions"},"content":{"rendered":"<div class=\"wpb-content-wrapper\"><div class=\"vc_row wpb_row vc_row-fluid\"><div class=\"wpb_column vc_column_container vc_col-sm-12\"><div class=\"vc_column-inner\"><div class=\"wpb_wrapper\">\n\t<div class=\"wpb_text_column wpb_content_element\" >\n\t\t<div class=\"wpb_wrapper\">\n\t\t\t\n<!-- This legal document was generated by Complianz Terms &amp; Conditions https:\/\/wordpress.org\/plugins\/complianz-terms-conditions -->\n<div id=\"cmplz-document\" class=\"cmplz-document cmplz-terms-conditions\"><p><i>The Terms and Conditions were last updated on February 9, 2023<\/i><\/p><h2>1. Giri\u015f<\/h2><p>Bu H\u00fck\u00fcm ve ko\u015fullar, bu web sitesi ve \u00fcr\u00fcnlerimiz ve hizmetlerimizle ilgili i\u015flemler i\u00e7in ge\u00e7erlidir. Bizimle olan ili\u015fkiniz veya bizden ald\u0131\u011f\u0131n\u0131z herhangi bir \u00fcr\u00fcn veya hizmetle ilgili ek s\u00f6zle\u015fmelere ba\u011fl\u0131 olabilirsiniz. Ek s\u00f6zle\u015fmelerin herhangi bir h\u00fckm\u00fcn\u00fcn bu \u015eartlar\u0131n herhangi bir h\u00fckm\u00fcyle \u00e7eli\u015fmesi durumunda, bu ek s\u00f6zle\u015fmelerin h\u00fck\u00fcmleri kontrol edilecek ve ge\u00e7erli olacakt\u0131r.<\/p><h2>2. Ba\u011flay\u0131c\u0131<\/h2><p>Bu web sitesine kaydolarak, eri\u015ferek veya ba\u015fka bir \u015fekilde kullanarak, a\u015fa\u011f\u0131da belirtilen \u015eartlar ve ko\u015fullara tabi olmay\u0131 kabul etmi\u015f olursunuz. Bu web sitesinin sadece kullan\u0131m\u0131, bu H\u00fck\u00fcm ve ko\u015fullar\u0131n bilinmesi ve kabul edilmesi anlam\u0131na gelir. Baz\u0131 \u00f6zel durumlarda, sizden a\u00e7\u0131k\u00e7a kabul etmenizi de isteyebiliriz.<\/p><h2>3. Elektronik ileti\u015fim<\/h2><p>Bu web sitesini kullanarak veya bizimle elektronik yollarla ileti\u015fim kurarak, sizinle web sitemizde elektronik olarak veya size bir e-posta g\u00f6ndererek ileti\u015fim kurabilece\u011fimizi ve size elektronik olarak sa\u011flad\u0131\u011f\u0131m\u0131z t\u00fcm s\u00f6zle\u015fmelerin, bildirimlerin, a\u00e7\u0131klamalar\u0131n ve di\u011fer ileti\u015fimlerin, bu t\u00fcr ileti\u015fimlerin yaz\u0131l\u0131 olmas\u0131 gereklili\u011fi dahil ancak bununla s\u0131n\u0131rl\u0131 olmamak \u00fczere her t\u00fcrl\u00fc yasal gereklili\u011fi kar\u015f\u0131lad\u0131\u011f\u0131n\u0131 kabul ve beyan edersiniz.<\/p><h2>4. Fikri m\u00fclkiyet<\/h2><p>Biz veya lisans verenlerimiz, web sitesindeki t\u00fcm telif hakk\u0131 ve di\u011fer fikri m\u00fclkiyet haklar\u0131n\u0131n ve web sitesi taraf\u0131ndan g\u00f6r\u00fcnt\u00fclenen veya web sitesi i\u00e7inde eri\u015filebilen veri, bilgi ve di\u011fer kaynaklar\u0131n sahibiyiz ve bunlar\u0131 kontrol ediyoruz.<\/p><p class=\"cmplz-subtitle\">4.1 T\u00fcm haklar\u0131 sakl\u0131d\u0131r<\/p><p>Belirli bir i\u00e7erik aksini belirtmedi\u011fi s\u00fcrece, Telif Hakk\u0131, Ticari Marka, Patent veya di\u011fer Fikri M\u00fclkiyet Haklar\u0131 kapsam\u0131nda size bir lisans veya ba\u015fka bir hak verilmez. Bu, zorunlu yasa d\u00fczenlemelerinde aksi belirtilmedik\u00e7e (al\u0131nt\u0131 yapma hakk\u0131 gibi) \u00f6nceden yaz\u0131l\u0131 iznimiz olmadan bu web sitesindeki hi\u00e7bir kayna\u011f\u0131 kullanmayaca\u011f\u0131n\u0131z, kopyalamayaca\u011f\u0131n\u0131z, \u00e7o\u011faltmayaca\u011f\u0131n\u0131z, icra etmeyece\u011finiz, g\u00f6r\u00fcnt\u00fclemeyece\u011finiz, da\u011f\u0131tmayaca\u011f\u0131n\u0131z, herhangi bir elektronik ortama yerle\u015ftirmeyece\u011finiz, de\u011fi\u015ftirmeyece\u011finiz, tersine m\u00fchendislik yapmayaca\u011f\u0131n\u0131z, kaynak koda d\u00f6n\u00fc\u015ft\u00fcrmeyece\u011finiz, aktarmayaca\u011f\u0131n\u0131z, indirmeyece\u011finiz, iletmeyece\u011finiz, para kazanmayaca\u011f\u0131n\u0131z, satmayaca\u011f\u0131n\u0131z, pazarlamayaca\u011f\u0131n\u0131z veya ticarile\u015ftirmeyece\u011finiz anlam\u0131na gelir.<\/p><h2>5. \u00dc\u00e7\u00fcnc\u00fc taraf m\u00fclkiyeti<\/h2><p>Web sitemiz di\u011fer taraflar\u0131n web sitelerine k\u00f6pr\u00fcler veya ba\u015fka referanslar i\u00e7erebilir. Bu web sitesinden ba\u011flant\u0131 verilen di\u011fer taraf web sitelerinin i\u00e7eri\u011fini izlemiyoruz veya incelemiyoruz. Di\u011fer web siteleri taraf\u0131ndan sunulan \u00fcr\u00fcn veya hizmetler, s\u00f6z konusu \u00fc\u00e7\u00fcnc\u00fc taraflar\u0131n ge\u00e7erli H\u00fck\u00fcm ve Ko\u015fullar\u0131na tabi olacakt\u0131r. Bu web sitelerinde ifade edilen g\u00f6r\u00fc\u015fler veya yer alan materyaller taraf\u0131m\u0131zca payla\u015f\u0131lmamakta veya onaylanmamaktad\u0131r.<\/p><p>Bu sitelerin gizlilik uygulamalar\u0131 veya i\u00e7eriklerinden sorumlu olmayaca\u011f\u0131z. Bu web sitelerinin ve ilgili \u00fc\u00e7\u00fcnc\u00fc taraf hizmetlerinin kullan\u0131m\u0131yla ilgili t\u00fcm riskler size aittir. Ki\u015fisel bilgilerinizi \u00fc\u00e7\u00fcnc\u00fc taraflara if\u015fa etmenizden kaynaklanan, her ne \u015fekilde olursa olsun, herhangi bir kay\u0131p veya hasar i\u00e7in herhangi bir sorumluluk kabul etmeyece\u011fiz.<\/p><h2>6. Sorumlu kullan\u0131m<\/h2><p>Web sitemizi ziyaret ederek, web sitemizi yaln\u0131zca bu \u015eartlar, bizimle yap\u0131lan ek s\u00f6zle\u015fmeler ve y\u00fcr\u00fcrl\u00fckteki yasalar, y\u00f6netmelikler ve genel kabul g\u00f6rm\u00fc\u015f \u00e7evrimi\u00e7i uygulamalar ve sekt\u00f6r y\u00f6nergeleri taraf\u0131ndan ama\u00e7lanan ve izin verilen ama\u00e7lar i\u00e7in kullanmay\u0131 kabul edersiniz. Web sitemizi veya hizmetlerimizi, k\u00f6t\u00fc ama\u00e7l\u0131 bilgisayar yaz\u0131l\u0131mlar\u0131ndan olu\u015fan (veya bunlarla ba\u011flant\u0131l\u0131) herhangi bir materyali kullanmak, yay\u0131nlamak veya da\u011f\u0131tmak; web sitemizden toplanan verileri herhangi bir do\u011frudan pazarlama faaliyeti i\u00e7in kullanmak veya web sitemizde veya web sitemizle ilgili olarak herhangi bir sistematik veya otomatik veri toplama faaliyeti y\u00fcr\u00fctmek i\u00e7in kullanmamal\u0131s\u0131n\u0131z.<\/p><p>Web sitesine zarar veren veya verebilecek olan veya web sitesinin performans\u0131na, kullan\u0131labilirli\u011fine veya eri\u015filebilirli\u011fine m\u00fcdahale eden herhangi bir faaliyette bulunmak kesinlikle yasakt\u0131r.<\/p><h2>7. Para \u0130adesi ve \u0130ade Politikas\u0131<\/h2><p class=\"cmplz-subtitle\">7.1 Cayma hakk\u0131<\/p><p>Herhangi bir sebep g\u00f6stermeksizin 14 g\u00fcn i\u00e7erisinde bu s\u00f6zle\u015fmeden cayma hakk\u0131na sahipsiniz.<\/p><p>Cayma hakk\u0131n\u0131 kullanmak i\u00e7in, bu s\u00f6zle\u015fmeden \u00e7ekilme karar\u0131n\u0131z\u0131 kesin bir beyanla (\u00f6rne\u011fin posta, faks veya e-posta ile g\u00f6nderilen bir mektup) bize bildirmeniz gerekir. \u0130leti\u015fim bilgilerimiz a\u015fa\u011f\u0131da yer almaktad\u0131r. Ekteki modeli kullanabilirsiniz <a target=\"_blank\" href=\"https:\/\/www.langir.com\/wp-content\/uploads\/complianz\/withdrawal-forms\/withdrawal-form-tr.pdf\">geri\u0307 \u00e7eki\u0307lme formu<\/a>ancak zorunlu de\u011fildir.<\/p><p>Ayr\u0131ca, elektronik olarak model geri \u00e7ekme formunu veya ba\u015fka herhangi bir a\u00e7\u0131k beyan\u0131 doldurup g\u00f6nderebilirsiniz. <a href=\"https:\/\/www.langir.com\/tr\/contact\/\"> web sitesi<\/a>.<\/p><p>Bu se\u00e7ene\u011fi kullan\u0131rsan\u0131z, bu t\u00fcr bir geri \u00e7ekilmenin al\u0131nd\u0131\u011f\u0131na dair bir onay\u0131 size gecikmeden dayan\u0131kl\u0131 bir ortamda (\u00f6rne\u011fin e-posta ile) iletece\u011fiz.<\/p><p>Cayma s\u00fcresine uymak i\u00e7in, cayma hakk\u0131n\u0131z\u0131 kulland\u0131\u011f\u0131n\u0131za ili\u015fkin bildiriminizi cayma s\u00fcresi dolmadan \u00f6nce g\u00f6ndermeniz yeterlidir.<\/p><p class=\"cmplz-subtitle\">7.2 Geri \u00e7ekilmenin etkileri<\/p><p>Bu s\u00f6zle\u015fmeden cayman\u0131z halinde, teslimat masraflar\u0131 da dahil olmak \u00fczere sizden ald\u0131\u011f\u0131m\u0131z t\u00fcm \u00f6demeleri (taraf\u0131m\u0131zca sunulan en ucuz standart teslimat t\u00fcr\u00fc d\u0131\u015f\u0131nda bir teslimat t\u00fcr\u00fc se\u00e7menizden kaynaklanan ek masraflar hari\u00e7), gecikmeksizin ve her hal\u00fckarda bu s\u00f6zle\u015fmeden cayma karar\u0131n\u0131z hakk\u0131nda bilgilendirildi\u011fimiz g\u00fcnden itibaren en ge\u00e7 14 g\u00fcn i\u00e7inde size geri \u00f6deyece\u011fiz. Aksini a\u00e7\u0131k\u00e7a kabul etmedi\u011finiz s\u00fcrece, bu t\u00fcr bir geri \u00f6demeyi ilk i\u015flem i\u00e7in kulland\u0131\u011f\u0131n\u0131z \u00f6deme y\u00f6ntemini kullanarak ger\u00e7ekle\u015ftirece\u011fiz; her durumda, bu t\u00fcr bir geri \u00f6demenin bir sonucu olarak herhangi bir \u00fccrete tabi olmayacaks\u0131n\u0131z.<\/p><p>Yaln\u0131zca mallar\u0131n do\u011fas\u0131n\u0131, \u00f6zelliklerini ve i\u015fleyi\u015fini belirlemek i\u00e7in gerekli olan\u0131n d\u0131\u015f\u0131ndaki i\u015flemlerden kaynaklanan mallar\u0131n de\u011ferindeki herhangi bir azalmadan siz sorumlusunuz.<\/p><p>Cayma hakk\u0131n\u0131n baz\u0131 yasal istisnalar\u0131 oldu\u011funu ve bu nedenle baz\u0131 \u00fcr\u00fcnlerin iade edilemeyece\u011fini veya de\u011fi\u015ftirilemeyece\u011fini l\u00fctfen unutmay\u0131n.  Bu durumun sizin \u00f6zel durumunuz i\u00e7in ge\u00e7erli olup olmad\u0131\u011f\u0131n\u0131 size bildirece\u011fiz.<\/p><h2>8. Fikir sunumu<\/h2><p>Fikri m\u00fclkiyetle ilgili bir anla\u015fma veya gizlilik anla\u015fmas\u0131 imzalamad\u0131\u011f\u0131m\u0131z s\u00fcrece, bize sunmak istedi\u011finiz kendi fikri m\u00fclkiyetiniz olarak kabul edilebilecek herhangi bir fikir, icat, yazarl\u0131k eseri veya di\u011fer bilgileri g\u00f6ndermeyin. B\u00f6yle bir yaz\u0131l\u0131 anla\u015fma olmadan bize if\u015fa ederseniz, i\u00e7eri\u011finizi mevcut veya gelecekteki herhangi bir ortamda kullanmak, \u00e7o\u011faltmak, saklamak, uyarlamak, yay\u0131nlamak, terc\u00fcme etmek ve da\u011f\u0131tmak i\u00e7in bize d\u00fcnya \u00e7ap\u0131nda, geri al\u0131namaz, m\u00fcnhas\u0131r olmayan, telifsiz bir lisans vermi\u015f olursunuz.<\/p><h2>9. Kullan\u0131m\u0131n sona ermesi<\/h2><p>Tamamen kendi takdirimize ba\u011fl\u0131 olarak, herhangi bir zamanda web sitesine veya buradaki herhangi bir Hizmete eri\u015fimi ge\u00e7ici veya kal\u0131c\u0131 olarak de\u011fi\u015ftirebilir veya durdurabiliriz. Web sitesine veya web sitesinde payla\u015fm\u0131\u015f olabilece\u011finiz herhangi bir i\u00e7eri\u011fe eri\u015fiminizin veya kullan\u0131m\u0131n\u0131z\u0131n bu \u015fekilde de\u011fi\u015ftirilmesi, ask\u0131ya al\u0131nmas\u0131 veya durdurulmas\u0131ndan dolay\u0131 size veya herhangi bir \u00fc\u00e7\u00fcnc\u00fc tarafa kar\u015f\u0131 sorumlu olmayaca\u011f\u0131m\u0131z\u0131 kabul edersiniz. Belirli \u00f6zellikler, ayarlar ve\/veya katk\u0131da bulundu\u011funuz veya g\u00fcvendi\u011finiz herhangi bir \u0130\u00e7erik kal\u0131c\u0131 olarak kaybolsa bile herhangi bir tazminat veya ba\u015fka bir \u00f6deme alma hakk\u0131n\u0131z olmayacakt\u0131r. Web sitemizdeki herhangi bir eri\u015fim k\u0131s\u0131tlama \u00f6nlemini atlatmamal\u0131 veya baypas etmemeli ya da atlatmaya veya baypas etmeye \u00e7al\u0131\u015fmamal\u0131s\u0131n\u0131z.<\/p><h2>10. Garantiler ve sorumluluk<\/h2><p>Bu b\u00f6l\u00fcmdeki hi\u00e7bir \u015fey, yasalarca ima edilen ve s\u0131n\u0131rland\u0131r\u0131lmas\u0131 veya hari\u00e7 tutulmas\u0131 hukuka ayk\u0131r\u0131 olan herhangi bir garantiyi s\u0131n\u0131rland\u0131rmayacak veya hari\u00e7 tutmayacakt\u0131r. Bu web sitesi ve web sitesindeki t\u00fcm i\u00e7erik \"oldu\u011fu gibi\" ve \"mevcut oldu\u011fu \u015fekilde\" sa\u011flanmaktad\u0131r ve yanl\u0131\u015fl\u0131klar veya yaz\u0131m hatalar\u0131 i\u00e7erebilir. \u0130\u00e7eri\u011fin kullan\u0131labilirli\u011fi, do\u011frulu\u011fu veya eksiksizli\u011fi ile ilgili a\u00e7\u0131k veya z\u0131mni her t\u00fcrl\u00fc garantiyi a\u00e7\u0131k\u00e7a reddederiz. \u015eu konularda hi\u00e7bir garanti vermiyoruz:<\/p><p><ul>\n                    <li>bu web sitesi veya i\u00e7eri\u011fimiz ihtiya\u00e7lar\u0131n\u0131z\u0131 kar\u015f\u0131layacakt\u0131r;<\/li>\n                    <li>bu web si\u0307tesi\u0307 kesi\u0307nti\u0307si\u0307z, zamaninda, g\u00fcvenli\u0307 veya hatasiz olarak kullanilabi\u0307lecekti\u0307r.<\/li>\n        <\/ul><\/p><p>Bu web sitesinde yer alan hi\u00e7bir \u015fey hukuki, mali veya t\u0131bbi tavsiye niteli\u011fi ta\u015f\u0131maz veya ta\u015f\u0131mas\u0131 ama\u00e7lanmam\u0131\u015ft\u0131r. Tavsiyeye ihtiyac\u0131n\u0131z varsa uygun bir uzmana dan\u0131\u015fmal\u0131s\u0131n\u0131z.<\/p><p>Bu b\u00f6l\u00fcm\u00fcn a\u015fa\u011f\u0131daki h\u00fck\u00fcmleri, y\u00fcr\u00fcrl\u00fckteki yasalar\u0131n izin verdi\u011fi azami \u00f6l\u00e7\u00fcde ge\u00e7erli olacak ve sorumlulu\u011fumuzu s\u0131n\u0131rlamam\u0131z\u0131n veya hari\u00e7 tutmam\u0131z\u0131n yasad\u0131\u015f\u0131 veya hukuka ayk\u0131r\u0131 olaca\u011f\u0131 herhangi bir konuyla ilgili sorumlulu\u011fumuzu s\u0131n\u0131rlamayacak veya hari\u00e7 tutmayacakt\u0131r. Web sitemize eri\u015fiminizden veya web sitemizi kullan\u0131m\u0131n\u0131zdan kaynaklanan, sizin veya herhangi bir \u00fc\u00e7\u00fcnc\u00fc taraf\u0131n maruz kald\u0131\u011f\u0131 do\u011frudan veya dolayl\u0131 zararlardan (kar veya gelir kayb\u0131, veri, yaz\u0131l\u0131m veya veri taban\u0131 kayb\u0131 veya bozulmas\u0131 veya m\u00fclk veya veri kayb\u0131 veya zarar g\u00f6rmesi dahil) hi\u00e7bir durumda sorumlu olmayaca\u011f\u0131z.<\/p><p>Herhangi bir ek s\u00f6zle\u015fmede aksi a\u00e7\u0131k\u00e7a belirtilmedik\u00e7e, web sitesinden veya web sitesi arac\u0131l\u0131\u011f\u0131yla pazarlanan veya sat\u0131lan herhangi bir \u00fcr\u00fcn ve hizmetten kaynaklanan veya bunlarla ilgili t\u00fcm zararlar i\u00e7in size kar\u015f\u0131 azami sorumlulu\u011fumuz, sorumluluk y\u00fckleyen yasal i\u015flem bi\u00e7imine bak\u0131lmaks\u0131z\u0131n (s\u00f6zle\u015fme, hakkaniyet, ihmal, kas\u0131tl\u0131 davran\u0131\u015f, haks\u0131z fiil veya ba\u015fka bir \u015fekilde) ile s\u0131n\u0131rl\u0131 olacakt\u0131r. Bu s\u0131n\u0131r, her t\u00fcr ve nitelikteki t\u00fcm talepleriniz, eylemleriniz ve dava nedenleriniz i\u00e7in toplam olarak ge\u00e7erli olacakt\u0131r.<\/p><h2>11. Gizlilik<\/h2><p>Web sitemize ve\/veya hizmetlerimize eri\u015fmek i\u00e7in, kay\u0131t s\u00fcrecinin bir par\u00e7as\u0131 olarak kendiniz hakk\u0131nda belirli bilgiler vermeniz gerekebilir. Sa\u011flad\u0131\u011f\u0131n\u0131z bilgilerin her zaman do\u011fru, kesin ve g\u00fcncel olaca\u011f\u0131n\u0131 kabul edersiniz.<\/p><p>Sahip olabilece\u011finiz gizlilik endi\u015felerini gidermek i\u00e7in bir politika geli\u015ftirdik. Daha fazla bilgi i\u00e7in l\u00fctfen <a href=\"https:\/\/www.langir.com\/tr\/privacy-policy\/\">Gizlilik Bildirimi<\/a> ve bizim <a href=\"\">\u00c7erez Politikas\u0131<\/a>.<\/p><h2>12. \u0130hracat k\u0131s\u0131tlamalar\u0131 \/ Yasal uyumluluk<\/h2><p>\u0130\u00e7eri\u011fin veya web sitesinde sat\u0131lan \u00fcr\u00fcn veya Hizmetlerin sat\u0131n al\u0131nmas\u0131n\u0131n yasa d\u0131\u015f\u0131 oldu\u011fu b\u00f6lgelerden veya \u00fclkelerden web sitesine eri\u015fim yasakt\u0131r. Bu web sitesini \u00c7in'in ihracat yasalar\u0131n\u0131 ve d\u00fczenlemelerini ihlal edecek \u015fekilde kullanamazs\u0131n\u0131z.<\/p><h2>13. Atama<\/h2><p>\u00d6nceden yaz\u0131l\u0131 iznimiz olmadan bu H\u00fck\u00fcm ve ko\u015fullar kapsam\u0131ndaki hak ve\/veya y\u00fck\u00fcml\u00fcl\u00fcklerinizi k\u0131smen veya tamamen herhangi bir \u00fc\u00e7\u00fcnc\u00fc tarafa devredemez, aktaramaz veya alt s\u00f6zle\u015fme yapamazs\u0131n\u0131z. Bu B\u00f6l\u00fcm\u00fc ihlal eden herhangi bir s\u00f6zde devir ge\u00e7ersiz ve h\u00fck\u00fcms\u00fcz olacakt\u0131r.<\/p><h2>14. Bu H\u00fck\u00fcm ve ko\u015fullar\u0131n ihlali<\/h2><p>Bu H\u00fck\u00fcm ve Ko\u015fullar kapsam\u0131ndaki di\u011fer haklar\u0131m\u0131za halel getirmeksizin, bu H\u00fck\u00fcm ve Ko\u015fullar\u0131 herhangi bir \u015fekilde ihlal etmeniz halinde, web sitesine eri\u015fiminizi ge\u00e7ici veya kal\u0131c\u0131 olarak ask\u0131ya almak, internet servis sa\u011flay\u0131c\u0131n\u0131zla ileti\u015fime ge\u00e7erek web sitesine eri\u015fiminizi engellemelerini talep etmek ve\/veya size kar\u015f\u0131 yasal i\u015flem ba\u015flatmak da dahil olmak \u00fczere, ihlalle ba\u015fa \u00e7\u0131kmak i\u00e7in uygun g\u00f6rd\u00fc\u011f\u00fcm\u00fcz \u00f6nlemleri alabiliriz.<\/p><h2>15. M\u00fccbir sebepler<\/h2><p>\u0130\u015fbu S\u00f6zle\u015fme kapsam\u0131ndaki para \u00f6deme y\u00fck\u00fcml\u00fcl\u00fckleri hari\u00e7 olmak \u00fczere, taraflardan birinin i\u015fbu S\u00f6zle\u015fme kapsam\u0131ndaki y\u00fck\u00fcml\u00fcl\u00fcklerinden herhangi birini yerine getirmesi veya bunlara riayet etmesindeki hi\u00e7bir gecikme, ba\u015far\u0131s\u0131zl\u0131k veya ihmal, s\u00f6z konusu gecikme, ba\u015far\u0131s\u0131zl\u0131k veya ihmalin s\u00f6z konusu taraf\u0131n makul kontrol\u00fc d\u0131\u015f\u0131ndaki herhangi bir nedenden kaynaklanmas\u0131 halinde ve kaynakland\u0131\u011f\u0131 s\u00fcrece, i\u015fbu H\u00fck\u00fcm ve ko\u015fullar\u0131n ihlali olarak kabul edilmeyecektir.<\/p><h2>16. Tazminat<\/h2><p>Bu H\u00fck\u00fcm ve ko\u015fullar\u0131 ve fikri m\u00fclkiyet haklar\u0131 ve gizlilik haklar\u0131 da dahil olmak \u00fczere y\u00fcr\u00fcrl\u00fckteki yasalar\u0131 ihlal etmenizle ilgili her t\u00fcrl\u00fc iddia, y\u00fck\u00fcml\u00fcl\u00fck, zarar, kay\u0131p ve masraflara kar\u015f\u0131 bizi tazmin etmeyi, savunmay\u0131 ve zarars\u0131z tutmay\u0131 kabul edersiniz. Bu t\u00fcr iddialarla ilgili veya bunlardan kaynaklanan zararlar\u0131m\u0131z\u0131, kay\u0131plar\u0131m\u0131z\u0131, masraflar\u0131m\u0131z\u0131 ve harcamalar\u0131m\u0131z\u0131 derhal bize geri \u00f6deyeceksiniz.<\/p><h2>17. Feragat<\/h2><p>Bu H\u00fck\u00fcm ve Ko\u015fullarda ve herhangi bir S\u00f6zle\u015fmede belirtilen h\u00fck\u00fcmlerden herhangi birinin uygulanmamas\u0131 veya herhangi bir fesih se\u00e7ene\u011finin kullan\u0131lmamas\u0131, s\u00f6z konusu h\u00fck\u00fcmlerden feragat edildi\u011fi \u015feklinde yorumlanmayacak ve bu H\u00fck\u00fcm ve Ko\u015fullar\u0131n veya herhangi bir S\u00f6zle\u015fmenin veya herhangi bir b\u00f6l\u00fcm\u00fcn\u00fcn ge\u00e7erlili\u011fini veya daha sonra her bir h\u00fckm\u00fc uygulama hakk\u0131n\u0131 etkilemeyecektir.<\/p><h2>18. Dil<\/h2><p>Bu H\u00fck\u00fcm ve Ko\u015fullar yaln\u0131zca \u0130ngilizce olarak yorumlanacak ve yorumlanacakt\u0131r. T\u00fcm bildirimler ve yaz\u0131\u015fmalar yaln\u0131zca bu dilde yaz\u0131lacakt\u0131r.<\/p><h2>19. S\u00f6zle\u015fmenin tamam\u0131<\/h2><p>Bu H\u00fck\u00fcm ve Ko\u015fullar ile birlikte <a href=\"https:\/\/www.langir.com\/tr\/privacy-policy\/\">gi\u0307zli\u0307li\u0307k bi\u0307ldi\u0307ri\u0307mi\u0307<\/a> ve <a href=\"\">\u00e7erez poli\u0307ti\u0307kasi<\/a>bu web sitesini kullan\u0131m\u0131n\u0131zla ilgili olarak siz ve Yueqing Langir Electric Co, Ltd aras\u0131ndaki s\u00f6zle\u015fmenin tamam\u0131n\u0131 te\u015fkil eder.<\/p><h2>20. Bu H\u00fck\u00fcm ve Ko\u015fullar\u0131n G\u00fcncellenmesi<\/h2><p>Bu H\u00fck\u00fcm ve Ko\u015fullar\u0131 zaman zaman g\u00fcncelleyebiliriz. De\u011fi\u015fiklikler veya g\u00fcncellemeler i\u00e7in bu H\u00fck\u00fcm ve Ko\u015fullar\u0131 periyodik olarak kontrol etmek sizin y\u00fck\u00fcml\u00fcl\u00fc\u011f\u00fcn\u00fczd\u00fcr. Bu H\u00fck\u00fcm ve Ko\u015fullar\u0131n ba\u015f\u0131nda verilen tarih, en son revizyon tarihidir. Bu H\u00fck\u00fcm ve Ko\u015fullarda yap\u0131lan de\u011fi\u015fiklikler, s\u00f6z konusu de\u011fi\u015fikliklerin bu web sitesinde yay\u0131nlanmas\u0131yla birlikte y\u00fcr\u00fcrl\u00fc\u011fe girecektir. De\u011fi\u015fikliklerin veya g\u00fcncellemelerin yay\u0131nlanmas\u0131n\u0131n ard\u0131ndan bu web sitesini kullanmaya devam etmeniz, bu H\u00fck\u00fcm ve Ko\u015fullara uymay\u0131 ve bunlara ba\u011fl\u0131 kalmay\u0131 kabul etti\u011finizin bildirimi olarak kabul edilecektir.<\/p><h2>21. Hukuk Se\u00e7imi ve Yarg\u0131 Yetkisi<\/h2><p>Bu H\u00fck\u00fcm ve Ko\u015fullar \u00c7in yasalar\u0131na tabi olacakt\u0131r. Bu H\u00fck\u00fcm ve Ko\u015fullarla ilgili her t\u00fcrl\u00fc ihtilaf \u00c7in mahkemelerinin yarg\u0131 yetkisine tabi olacakt\u0131r. Bu H\u00fck\u00fcm ve Ko\u015fullar\u0131n herhangi bir b\u00f6l\u00fcm\u00fcn\u00fcn veya h\u00fckm\u00fcn\u00fcn bir mahkeme veya ba\u015fka bir makam taraf\u0131ndan y\u00fcr\u00fcrl\u00fckteki yasalar uyar\u0131nca ge\u00e7ersiz ve\/veya uygulanamaz oldu\u011fu tespit edilirse, s\u00f6z konusu b\u00f6l\u00fcm veya h\u00fck\u00fcm, bu H\u00fck\u00fcm ve Ko\u015fullar\u0131n amac\u0131na etki etmek i\u00e7in izin verilen azami \u00f6l\u00e7\u00fcde de\u011fi\u015ftirilecek, silinecek ve\/veya uygulanacakt\u0131r. Di\u011fer h\u00fck\u00fcmler etkilenmeyecektir.<\/p><h2>22. \u0130leti\u015fim bilgileri<\/h2><p>Bu web sitesi Yueqing Langir Electric Co. Ltd. \u015firketine aittir ve onun taraf\u0131ndan i\u015fletilmektedir.<\/p><p>Bu H\u00fck\u00fcm ve Ko\u015fullar ile ilgili olarak bizimle a\u015fa\u011f\u0131daki yollardan ileti\u015fime ge\u00e7ebilirsiniz <a href=\"https:\/\/www.langir.com\/tr\/contact\/\">\u0130leti\u015fim<\/a> Sayfa.<\/p><h2>23. \u0130ndir<\/h2><p>Ayr\u0131ca \u015funlar\u0131 da yapabilirsiniz <a href=\"https:\/\/www.langir.com\/wp-content\/plugins\/complianz-terms-conditions\/download.php\">\u0130ndir<\/a> \u015eartlar ve Ko\u015fullar\u0131m\u0131z PDF olarak.<\/p><\/div>\n\n\t\t<\/div>\n\t<\/div>\n\n<div class=\"vc-zigzag-wrapper vc-zigzag-align-center\"><div class=\"vc-zigzag-inner\" style=\"width: 100%;min-height: 14px;background: 0 repeat-x url(&#039;data:image\/svg+xml;utf-8,%3C%3Fxml%20version%3D%221.0%22%20encoding%3D%22utf-8%22%3F%3E%3C%21DOCTYPE%20svg%20PUBLIC%20%22-%2F%2FW3C%2F%2FDTD%20SVG%201.1%2F%2FEN%22%20%22http%3A%2F%2Fwww.w3.org%2FGraphics%2FSVG%2F1.1%2FDTD%2Fsvg11.dtd%22%3E%3Csvg%20width%3D%2214px%22%20height%3D%2212px%22%20viewBox%3D%220%200%2018%2015%22%20version%3D%221.1%22%20xmlns%3D%22http%3A%2F%2Fwww.w3.org%2F2000%2Fsvg%22%20xmlns%3Axlink%3D%22http%3A%2F%2Fwww.w3.org%2F1999%2Fxlink%22%3E%3Cpolygon%20id%3D%22Combined-Shape%22%20fill%3D%22%23ebebeb%22%20points%3D%228.98762301%200%200%209.12771969%200%2014.519983%209%205.40479869%2018%2014.519983%2018%209.12771969%22%3E%3C%2Fpolygon%3E%3C%2Fsvg%3E&#039;);\"><\/div><\/div>\n\t<div class=\"wpb_text_column wpb_content_element\" >\n\t\t<div class=\"wpb_wrapper\">\n\t\t\t<p><iframe style=\"width: 100%; border: none;\" title=\"G\u00f6m\u00fcl\u00fc Wufoo Formu\" src=\"https:\/\/langir.wufoo.com\/embed\/zcdgace1ql3iv4\/\" height=\"766\" frameborder=\"0\" scrolling=\"no\" sandbox=\"allow-popups-to-escape-sandbox allow-top-navigation allow-scripts allow-popups allow-forms allow-same-origin\"> <a href=\"https:\/\/langir.wufoo.com\/forms\/zcdgace1ql3iv4\/\" target=\"_blank\" rel=\"noopener\">Wufoo formumu doldurun!<\/a> <\/iframe><\/p>\n\n\t\t<\/div>\n\t<\/div>\n<\/div><\/div><\/div><\/div>\n<\/div>","protected":false},"excerpt":{"rendered":"The Terms and Conditions were last updated on February 9, 20231. IntroductionThese Terms and conditions apply to this website and to the transactions related to our products and services.&nbsp;You may be bound by additional contracts related to your relationship with us or any products or services that you receive from us.&nbsp;If any provisions of the [...]","protected":false},"author":1,"featured_media":0,"parent":0,"menu_order":10,"comment_status":"closed","ping_status":"closed","template":"page-default.php","meta":{"_acf_changed":false,"footnotes":""},"class_list":["post-8990","page","type-page","status-publish","hentry","entry"],"acf":[],"post_mailing_queue_ids":[],"_links":{"self":[{"href":"https:\/\/www.langir.com\/tr\/wp-json\/wp\/v2\/pages\/8990","targetHints":{"allow":["GET"]}}],"collection":[{"href":"https:\/\/www.langir.com\/tr\/wp-json\/wp\/v2\/pages"}],"about":[{"href":"https:\/\/www.langir.com\/tr\/wp-json\/wp\/v2\/types\/page"}],"author":[{"embeddable":true,"href":"https:\/\/www.langir.com\/tr\/wp-json\/wp\/v2\/users\/1"}],"replies":[{"embeddable":true,"href":"https:\/\/www.langir.com\/tr\/wp-json\/wp\/v2\/comments?post=8990"}],"version-history":[{"count":3,"href":"https:\/\/www.langir.com\/tr\/wp-json\/wp\/v2\/pages\/8990\/revisions"}],"predecessor-version":[{"id":16488,"href":"https:\/\/www.langir.com\/tr\/wp-json\/wp\/v2\/pages\/8990\/revisions\/16488"}],"wp:attachment":[{"href":"https:\/\/www.langir.com\/tr\/wp-json\/wp\/v2\/media?parent=8990"}],"curies":[{"name":"wp","href":"https:\/\/api.w.org\/{rel}","templated":true}]}}